{"id":14034,"date":"2022-03-18T22:27:09","date_gmt":"2022-03-18T21:27:09","guid":{"rendered":"https:\/\/3-mmckopen.nl\/?post_type=product&#038;p=14034"},"modified":"2025-07-21T13:35:28","modified_gmt":"2025-07-21T11:35:28","slug":"san-pedro-t-bridgesii-zaden","status":"publish","type":"product","link":"https:\/\/3-mmckopen.nl\/pl\/3mmc-kopen\/shop\/smartshop\/cactussen\/san-pedro-t-bridgesii-zaden\/","title":{"rendered":"Nasiona San Pedro T bridgesii"},"content":{"rendered":"<h1>San Pedro T bridgesii zaden kopen \u2013 100 stuks<\/h1>\n<p>Te specjalne nasiona kaktusa umo\u017cliwiaj\u0105 w\u0142asnor\u0119czn\u0105 upraw\u0119 kaktus\u00f3w meskalinowych. Wa\u017cne jest, aby kupi\u0107 w tym celu narz\u0119dzia uprawowe. Zanim b\u0119dzie mo\u017cna je zebra\u0107 na wycieczk\u0119, minie kilka lat.<\/p>\n<p>Meskalina jest naturaln\u0105 substancj\u0105 psychoaktywn\u0105 zdoln\u0105 wywo\u0142ywa\u0107 bardzo silne wizje i halucynacje. San Pedro (Achuma) to kaktus z rodziny trichocereus, zawieraj\u0105cy wysokie st\u0119\u017cenia pot\u0119\u017cnej substancji rozszerzaj\u0105cej umys\u0142, meskaliny. Stosowanie kaktusa rozpocz\u0119\u0142o si\u0119 6000 lat temu, co czyni go pierwszym psychodelikiem zastosowanym na \u015bwiecie, ale oczywi\u015bcie nie mo\u017cna tego stwierdzi\u0107 z ca\u0142\u0105 pewno\u015bci\u0105 100%.<\/p>\n<h3>Efekty:<\/h3>\n<p>Ze wzgl\u0119du na silne halucynacje oraz zmiany w obserwacjach i percepcji, kaktus San Pedro nie jest kaktusem do u\u017cytku rekreacyjnego, oto kilka efekt\u00f3w, kt\u00f3re mog\u0105 wyst\u0105pi\u0107:<\/p>\n<ul>\n<li>Zmiany w postrzeganiu<\/li>\n<li>Wzrost umiej\u0119tno\u015bci my\u015blenia w zakresie rozwi\u0105zywania problem\u00f3w<\/li>\n<li>Poj\u0119cie czasu i przestrzeni zanika<\/li>\n<li>Wra\u017cliwy na bod\u017ace zewn\u0119trzne<\/li>\n<li>Potr\u00f3jne zwi\u0119kszenie zmys\u0142\u00f3w<\/li>\n<li>Kolorowe i realistyczne wizje<\/li>\n<li>Zniekszta\u0142canie obiekt\u00f3w<\/li>\n<\/ul>","protected":false},"excerpt":{"rendered":"<p>San Pedro T bridgesii zaden kopen \u2013 100 stuks Deze bijzondere cactus zaden maken het mogelijk om zelf mescaline cacti te kweken. Het is wel belangrijk om hier kweek gereedschap voor aan te schaffen. Het duurt een paar jaar voordat deze geoogst kunnen worden voor een trip. Mescaline is een natuurlijke psycho-active stof die in [&hellip;]<\/p>\n","protected":false},"featured_media":14077,"comment_status":"closed","ping_status":"closed","template":"","meta":{"site-sidebar-layout":"default","site-content-layout":"default","ast-site-content-layout":"default","site-content-style":"default","site-sidebar-style":"default","ast-global-header-display":"","ast-banner-title-visibility":"","ast-main-header-display":"","ast-hfb-above-header-display":"","ast-hfb-below-header-display":"","ast-hfb-mobile-header-display":"","site-post-title":"","ast-breadcrumbs-content":"","ast-featured-img":"","footer-sml-layout":"","theme-transparent-header-meta":"default","adv-header-id-meta":"","stick-header-meta":"","header-above-stick-meta":"","header-main-stick-meta":"","header-below-stick-meta":"","astra-migrate-meta-layouts":"default","ast-page-background-enabled":"default","ast-page-background-meta":{"desktop":{"background-color":"","background-image":"","background-repeat":"repeat","background-position":"center center","background-size":"auto","background-attachment":"scroll","background-type":"","background-media":"","overlay-type":"","overlay-color":"","overlay-opacity":"","overlay-gradient":""},"tablet":{"background-color":"","background-image":"","background-repeat":"repeat","background-position":"center center","background-size":"auto","background-attachment":"scroll","background-type":"","background-media":"","overlay-type":"","overlay-color":"","overlay-opacity":"","overlay-gradient":""},"mobile":{"background-color":"","background-image":"","background-repeat":"repeat","background-position":"center center","background-size":"auto","background-attachment":"scroll","background-type":"","background-media":"","overlay-type":"","overlay-color":"","overlay-opacity":"","overlay-gradient":""}},"ast-content-background-meta":{"desktop":{"background-color":"var(--ast-global-color-5)","background-image":"","background-repeat":"repeat","background-position":"center center","background-size":"auto","background-attachment":"scroll","background-type":"","background-media":"","overlay-type":"","overlay-color":"","overlay-opacity":"","overlay-gradient":""},"tablet":{"background-color":"var(--ast-global-color-5)","background-image":"","background-repeat":"repeat","background-position":"center center","background-size":"auto","background-attachment":"scroll","background-type":"","background-media":"","overlay-type":"","overlay-color":"","overlay-opacity":"","overlay-gradient":""},"mobile":{"background-color":"var(--ast-global-color-5)","background-image":"","background-repeat":"repeat","background-position":"center center","background-size":"auto","background-attachment":"scroll","background-type":"","background-media":"","overlay-type":"","overlay-color":"","overlay-opacity":"","overlay-gradient":""}}},"product_brand":[],"product_cat":[20352,20309],"product_tag":[20353],"class_list":{"0":"post-14034","1":"product","2":"type-product","3":"status-publish","4":"has-post-thumbnail","6":"product_cat-cactussen","7":"product_cat-smartshop","8":"product_tag-cactussen","9":"desktop-align-center","10":"tablet-align-center","11":"mobile-align-center","13":"first","14":"instock","15":"shipping-taxable","16":"purchasable","17":"product-type-simple"},"yoast_head":"<!-- This site is optimized with the Yoast SEO plugin v27.4 - https:\/\/yoast.com\/product\/yoast-seo-wordpress\/ -->\n<title>San Pedro T bridgesii zaden Kopen? - Op=Op- 3MMC kopen<\/title>\n<meta name=\"description\" content=\"Bij 3MMC kopen kun je gemakkelijk en snel San Pedro T bridgesii zaden bestellen en morgen al onderzoeken! Voor 17:00 besteld is vandaag al verzonden. Wees er snel bij.\" \/>\n<meta name=\"robots\" content=\"index, follow, max-snippet:-1, max-image-preview:large, max-video-preview:-1\" \/>\n<link rel=\"canonical\" href=\"https:\/\/3-mmckopen.nl\/pl\/3mmc-kopen\/shop\/smartshop\/cactussen\/san-pedro-t-bridgesii-zaden\/\" \/>\n<meta property=\"og:locale\" content=\"pl_PL\" \/>\n<meta property=\"og:type\" content=\"article\" \/>\n<meta property=\"og:title\" content=\"San Pedro T bridgesii zaden Kopen? - Op=Op- 3MMC kopen\" \/>\n<meta property=\"og:description\" content=\"Bij 3MMC kopen kun je gemakkelijk en snel San Pedro T bridgesii zaden bestellen en morgen al onderzoeken! Voor 17:00 besteld is vandaag al verzonden. Wees er snel bij.\" \/>\n<meta property=\"og:url\" content=\"https:\/\/3-mmckopen.nl\/pl\/3mmc-kopen\/shop\/smartshop\/cactussen\/san-pedro-t-bridgesii-zaden\/\" \/>\n<meta property=\"og:site_name\" content=\"3MMC kopen\" \/>\n<meta property=\"article:modified_time\" content=\"2025-07-21T11:35:28+00:00\" \/>\n<meta property=\"og:image\" content=\"https:\/\/3-mmckopen.nl\/wp-content\/uploads\/2022\/03\/San-pedro-bridgesii-600x600-1.jpg\" \/>\n\t<meta property=\"og:image:width\" content=\"600\" \/>\n\t<meta property=\"og:image:height\" content=\"600\" \/>\n\t<meta property=\"og:image:type\" content=\"image\/jpeg\" \/>\n<meta name=\"twitter:card\" content=\"summary_large_image\" \/>\n<meta name=\"twitter:label1\" content=\"Szacowany czas czytania\" \/>\n\t<meta name=\"twitter:data1\" content=\"1 minuta\" \/>\n<script type=\"application\/ld+json\" class=\"yoast-schema-graph\">{\"@context\":\"https:\\\/\\\/schema.org\",\"@graph\":[{\"@type\":\"WebPage\",\"@id\":\"https:\\\/\\\/3-mmckopen.nl\\\/3mmc-kopen\\\/shop\\\/smartshop\\\/cactussen\\\/san-pedro-t-bridgesii-zaden\\\/\",\"url\":\"https:\\\/\\\/3-mmckopen.nl\\\/3mmc-kopen\\\/shop\\\/smartshop\\\/cactussen\\\/san-pedro-t-bridgesii-zaden\\\/\",\"name\":\"San Pedro T bridgesii zaden Kopen? - Op=Op- 3MMC kopen\",\"isPartOf\":{\"@id\":\"https:\\\/\\\/3-mmckopen.nl\\\/#website\"},\"primaryImageOfPage\":{\"@id\":\"https:\\\/\\\/3-mmckopen.nl\\\/3mmc-kopen\\\/shop\\\/smartshop\\\/cactussen\\\/san-pedro-t-bridgesii-zaden\\\/#primaryimage\"},\"image\":{\"@id\":\"https:\\\/\\\/3-mmckopen.nl\\\/3mmc-kopen\\\/shop\\\/smartshop\\\/cactussen\\\/san-pedro-t-bridgesii-zaden\\\/#primaryimage\"},\"thumbnailUrl\":\"https:\\\/\\\/3-mmckopen.nl\\\/wp-content\\\/uploads\\\/2022\\\/03\\\/San-pedro-bridgesii-600x600-1.jpg\",\"datePublished\":\"2022-03-18T21:27:09+00:00\",\"dateModified\":\"2025-07-21T11:35:28+00:00\",\"description\":\"Bij 3MMC kopen kun je gemakkelijk en snel San Pedro T bridgesii zaden bestellen en morgen al onderzoeken! Voor 17:00 besteld is vandaag al verzonden. Wees er snel bij.\",\"breadcrumb\":{\"@id\":\"https:\\\/\\\/3-mmckopen.nl\\\/3mmc-kopen\\\/shop\\\/smartshop\\\/cactussen\\\/san-pedro-t-bridgesii-zaden\\\/#breadcrumb\"},\"inLanguage\":\"pl-PL\",\"potentialAction\":[{\"@type\":\"ReadAction\",\"target\":[\"https:\\\/\\\/3-mmckopen.nl\\\/3mmc-kopen\\\/shop\\\/smartshop\\\/cactussen\\\/san-pedro-t-bridgesii-zaden\\\/\"]}]},{\"@type\":\"ImageObject\",\"inLanguage\":\"pl-PL\",\"@id\":\"https:\\\/\\\/3-mmckopen.nl\\\/3mmc-kopen\\\/shop\\\/smartshop\\\/cactussen\\\/san-pedro-t-bridgesii-zaden\\\/#primaryimage\",\"url\":\"https:\\\/\\\/3-mmckopen.nl\\\/wp-content\\\/uploads\\\/2022\\\/03\\\/San-pedro-bridgesii-600x600-1.jpg\",\"contentUrl\":\"https:\\\/\\\/3-mmckopen.nl\\\/wp-content\\\/uploads\\\/2022\\\/03\\\/San-pedro-bridgesii-600x600-1.jpg\",\"width\":600,\"height\":600},{\"@type\":\"BreadcrumbList\",\"@id\":\"https:\\\/\\\/3-mmckopen.nl\\\/3mmc-kopen\\\/shop\\\/smartshop\\\/cactussen\\\/san-pedro-t-bridgesii-zaden\\\/#breadcrumb\",\"itemListElement\":[{\"@type\":\"ListItem\",\"position\":1,\"name\":\"Home\",\"item\":\"https:\\\/\\\/3-mmckopen.nl\\\/\"},{\"@type\":\"ListItem\",\"position\":2,\"name\":\"Winkel\",\"item\":\"https:\\\/\\\/3-mmckopen.nl\\\/winkel\\\/\"},{\"@type\":\"ListItem\",\"position\":3,\"name\":\"San Pedro T bridgesii zaden\"}]},{\"@type\":\"WebSite\",\"@id\":\"https:\\\/\\\/3-mmckopen.nl\\\/#website\",\"url\":\"https:\\\/\\\/3-mmckopen.nl\\\/\",\"name\":\"3MMC kopen\",\"description\":\"VOOR ALLE THUIS CHEMISI EN ONDERZOEKERS ONDER ONS\",\"publisher\":{\"@id\":\"https:\\\/\\\/3-mmckopen.nl\\\/#organization\"},\"potentialAction\":[{\"@type\":\"SearchAction\",\"target\":{\"@type\":\"EntryPoint\",\"urlTemplate\":\"https:\\\/\\\/3-mmckopen.nl\\\/?s={search_term_string}\"},\"query-input\":{\"@type\":\"PropertyValueSpecification\",\"valueRequired\":true,\"valueName\":\"search_term_string\"}}],\"inLanguage\":\"pl-PL\"},{\"@type\":\"Organization\",\"@id\":\"https:\\\/\\\/3-mmckopen.nl\\\/#organization\",\"name\":\"3mmc kopen\",\"url\":\"https:\\\/\\\/3-mmckopen.nl\\\/\",\"logo\":{\"@type\":\"ImageObject\",\"inLanguage\":\"pl-PL\",\"@id\":\"https:\\\/\\\/3-mmckopen.nl\\\/#\\\/schema\\\/logo\\\/image\\\/\",\"url\":\"https:\\\/\\\/3-mmckopen.nl\\\/wp-content\\\/uploads\\\/2024\\\/03\\\/3mmckopennl.webp\",\"contentUrl\":\"https:\\\/\\\/3-mmckopen.nl\\\/wp-content\\\/uploads\\\/2024\\\/03\\\/3mmckopennl.webp\",\"width\":300,\"height\":118,\"caption\":\"3mmc kopen\"},\"image\":{\"@id\":\"https:\\\/\\\/3-mmckopen.nl\\\/#\\\/schema\\\/logo\\\/image\\\/\"},\"sameAs\":[\"https:\\\/\\\/www.instagram.com\\\/dehuisprofessor\\\/\",\"https:\\\/\\\/nl.pinterest.com\\\/dehuisprofessor\\\/\",\"https:\\\/\\\/www.youtube.com\\\/channel\\\/UCsGzCVJiHsWLILEEHDzCNqA\"]}]}<\/script>\n<!-- \/ Yoast SEO plugin. -->","yoast_head_json":{"title":"San Pedro T bridgesii zaden Kopen? - Op=Op- 3MMC kopen","description":"Bij 3MMC kopen kun je gemakkelijk en snel San Pedro T bridgesii zaden bestellen en morgen al onderzoeken! Voor 17:00 besteld is vandaag al verzonden. Wees er snel bij.","robots":{"index":"index","follow":"follow","max-snippet":"max-snippet:-1","max-image-preview":"max-image-preview:large","max-video-preview":"max-video-preview:-1"},"canonical":"https:\/\/3-mmckopen.nl\/pl\/3mmc-kopen\/shop\/smartshop\/cactussen\/san-pedro-t-bridgesii-zaden\/","og_locale":"pl_PL","og_type":"article","og_title":"San Pedro T bridgesii zaden Kopen? - Op=Op- 3MMC kopen","og_description":"Bij 3MMC kopen kun je gemakkelijk en snel San Pedro T bridgesii zaden bestellen en morgen al onderzoeken! Voor 17:00 besteld is vandaag al verzonden. Wees er snel bij.","og_url":"https:\/\/3-mmckopen.nl\/pl\/3mmc-kopen\/shop\/smartshop\/cactussen\/san-pedro-t-bridgesii-zaden\/","og_site_name":"3MMC kopen","article_modified_time":"2025-07-21T11:35:28+00:00","og_image":[{"width":600,"height":600,"url":"https:\/\/3-mmckopen.nl\/wp-content\/uploads\/2022\/03\/San-pedro-bridgesii-600x600-1.jpg","type":"image\/jpeg"}],"twitter_card":"summary_large_image","twitter_misc":{"Szacowany czas czytania":"1 minuta"},"schema":{"@context":"https:\/\/schema.org","@graph":[{"@type":"WebPage","@id":"https:\/\/3-mmckopen.nl\/3mmc-kopen\/shop\/smartshop\/cactussen\/san-pedro-t-bridgesii-zaden\/","url":"https:\/\/3-mmckopen.nl\/3mmc-kopen\/shop\/smartshop\/cactussen\/san-pedro-t-bridgesii-zaden\/","name":"San Pedro T bridgesii zaden Kopen? - Op=Op- 3MMC kopen","isPartOf":{"@id":"https:\/\/3-mmckopen.nl\/#website"},"primaryImageOfPage":{"@id":"https:\/\/3-mmckopen.nl\/3mmc-kopen\/shop\/smartshop\/cactussen\/san-pedro-t-bridgesii-zaden\/#primaryimage"},"image":{"@id":"https:\/\/3-mmckopen.nl\/3mmc-kopen\/shop\/smartshop\/cactussen\/san-pedro-t-bridgesii-zaden\/#primaryimage"},"thumbnailUrl":"https:\/\/3-mmckopen.nl\/wp-content\/uploads\/2022\/03\/San-pedro-bridgesii-600x600-1.jpg","datePublished":"2022-03-18T21:27:09+00:00","dateModified":"2025-07-21T11:35:28+00:00","description":"Bij 3MMC kopen kun je gemakkelijk en snel San Pedro T bridgesii zaden bestellen en morgen al onderzoeken! Voor 17:00 besteld is vandaag al verzonden. Wees er snel bij.","breadcrumb":{"@id":"https:\/\/3-mmckopen.nl\/3mmc-kopen\/shop\/smartshop\/cactussen\/san-pedro-t-bridgesii-zaden\/#breadcrumb"},"inLanguage":"pl-PL","potentialAction":[{"@type":"ReadAction","target":["https:\/\/3-mmckopen.nl\/3mmc-kopen\/shop\/smartshop\/cactussen\/san-pedro-t-bridgesii-zaden\/"]}]},{"@type":"ImageObject","inLanguage":"pl-PL","@id":"https:\/\/3-mmckopen.nl\/3mmc-kopen\/shop\/smartshop\/cactussen\/san-pedro-t-bridgesii-zaden\/#primaryimage","url":"https:\/\/3-mmckopen.nl\/wp-content\/uploads\/2022\/03\/San-pedro-bridgesii-600x600-1.jpg","contentUrl":"https:\/\/3-mmckopen.nl\/wp-content\/uploads\/2022\/03\/San-pedro-bridgesii-600x600-1.jpg","width":600,"height":600},{"@type":"BreadcrumbList","@id":"https:\/\/3-mmckopen.nl\/3mmc-kopen\/shop\/smartshop\/cactussen\/san-pedro-t-bridgesii-zaden\/#breadcrumb","itemListElement":[{"@type":"ListItem","position":1,"name":"Home","item":"https:\/\/3-mmckopen.nl\/"},{"@type":"ListItem","position":2,"name":"Winkel","item":"https:\/\/3-mmckopen.nl\/winkel\/"},{"@type":"ListItem","position":3,"name":"San Pedro T bridgesii zaden"}]},{"@type":"WebSite","@id":"https:\/\/3-mmckopen.nl\/#website","url":"https:\/\/3-mmckopen.nl\/","name":"kup 3MMC","description":"DLA WSZYSTKICH DOMOWYCH CHEMIKALI I NAUKOWC\u00d3W W\u015aR\u00d3D NAS","publisher":{"@id":"https:\/\/3-mmckopen.nl\/#organization"},"potentialAction":[{"@type":"SearchAction","target":{"@type":"EntryPoint","urlTemplate":"https:\/\/3-mmckopen.nl\/?s={search_term_string}"},"query-input":{"@type":"PropertyValueSpecification","valueRequired":true,"valueName":"search_term_string"}}],"inLanguage":"pl-PL"},{"@type":"Organization","@id":"https:\/\/3-mmckopen.nl\/#organization","name":"3mmc kopen","url":"https:\/\/3-mmckopen.nl\/","logo":{"@type":"ImageObject","inLanguage":"pl-PL","@id":"https:\/\/3-mmckopen.nl\/#\/schema\/logo\/image\/","url":"https:\/\/3-mmckopen.nl\/wp-content\/uploads\/2024\/03\/3mmckopennl.webp","contentUrl":"https:\/\/3-mmckopen.nl\/wp-content\/uploads\/2024\/03\/3mmckopennl.webp","width":300,"height":118,"caption":"3mmc kopen"},"image":{"@id":"https:\/\/3-mmckopen.nl\/#\/schema\/logo\/image\/"},"sameAs":["https:\/\/www.instagram.com\/dehuisprofessor\/","https:\/\/nl.pinterest.com\/dehuisprofessor\/","https:\/\/www.youtube.com\/channel\/UCsGzCVJiHsWLILEEHDzCNqA"]}]}},"_links":{"self":[{"href":"https:\/\/3-mmckopen.nl\/pl\/wp-json\/wp\/v2\/product\/14034","targetHints":{"allow":["GET"]}}],"collection":[{"href":"https:\/\/3-mmckopen.nl\/pl\/wp-json\/wp\/v2\/product"}],"about":[{"href":"https:\/\/3-mmckopen.nl\/pl\/wp-json\/wp\/v2\/types\/product"}],"replies":[{"embeddable":true,"href":"https:\/\/3-mmckopen.nl\/pl\/wp-json\/wp\/v2\/comments?post=14034"}],"version-history":[{"count":0,"href":"https:\/\/3-mmckopen.nl\/pl\/wp-json\/wp\/v2\/product\/14034\/revisions"}],"wp:featuredmedia":[{"embeddable":true,"href":"https:\/\/3-mmckopen.nl\/pl\/wp-json\/wp\/v2\/media\/14077"}],"wp:attachment":[{"href":"https:\/\/3-mmckopen.nl\/pl\/wp-json\/wp\/v2\/media?parent=14034"}],"wp:term":[{"taxonomy":"product_brand","embeddable":true,"href":"https:\/\/3-mmckopen.nl\/pl\/wp-json\/wp\/v2\/product_brand?post=14034"},{"taxonomy":"product_cat","embeddable":true,"href":"https:\/\/3-mmckopen.nl\/pl\/wp-json\/wp\/v2\/product_cat?post=14034"},{"taxonomy":"product_tag","embeddable":true,"href":"https:\/\/3-mmckopen.nl\/pl\/wp-json\/wp\/v2\/product_tag?post=14034"}],"curies":[{"name":"wp","href":"https:\/\/api.w.org\/{rel}","templated":true}]}}