{"id":14042,"date":"2022-03-18T22:27:25","date_gmt":"2022-03-18T21:27:25","guid":{"rendered":"https:\/\/3-mmckopen.nl\/?post_type=product&#038;p=14042"},"modified":"2025-07-21T13:35:31","modified_gmt":"2025-07-21T11:35:31","slug":"white-borneo-kratom","status":"publish","type":"product","link":"https:\/\/3-mmckopen.nl\/pl\/3mmc-kopen\/shop\/smartshop\/kratom\/kratom-white\/white-borneo-kratom\/","title":{"rendered":"Bia\u0142y Borneo Kratom"},"content":{"rendered":"<h1 class=\"product_title entry-title\"><strong>White Borneo Kratom kopen<\/strong><\/h1>\n<p><strong>ZAWARTO\u015a\u0106: 50 GRAM\u00d3W<\/strong><\/p>\n<p>Witte Borneo Kratom verbetert vooral alle zintuigen. Het versterkt daarmee volgens gebruikers het concentratievermogen. Het zicht op onder andere werk wordt scherper en een veel gehoord woord bij gebruikers van deze witte kratom is \u2018focus\u2019. Die is bij een lage dosering overigens beter dan bij een hoge.<\/p>\n<p><strong>Meer informatie White Borneo Kratom<\/strong><\/p>\n<p>Volgens een onderzoek komt de zintuiglijke verbetering door de nootropische eigenschappen van kratom. Dat uit zich bij leren, motivatie en creativiteit. Het onderzoek meldt dat de witte Borneo een mix van opbeurende en vitaliserende effecten heeft. Die zouden bijdragen aan de productiviteit op werkdagen.<\/p>\n<p>Alle kratoms hebben min of meer dezelfde eigenschappen. De verschillen ontstaan onder andere door de grond waar de bomen groeien, de verwerking van de bladeren en dergelijke. Bij deze witte kratom valt dus vooral de zintuiglijke werking op. Dat effect laat zich gemakkelijk versterken door de kratom te gebruiken of mixen met bijvoorbeeld sinaasappelsap.<\/p>\n<p>De gunstige werking blijkt bij een lage dosering al plaats te vinden. Een onderzoek meldt al over effecten bij een verhouding van 20 mg kratom per kilogram lichaamsgewicht.<\/p>\n<p><strong>Stosowanie:<\/strong>\u00a0Przygotuj fili\u017cank\u0119 herbaty z tego preparatu zio\u0142owego, rozpuszczaj\u0105c 4 do 5 gram\u00f3w w przegotowanej wodzie o temperaturze 70 \u2013 95 stopni. Zalecany czas ci\u0105gni\u0119cia wynosi od 3 do 5 minut. Herbaty nie trzeba filtrowa\u0107, mo\u017cna pi\u0107 wszystko.<\/p>\n<p><strong>Ostrze\u017cenie:<\/strong><\/p>\n<p>Sprzeda\u017c i u\u017cytkowanie zabronione poni\u017cej 18 roku \u017cycia. Trzyma\u0107 poza zasi\u0119giem dzieci. Nie stosowa\u0107 je\u015bli masz wysokie lub niskie ci\u015bnienie krwi, dolegliwo\u015bci serca i\/lub p\u0142uc, cukrzyc\u0119, ci\u0105\u017c\u0119, je\u015bli bierzesz leki, narkotyki lub alkohol.<\/p>\n<p><strong>Rekomendowana dawka:<\/strong>\u00a04 do 5 gram\u00f3w<\/p>\n<p><strong>Dawkowanie:<\/strong><\/p>\n<p>Opr\u00f3cz masy cia\u0142a i wra\u017cliwo\u015bci, dawkowanie zale\u017cy r\u00f3wnie\u017c w du\u017cym stopniu od si\u0142y kratomu. Zwykle dla niedo\u015bwiadczonych u\u017cytkownik\u00f3w wystarczy 5-10 gram\u00f3w suszonych li\u015bci. Dawk\u0119 mo\u017cna nieco zmniejszy\u0107 w przypadku proszku kratomu, kt\u00f3ry jest zwykle silniejszy ni\u017c zwyk\u0142e li\u015bcie (3-5 gram\u00f3w). To samo tyczy si\u0119 ekstraktu. Kratom nie uzale\u017cnia, je\u015bli stosowany jest w spos\u00f3b odpowiedzialny i nie cz\u0119\u015bciej ni\u017c raz lub dwa razy w miesi\u0105cu. Bardziej do\u015bwiadczeni u\u017cytkownicy po pewnym czasie odczuj\u0105 potrzeb\u0119 zwi\u0119kszenia dawki.<\/p>","protected":false},"excerpt":{"rendered":"<p>White Borneo Kratom kopen INHOUD: 50 GRAM Witte Borneo Kratom verbetert vooral alle zintuigen. Het versterkt daarmee volgens gebruikers het concentratievermogen. Het zicht op onder andere werk wordt scherper en een veel gehoord woord bij gebruikers van deze witte kratom is \u2018focus\u2019. Die is bij een lage dosering overigens beter dan bij een hoge. Meer [&hellip;]<\/p>\n","protected":false},"featured_media":14095,"comment_status":"closed","ping_status":"closed","template":"","meta":{"site-sidebar-layout":"default","site-content-layout":"default","ast-site-content-layout":"default","site-content-style":"default","site-sidebar-style":"default","ast-global-header-display":"","ast-banner-title-visibility":"","ast-main-header-display":"","ast-hfb-above-header-display":"","ast-hfb-below-header-display":"","ast-hfb-mobile-header-display":"","site-post-title":"","ast-breadcrumbs-content":"","ast-featured-img":"","footer-sml-layout":"","theme-transparent-header-meta":"default","adv-header-id-meta":"","stick-header-meta":"","header-above-stick-meta":"","header-main-stick-meta":"","header-below-stick-meta":"","astra-migrate-meta-layouts":"default","ast-page-background-enabled":"default","ast-page-background-meta":{"desktop":{"background-color":"","background-image":"","background-repeat":"repeat","background-position":"center center","background-size":"auto","background-attachment":"scroll","background-type":"","background-media":"","overlay-type":"","overlay-color":"","overlay-opacity":"","overlay-gradient":""},"tablet":{"background-color":"","background-image":"","background-repeat":"repeat","background-position":"center center","background-size":"auto","background-attachment":"scroll","background-type":"","background-media":"","overlay-type":"","overlay-color":"","overlay-opacity":"","overlay-gradient":""},"mobile":{"background-color":"","background-image":"","background-repeat":"repeat","background-position":"center center","background-size":"auto","background-attachment":"scroll","background-type":"","background-media":"","overlay-type":"","overlay-color":"","overlay-opacity":"","overlay-gradient":""}},"ast-content-background-meta":{"desktop":{"background-color":"var(--ast-global-color-5)","background-image":"","background-repeat":"repeat","background-position":"center center","background-size":"auto","background-attachment":"scroll","background-type":"","background-media":"","overlay-type":"","overlay-color":"","overlay-opacity":"","overlay-gradient":""},"tablet":{"background-color":"var(--ast-global-color-5)","background-image":"","background-repeat":"repeat","background-position":"center center","background-size":"auto","background-attachment":"scroll","background-type":"","background-media":"","overlay-type":"","overlay-color":"","overlay-opacity":"","overlay-gradient":""},"mobile":{"background-color":"var(--ast-global-color-5)","background-image":"","background-repeat":"repeat","background-position":"center center","background-size":"auto","background-attachment":"scroll","background-type":"","background-media":"","overlay-type":"","overlay-color":"","overlay-opacity":"","overlay-gradient":""}}},"product_brand":[],"product_cat":[20356,20362,20309],"product_tag":[20359,20363],"class_list":{"0":"post-14042","1":"product","2":"type-product","3":"status-publish","4":"has-post-thumbnail","6":"product_cat-kratom","7":"product_cat-kratom-white","8":"product_cat-smartshop","9":"product_tag-kratom","10":"product_tag-white-kratom","11":"desktop-align-center","12":"tablet-align-center","13":"mobile-align-center","15":"first","16":"outofstock","17":"shipping-taxable","18":"purchasable","19":"product-type-simple"},"yoast_head":"<!-- This site is optimized with the Yoast SEO plugin v27.4 - https:\/\/yoast.com\/product\/yoast-seo-wordpress\/ -->\n<title>White Borneo Kratom Kopen? - Op=Op- 3MMC kopen<\/title>\n<meta name=\"description\" content=\"Bij 3MMC kopen kun je gemakkelijk en snel White Borneo Kratom bestellen en morgen al onderzoeken! Voor 17:00 besteld is vandaag al verzonden. Wees er snel bij.\" \/>\n<meta name=\"robots\" content=\"index, follow, max-snippet:-1, max-image-preview:large, max-video-preview:-1\" \/>\n<link rel=\"canonical\" href=\"https:\/\/3-mmckopen.nl\/pl\/3mmc-kopen\/shop\/smartshop\/kratom\/kratom-white\/white-borneo-kratom\/\" \/>\n<meta property=\"og:locale\" content=\"pl_PL\" \/>\n<meta property=\"og:type\" content=\"article\" \/>\n<meta property=\"og:title\" content=\"White Borneo Kratom Kopen? - Op=Op- 3MMC kopen\" \/>\n<meta property=\"og:description\" content=\"Bij 3MMC kopen kun je gemakkelijk en snel White Borneo Kratom bestellen en morgen al onderzoeken! Voor 17:00 besteld is vandaag al verzonden. Wees er snel bij.\" \/>\n<meta property=\"og:url\" content=\"https:\/\/3-mmckopen.nl\/pl\/3mmc-kopen\/shop\/smartshop\/kratom\/kratom-white\/white-borneo-kratom\/\" \/>\n<meta property=\"og:site_name\" content=\"3MMC kopen\" \/>\n<meta property=\"article:modified_time\" content=\"2025-07-21T11:35:31+00:00\" \/>\n<meta property=\"og:image\" content=\"https:\/\/3-mmckopen.nl\/wp-content\/uploads\/2022\/03\/3868-2-600x600-1.jpg\" \/>\n\t<meta property=\"og:image:width\" content=\"600\" \/>\n\t<meta property=\"og:image:height\" content=\"600\" \/>\n\t<meta property=\"og:image:type\" content=\"image\/jpeg\" \/>\n<meta name=\"twitter:card\" content=\"summary_large_image\" \/>\n<meta name=\"twitter:label1\" content=\"Szacowany czas czytania\" \/>\n\t<meta name=\"twitter:data1\" content=\"2 minuty\" \/>\n<script type=\"application\/ld+json\" class=\"yoast-schema-graph\">{\"@context\":\"https:\\\/\\\/schema.org\",\"@graph\":[{\"@type\":\"WebPage\",\"@id\":\"https:\\\/\\\/3-mmckopen.nl\\\/3mmc-kopen\\\/shop\\\/smartshop\\\/kratom\\\/kratom-white\\\/white-borneo-kratom\\\/\",\"url\":\"https:\\\/\\\/3-mmckopen.nl\\\/3mmc-kopen\\\/shop\\\/smartshop\\\/kratom\\\/kratom-white\\\/white-borneo-kratom\\\/\",\"name\":\"White Borneo Kratom Kopen? - Op=Op- 3MMC kopen\",\"isPartOf\":{\"@id\":\"https:\\\/\\\/3-mmckopen.nl\\\/#website\"},\"primaryImageOfPage\":{\"@id\":\"https:\\\/\\\/3-mmckopen.nl\\\/3mmc-kopen\\\/shop\\\/smartshop\\\/kratom\\\/kratom-white\\\/white-borneo-kratom\\\/#primaryimage\"},\"image\":{\"@id\":\"https:\\\/\\\/3-mmckopen.nl\\\/3mmc-kopen\\\/shop\\\/smartshop\\\/kratom\\\/kratom-white\\\/white-borneo-kratom\\\/#primaryimage\"},\"thumbnailUrl\":\"https:\\\/\\\/3-mmckopen.nl\\\/wp-content\\\/uploads\\\/2022\\\/03\\\/3868-2-600x600-1.jpg\",\"datePublished\":\"2022-03-18T21:27:25+00:00\",\"dateModified\":\"2025-07-21T11:35:31+00:00\",\"description\":\"Bij 3MMC kopen kun je gemakkelijk en snel White Borneo Kratom bestellen en morgen al onderzoeken! Voor 17:00 besteld is vandaag al verzonden. Wees er snel bij.\",\"breadcrumb\":{\"@id\":\"https:\\\/\\\/3-mmckopen.nl\\\/3mmc-kopen\\\/shop\\\/smartshop\\\/kratom\\\/kratom-white\\\/white-borneo-kratom\\\/#breadcrumb\"},\"inLanguage\":\"pl-PL\",\"potentialAction\":[{\"@type\":\"ReadAction\",\"target\":[\"https:\\\/\\\/3-mmckopen.nl\\\/3mmc-kopen\\\/shop\\\/smartshop\\\/kratom\\\/kratom-white\\\/white-borneo-kratom\\\/\"]}]},{\"@type\":\"ImageObject\",\"inLanguage\":\"pl-PL\",\"@id\":\"https:\\\/\\\/3-mmckopen.nl\\\/3mmc-kopen\\\/shop\\\/smartshop\\\/kratom\\\/kratom-white\\\/white-borneo-kratom\\\/#primaryimage\",\"url\":\"https:\\\/\\\/3-mmckopen.nl\\\/wp-content\\\/uploads\\\/2022\\\/03\\\/3868-2-600x600-1.jpg\",\"contentUrl\":\"https:\\\/\\\/3-mmckopen.nl\\\/wp-content\\\/uploads\\\/2022\\\/03\\\/3868-2-600x600-1.jpg\",\"width\":600,\"height\":600},{\"@type\":\"BreadcrumbList\",\"@id\":\"https:\\\/\\\/3-mmckopen.nl\\\/3mmc-kopen\\\/shop\\\/smartshop\\\/kratom\\\/kratom-white\\\/white-borneo-kratom\\\/#breadcrumb\",\"itemListElement\":[{\"@type\":\"ListItem\",\"position\":1,\"name\":\"Home\",\"item\":\"https:\\\/\\\/3-mmckopen.nl\\\/\"},{\"@type\":\"ListItem\",\"position\":2,\"name\":\"Winkel\",\"item\":\"https:\\\/\\\/3-mmckopen.nl\\\/winkel\\\/\"},{\"@type\":\"ListItem\",\"position\":3,\"name\":\"White Borneo Kratom\"}]},{\"@type\":\"WebSite\",\"@id\":\"https:\\\/\\\/3-mmckopen.nl\\\/#website\",\"url\":\"https:\\\/\\\/3-mmckopen.nl\\\/\",\"name\":\"3MMC kopen\",\"description\":\"VOOR ALLE THUIS CHEMISI EN ONDERZOEKERS ONDER ONS\",\"publisher\":{\"@id\":\"https:\\\/\\\/3-mmckopen.nl\\\/#organization\"},\"potentialAction\":[{\"@type\":\"SearchAction\",\"target\":{\"@type\":\"EntryPoint\",\"urlTemplate\":\"https:\\\/\\\/3-mmckopen.nl\\\/?s={search_term_string}\"},\"query-input\":{\"@type\":\"PropertyValueSpecification\",\"valueRequired\":true,\"valueName\":\"search_term_string\"}}],\"inLanguage\":\"pl-PL\"},{\"@type\":\"Organization\",\"@id\":\"https:\\\/\\\/3-mmckopen.nl\\\/#organization\",\"name\":\"3mmc kopen\",\"url\":\"https:\\\/\\\/3-mmckopen.nl\\\/\",\"logo\":{\"@type\":\"ImageObject\",\"inLanguage\":\"pl-PL\",\"@id\":\"https:\\\/\\\/3-mmckopen.nl\\\/#\\\/schema\\\/logo\\\/image\\\/\",\"url\":\"https:\\\/\\\/3-mmckopen.nl\\\/wp-content\\\/uploads\\\/2024\\\/03\\\/3mmckopennl.webp\",\"contentUrl\":\"https:\\\/\\\/3-mmckopen.nl\\\/wp-content\\\/uploads\\\/2024\\\/03\\\/3mmckopennl.webp\",\"width\":300,\"height\":118,\"caption\":\"3mmc kopen\"},\"image\":{\"@id\":\"https:\\\/\\\/3-mmckopen.nl\\\/#\\\/schema\\\/logo\\\/image\\\/\"},\"sameAs\":[\"https:\\\/\\\/www.instagram.com\\\/dehuisprofessor\\\/\",\"https:\\\/\\\/nl.pinterest.com\\\/dehuisprofessor\\\/\",\"https:\\\/\\\/www.youtube.com\\\/channel\\\/UCsGzCVJiHsWLILEEHDzCNqA\"]}]}<\/script>\n<!-- \/ Yoast SEO plugin. -->","yoast_head_json":{"title":"White Borneo Kratom Kopen? - Op=Op- 3MMC kopen","description":"Bij 3MMC kopen kun je gemakkelijk en snel White Borneo Kratom bestellen en morgen al onderzoeken! Voor 17:00 besteld is vandaag al verzonden. Wees er snel bij.","robots":{"index":"index","follow":"follow","max-snippet":"max-snippet:-1","max-image-preview":"max-image-preview:large","max-video-preview":"max-video-preview:-1"},"canonical":"https:\/\/3-mmckopen.nl\/pl\/3mmc-kopen\/shop\/smartshop\/kratom\/kratom-white\/white-borneo-kratom\/","og_locale":"pl_PL","og_type":"article","og_title":"White Borneo Kratom Kopen? - Op=Op- 3MMC kopen","og_description":"Bij 3MMC kopen kun je gemakkelijk en snel White Borneo Kratom bestellen en morgen al onderzoeken! Voor 17:00 besteld is vandaag al verzonden. Wees er snel bij.","og_url":"https:\/\/3-mmckopen.nl\/pl\/3mmc-kopen\/shop\/smartshop\/kratom\/kratom-white\/white-borneo-kratom\/","og_site_name":"3MMC kopen","article_modified_time":"2025-07-21T11:35:31+00:00","og_image":[{"width":600,"height":600,"url":"https:\/\/3-mmckopen.nl\/wp-content\/uploads\/2022\/03\/3868-2-600x600-1.jpg","type":"image\/jpeg"}],"twitter_card":"summary_large_image","twitter_misc":{"Szacowany czas czytania":"2 minuty"},"schema":{"@context":"https:\/\/schema.org","@graph":[{"@type":"WebPage","@id":"https:\/\/3-mmckopen.nl\/3mmc-kopen\/shop\/smartshop\/kratom\/kratom-white\/white-borneo-kratom\/","url":"https:\/\/3-mmckopen.nl\/3mmc-kopen\/shop\/smartshop\/kratom\/kratom-white\/white-borneo-kratom\/","name":"White Borneo Kratom Kopen? - Op=Op- 3MMC kopen","isPartOf":{"@id":"https:\/\/3-mmckopen.nl\/#website"},"primaryImageOfPage":{"@id":"https:\/\/3-mmckopen.nl\/3mmc-kopen\/shop\/smartshop\/kratom\/kratom-white\/white-borneo-kratom\/#primaryimage"},"image":{"@id":"https:\/\/3-mmckopen.nl\/3mmc-kopen\/shop\/smartshop\/kratom\/kratom-white\/white-borneo-kratom\/#primaryimage"},"thumbnailUrl":"https:\/\/3-mmckopen.nl\/wp-content\/uploads\/2022\/03\/3868-2-600x600-1.jpg","datePublished":"2022-03-18T21:27:25+00:00","dateModified":"2025-07-21T11:35:31+00:00","description":"Bij 3MMC kopen kun je gemakkelijk en snel White Borneo Kratom bestellen en morgen al onderzoeken! Voor 17:00 besteld is vandaag al verzonden. Wees er snel bij.","breadcrumb":{"@id":"https:\/\/3-mmckopen.nl\/3mmc-kopen\/shop\/smartshop\/kratom\/kratom-white\/white-borneo-kratom\/#breadcrumb"},"inLanguage":"pl-PL","potentialAction":[{"@type":"ReadAction","target":["https:\/\/3-mmckopen.nl\/3mmc-kopen\/shop\/smartshop\/kratom\/kratom-white\/white-borneo-kratom\/"]}]},{"@type":"ImageObject","inLanguage":"pl-PL","@id":"https:\/\/3-mmckopen.nl\/3mmc-kopen\/shop\/smartshop\/kratom\/kratom-white\/white-borneo-kratom\/#primaryimage","url":"https:\/\/3-mmckopen.nl\/wp-content\/uploads\/2022\/03\/3868-2-600x600-1.jpg","contentUrl":"https:\/\/3-mmckopen.nl\/wp-content\/uploads\/2022\/03\/3868-2-600x600-1.jpg","width":600,"height":600},{"@type":"BreadcrumbList","@id":"https:\/\/3-mmckopen.nl\/3mmc-kopen\/shop\/smartshop\/kratom\/kratom-white\/white-borneo-kratom\/#breadcrumb","itemListElement":[{"@type":"ListItem","position":1,"name":"Home","item":"https:\/\/3-mmckopen.nl\/"},{"@type":"ListItem","position":2,"name":"Winkel","item":"https:\/\/3-mmckopen.nl\/winkel\/"},{"@type":"ListItem","position":3,"name":"White Borneo Kratom"}]},{"@type":"WebSite","@id":"https:\/\/3-mmckopen.nl\/#website","url":"https:\/\/3-mmckopen.nl\/","name":"kup 3MMC","description":"DLA WSZYSTKICH DOMOWYCH CHEMIKALI I NAUKOWC\u00d3W W\u015aR\u00d3D NAS","publisher":{"@id":"https:\/\/3-mmckopen.nl\/#organization"},"potentialAction":[{"@type":"SearchAction","target":{"@type":"EntryPoint","urlTemplate":"https:\/\/3-mmckopen.nl\/?s={search_term_string}"},"query-input":{"@type":"PropertyValueSpecification","valueRequired":true,"valueName":"search_term_string"}}],"inLanguage":"pl-PL"},{"@type":"Organization","@id":"https:\/\/3-mmckopen.nl\/#organization","name":"3mmc kopen","url":"https:\/\/3-mmckopen.nl\/","logo":{"@type":"ImageObject","inLanguage":"pl-PL","@id":"https:\/\/3-mmckopen.nl\/#\/schema\/logo\/image\/","url":"https:\/\/3-mmckopen.nl\/wp-content\/uploads\/2024\/03\/3mmckopennl.webp","contentUrl":"https:\/\/3-mmckopen.nl\/wp-content\/uploads\/2024\/03\/3mmckopennl.webp","width":300,"height":118,"caption":"3mmc kopen"},"image":{"@id":"https:\/\/3-mmckopen.nl\/#\/schema\/logo\/image\/"},"sameAs":["https:\/\/www.instagram.com\/dehuisprofessor\/","https:\/\/nl.pinterest.com\/dehuisprofessor\/","https:\/\/www.youtube.com\/channel\/UCsGzCVJiHsWLILEEHDzCNqA"]}]}},"_links":{"self":[{"href":"https:\/\/3-mmckopen.nl\/pl\/wp-json\/wp\/v2\/product\/14042","targetHints":{"allow":["GET"]}}],"collection":[{"href":"https:\/\/3-mmckopen.nl\/pl\/wp-json\/wp\/v2\/product"}],"about":[{"href":"https:\/\/3-mmckopen.nl\/pl\/wp-json\/wp\/v2\/types\/product"}],"replies":[{"embeddable":true,"href":"https:\/\/3-mmckopen.nl\/pl\/wp-json\/wp\/v2\/comments?post=14042"}],"version-history":[{"count":0,"href":"https:\/\/3-mmckopen.nl\/pl\/wp-json\/wp\/v2\/product\/14042\/revisions"}],"wp:featuredmedia":[{"embeddable":true,"href":"https:\/\/3-mmckopen.nl\/pl\/wp-json\/wp\/v2\/media\/14095"}],"wp:attachment":[{"href":"https:\/\/3-mmckopen.nl\/pl\/wp-json\/wp\/v2\/media?parent=14042"}],"wp:term":[{"taxonomy":"product_brand","embeddable":true,"href":"https:\/\/3-mmckopen.nl\/pl\/wp-json\/wp\/v2\/product_brand?post=14042"},{"taxonomy":"product_cat","embeddable":true,"href":"https:\/\/3-mmckopen.nl\/pl\/wp-json\/wp\/v2\/product_cat?post=14042"},{"taxonomy":"product_tag","embeddable":true,"href":"https:\/\/3-mmckopen.nl\/pl\/wp-json\/wp\/v2\/product_tag?post=14042"}],"curies":[{"name":"wp","href":"https:\/\/api.w.org\/{rel}","templated":true}]}}