{"id":14083,"date":"2022-03-18T22:28:52","date_gmt":"2022-03-18T21:28:52","guid":{"rendered":"https:\/\/3-mmckopen.nl\/?post_type=product&#038;p=14083"},"modified":"2025-07-21T13:35:05","modified_gmt":"2025-07-21T11:35:05","slug":"salvia-mystic-40x-extract","status":"publish","type":"product","link":"https:\/\/3-mmckopen.nl\/pl\/3mmc-kopen\/shop\/smartshop\/salvia\/salvia-mystic-40x-extract\/","title":{"rendered":"Ekstrakt z sza\u0142wii Mystic 40X"},"content":{"rendered":"<h1 class=\"product_title entry-title\"><strong>Salvia Mystic 40X <\/strong><strong>Extract kopen\u00a0<\/strong><strong>\u2013 1 gram\u00a0<\/strong><\/h1>\n<p>W Sierra Mazateca, gdzie dziko ro\u015bnie Salvia Divinorum, jest u\u017cywana przez szaman\u00f3w i kobiety w rytua\u0142ach religijnych. Li\u015bcie s\u0105 r\u00f3wnie\u017c stosowane jako lek na biegunk\u0119, b\u00f3l g\u0142owy i reumatyzm. Dzi\u015b jest u\u017cywany do psychodelicznego upojenia i jako cz\u0119\u015b\u0107 rytua\u0142\u00f3w leczniczych.<\/p>\n<p><strong>Stosowanie:<\/strong><\/p>\n<p>Podgrzej 50 mg zio\u0142a do 250\u00b0C, aby uzyska\u0107 \u015brednie lub mocne doznania. Je\u015bli dopiero zaczynasz przygod\u0119 z sza\u0142wi\u0105, we\u017a bardzo ma\u0142\u0105 ilo\u015b\u0107, aby sprawdzi\u0107 swoj\u0105 wra\u017cliwo\u015b\u0107. Dzia\u0142anie sza\u0142wii r\u00f3\u017cni si\u0119 w zale\u017cno\u015bci od osoby i dla niekt\u00f3rych mo\u017ce by\u0107 przyt\u0142aczaj\u0105ce<\/p>\n<p>Wa\u017cne jest, aby u\u017cywa\u0107 sza\u0142wii w cichym, ciemnym otoczeniu (na przyk\u0142ad przy kilku \u015bwiecach).<\/p>\n<p>Wi\u0119kszo\u015b\u0107 u\u017cytkownik\u00f3w nie \u017cuje, lecz pali li\u015bcie fajk\u0105 wodn\u0105. Nast\u0119pnie pojawiaj\u0105 si\u0119 kr\u00f3tkie, ale bardzo intensywne halucynacje. Efekty pojawiaj\u0105 si\u0119 po 30 sekundach, s\u0105 najsilniejsze po 5 do 10 minutach i zanikaj\u0105 po 20 do 30 minutach<\/p>\n<p><strong>Operacja:<\/strong><\/p>\n<p>Salvia Divinorum zawiera substancje czynne Salvinorin A i Salvinorin B<\/p>\n<p>Sza\u0142wii nie mo\u017cna por\u00f3wna\u0107 do innych substancji halucynogennych, takich jak grzyby czy kaktusy, ma ona swoje unikalne dzia\u0142anie. Podr\u00f3\u017c jest bardzo kr\u00f3tka, od 20 minut do 1 godziny. Potem wraca do normalnego stanu.<\/p>\n<p>Podczas podr\u00f3\u017cy mog\u0105 wyst\u0105pi\u0107 r\u00f3\u017cne stany, m.in.: dwuwymiarowe halucynacje, doznania poza cia\u0142em, stawanie si\u0119 obiektem, podr\u00f3\u017c w czasie, poczucie obecno\u015bci w kilku miejscach jednocze\u015bnie czy \u015bmiech.<\/p>\n<p><strong>Ostrze\u017cenie:<\/strong><\/p>\n<p>Uwa\u017caj na ekstrakty z sza\u0142wii. U\u017cywaj tego tylko, najlepiej z do\u015bwiadczon\u0105 \u201eopiekunk\u0105\u201d i je\u015bli ju\u017c znasz dzia\u0142anie li\u015bci sza\u0142wii.<\/p>\n<p>Salvia zdecydowanie nie jest narkotykiem imprezowym! Upewnij si\u0119 wi\u0119c, \u017ce masz ciche, znajome otoczenie, aby sza\u0142wia mog\u0142a zadzia\u0142a\u0107.<\/p>\n<p>Sprzeda\u017c i u\u017cytkowanie zabronione poni\u017cej 18 roku \u017cycia. Trzyma\u0107 poza zasi\u0119giem dzieci. Nie stosowa\u0107 je\u015bli masz wysokie lub niskie ci\u015bnienie krwi, dolegliwo\u015bci serca i\/lub p\u0142uc, cukrzyc\u0119, ci\u0105\u017c\u0119, je\u015bli bierzesz leki, narkotyki lub alkohol.<\/p>\n<p><strong>Rekomendowana dawka:<\/strong><\/p>\n<p>Zalecane s\u0105 nast\u0119puj\u0105ce dawki. Jednak\u017ce ka\u017cda osoba mo\u017ce inaczej reagowa\u0107 na Salvinorin, dlatego zaleca si\u0119 rozpocz\u0119cie od mniejszej dawki i stopniowe zwi\u0119kszanie jej, gdy ju\u017c wiesz, jak Salvia Divinorum wp\u0142ywa na Ciebie. Nie przekracza\u0107 dawki maksymalnej 1 gram.<\/p>\n<p><strong>Dawkowanie:<\/strong><\/p>\n<p>Salvia extract 40x 0,1 \u2013 0,5gram<\/p>\n<p><strong>\u0141agodny efekt:<\/strong>\u00a00,1 \u2013 0,3 grama<\/p>\n<p><strong>Rozs\u0105dny\/dobry efekt:<\/strong>\u00a00,3 \u2013 0,4 grama<\/p>\n<p><strong>Silny efekt:<\/strong>\u00a00,5 grama<\/p>","protected":false},"excerpt":{"rendered":"<p>Salvia Mystic 40X Extract kopen\u00a0\u2013 1 gram\u00a0 In de Sierra Mazateca, waar de Salvia Divinorum in het wild groeit, wordt het door medicijnmannen en -vrouwen gebruikt in religieuze rituelen. De bladeren worden ook gebruikt als geneesmiddel bij diarree, hoofdpijn en reuma. Tegenwoordig wordt het middel gebruikt vanwege de psychedelische roes en als onderdeel van healingrituelen. [&hellip;]<\/p>\n","protected":false},"featured_media":14099,"comment_status":"closed","ping_status":"closed","template":"","meta":{"site-sidebar-layout":"default","site-content-layout":"default","ast-site-content-layout":"default","site-content-style":"default","site-sidebar-style":"default","ast-global-header-display":"","ast-banner-title-visibility":"","ast-main-header-display":"","ast-hfb-above-header-display":"","ast-hfb-below-header-display":"","ast-hfb-mobile-header-display":"","site-post-title":"","ast-breadcrumbs-content":"","ast-featured-img":"","footer-sml-layout":"","theme-transparent-header-meta":"default","adv-header-id-meta":"","stick-header-meta":"","header-above-stick-meta":"","header-main-stick-meta":"","header-below-stick-meta":"","astra-migrate-meta-layouts":"default","ast-page-background-enabled":"default","ast-page-background-meta":{"desktop":{"background-color":"","background-image":"","background-repeat":"repeat","background-position":"center center","background-size":"auto","background-attachment":"scroll","background-type":"","background-media":"","overlay-type":"","overlay-color":"","overlay-opacity":"","overlay-gradient":""},"tablet":{"background-color":"","background-image":"","background-repeat":"repeat","background-position":"center center","background-size":"auto","background-attachment":"scroll","background-type":"","background-media":"","overlay-type":"","overlay-color":"","overlay-opacity":"","overlay-gradient":""},"mobile":{"background-color":"","background-image":"","background-repeat":"repeat","background-position":"center center","background-size":"auto","background-attachment":"scroll","background-type":"","background-media":"","overlay-type":"","overlay-color":"","overlay-opacity":"","overlay-gradient":""}},"ast-content-background-meta":{"desktop":{"background-color":"var(--ast-global-color-5)","background-image":"","background-repeat":"repeat","background-position":"center center","background-size":"auto","background-attachment":"scroll","background-type":"","background-media":"","overlay-type":"","overlay-color":"","overlay-opacity":"","overlay-gradient":""},"tablet":{"background-color":"var(--ast-global-color-5)","background-image":"","background-repeat":"repeat","background-position":"center center","background-size":"auto","background-attachment":"scroll","background-type":"","background-media":"","overlay-type":"","overlay-color":"","overlay-opacity":"","overlay-gradient":""},"mobile":{"background-color":"var(--ast-global-color-5)","background-image":"","background-repeat":"repeat","background-position":"center center","background-size":"auto","background-attachment":"scroll","background-type":"","background-media":"","overlay-type":"","overlay-color":"","overlay-opacity":"","overlay-gradient":""}}},"product_brand":[],"product_cat":[20354,20309],"product_tag":[20355],"class_list":{"0":"post-14083","1":"product","2":"type-product","3":"status-publish","4":"has-post-thumbnail","6":"product_cat-salvia","7":"product_cat-smartshop","8":"product_tag-salvia","9":"desktop-align-center","10":"tablet-align-center","11":"mobile-align-center","13":"first","14":"outofstock","15":"shipping-taxable","16":"purchasable","17":"product-type-simple"},"yoast_head":"<!-- This site is optimized with the Yoast SEO plugin v27.4 - https:\/\/yoast.com\/product\/yoast-seo-wordpress\/ -->\n<title>Salvia Mystic 40X Extract Kopen? - Op=Op- 3MMC kopen<\/title>\n<meta name=\"description\" content=\"Bij 3MMC kopen kun je gemakkelijk en snel Salvia Mystic 40X Extract bestellen en morgen al onderzoeken! Voor 17:00 besteld is vandaag al verzonden. Wees er snel bij.\" \/>\n<meta name=\"robots\" content=\"index, follow, max-snippet:-1, max-image-preview:large, max-video-preview:-1\" \/>\n<link rel=\"canonical\" href=\"https:\/\/3-mmckopen.nl\/pl\/3mmc-kopen\/shop\/smartshop\/salvia\/salvia-mystic-40x-extract\/\" \/>\n<meta property=\"og:locale\" content=\"pl_PL\" \/>\n<meta property=\"og:type\" content=\"article\" \/>\n<meta property=\"og:title\" content=\"Salvia Mystic 40X Extract Kopen? - Op=Op- 3MMC kopen\" \/>\n<meta property=\"og:description\" content=\"Bij 3MMC kopen kun je gemakkelijk en snel Salvia Mystic 40X Extract bestellen en morgen al onderzoeken! Voor 17:00 besteld is vandaag al verzonden. Wees er snel bij.\" \/>\n<meta property=\"og:url\" content=\"https:\/\/3-mmckopen.nl\/pl\/3mmc-kopen\/shop\/smartshop\/salvia\/salvia-mystic-40x-extract\/\" \/>\n<meta property=\"og:site_name\" content=\"3MMC kopen\" \/>\n<meta property=\"article:modified_time\" content=\"2025-07-21T11:35:05+00:00\" \/>\n<meta property=\"og:image\" content=\"https:\/\/3-mmckopen.nl\/wp-content\/uploads\/2022\/03\/Salvia-40x-1gram-600x600-1.jpg\" \/>\n\t<meta property=\"og:image:width\" content=\"600\" \/>\n\t<meta property=\"og:image:height\" content=\"600\" \/>\n\t<meta property=\"og:image:type\" content=\"image\/jpeg\" \/>\n<meta name=\"twitter:card\" content=\"summary_large_image\" \/>\n<meta name=\"twitter:label1\" content=\"Szacowany czas czytania\" \/>\n\t<meta name=\"twitter:data1\" content=\"2 minuty\" \/>\n<script type=\"application\/ld+json\" class=\"yoast-schema-graph\">{\"@context\":\"https:\\\/\\\/schema.org\",\"@graph\":[{\"@type\":\"WebPage\",\"@id\":\"https:\\\/\\\/3-mmckopen.nl\\\/pl\\\/3mmc-kopen\\\/shop\\\/smartshop\\\/salvia\\\/salvia-mystic-40x-extract\\\/\",\"url\":\"https:\\\/\\\/3-mmckopen.nl\\\/pl\\\/3mmc-kopen\\\/shop\\\/smartshop\\\/salvia\\\/salvia-mystic-40x-extract\\\/\",\"name\":\"Salvia Mystic 40X Extract Kopen? - Op=Op- 3MMC kopen\",\"isPartOf\":{\"@id\":\"https:\\\/\\\/3-mmckopen.nl\\\/#website\"},\"primaryImageOfPage\":{\"@id\":\"https:\\\/\\\/3-mmckopen.nl\\\/pl\\\/3mmc-kopen\\\/shop\\\/smartshop\\\/salvia\\\/salvia-mystic-40x-extract\\\/#primaryimage\"},\"image\":{\"@id\":\"https:\\\/\\\/3-mmckopen.nl\\\/pl\\\/3mmc-kopen\\\/shop\\\/smartshop\\\/salvia\\\/salvia-mystic-40x-extract\\\/#primaryimage\"},\"thumbnailUrl\":\"https:\\\/\\\/3-mmckopen.nl\\\/wp-content\\\/uploads\\\/2022\\\/03\\\/Salvia-40x-1gram-600x600-1.jpg\",\"datePublished\":\"2022-03-18T21:28:52+00:00\",\"dateModified\":\"2025-07-21T11:35:05+00:00\",\"description\":\"Bij 3MMC kopen kun je gemakkelijk en snel Salvia Mystic 40X Extract bestellen en morgen al onderzoeken! Voor 17:00 besteld is vandaag al verzonden. Wees er snel bij.\",\"breadcrumb\":{\"@id\":\"https:\\\/\\\/3-mmckopen.nl\\\/pl\\\/3mmc-kopen\\\/shop\\\/smartshop\\\/salvia\\\/salvia-mystic-40x-extract\\\/#breadcrumb\"},\"inLanguage\":\"pl-PL\",\"potentialAction\":[{\"@type\":\"ReadAction\",\"target\":[\"https:\\\/\\\/3-mmckopen.nl\\\/pl\\\/3mmc-kopen\\\/shop\\\/smartshop\\\/salvia\\\/salvia-mystic-40x-extract\\\/\"]}]},{\"@type\":\"ImageObject\",\"inLanguage\":\"pl-PL\",\"@id\":\"https:\\\/\\\/3-mmckopen.nl\\\/pl\\\/3mmc-kopen\\\/shop\\\/smartshop\\\/salvia\\\/salvia-mystic-40x-extract\\\/#primaryimage\",\"url\":\"https:\\\/\\\/3-mmckopen.nl\\\/wp-content\\\/uploads\\\/2022\\\/03\\\/Salvia-40x-1gram-600x600-1.jpg\",\"contentUrl\":\"https:\\\/\\\/3-mmckopen.nl\\\/wp-content\\\/uploads\\\/2022\\\/03\\\/Salvia-40x-1gram-600x600-1.jpg\",\"width\":600,\"height\":600},{\"@type\":\"BreadcrumbList\",\"@id\":\"https:\\\/\\\/3-mmckopen.nl\\\/pl\\\/3mmc-kopen\\\/shop\\\/smartshop\\\/salvia\\\/salvia-mystic-40x-extract\\\/#breadcrumb\",\"itemListElement\":[{\"@type\":\"ListItem\",\"position\":1,\"name\":\"Home\",\"item\":\"https:\\\/\\\/3-mmckopen.nl\\\/\"},{\"@type\":\"ListItem\",\"position\":2,\"name\":\"Winkel\",\"item\":\"https:\\\/\\\/3-mmckopen.nl\\\/winkel\\\/\"},{\"@type\":\"ListItem\",\"position\":3,\"name\":\"Salvia Mystic 40X Extract\"}]},{\"@type\":\"WebSite\",\"@id\":\"https:\\\/\\\/3-mmckopen.nl\\\/#website\",\"url\":\"https:\\\/\\\/3-mmckopen.nl\\\/\",\"name\":\"3MMC kopen\",\"description\":\"VOOR ALLE THUIS CHEMISI EN ONDERZOEKERS ONDER ONS\",\"publisher\":{\"@id\":\"https:\\\/\\\/3-mmckopen.nl\\\/#organization\"},\"potentialAction\":[{\"@type\":\"SearchAction\",\"target\":{\"@type\":\"EntryPoint\",\"urlTemplate\":\"https:\\\/\\\/3-mmckopen.nl\\\/?s={search_term_string}\"},\"query-input\":{\"@type\":\"PropertyValueSpecification\",\"valueRequired\":true,\"valueName\":\"search_term_string\"}}],\"inLanguage\":\"pl-PL\"},{\"@type\":\"Organization\",\"@id\":\"https:\\\/\\\/3-mmckopen.nl\\\/#organization\",\"name\":\"3mmc kopen\",\"url\":\"https:\\\/\\\/3-mmckopen.nl\\\/\",\"logo\":{\"@type\":\"ImageObject\",\"inLanguage\":\"pl-PL\",\"@id\":\"https:\\\/\\\/3-mmckopen.nl\\\/#\\\/schema\\\/logo\\\/image\\\/\",\"url\":\"https:\\\/\\\/3-mmckopen.nl\\\/wp-content\\\/uploads\\\/2024\\\/03\\\/3mmckopennl.webp\",\"contentUrl\":\"https:\\\/\\\/3-mmckopen.nl\\\/wp-content\\\/uploads\\\/2024\\\/03\\\/3mmckopennl.webp\",\"width\":300,\"height\":118,\"caption\":\"3mmc kopen\"},\"image\":{\"@id\":\"https:\\\/\\\/3-mmckopen.nl\\\/#\\\/schema\\\/logo\\\/image\\\/\"},\"sameAs\":[\"https:\\\/\\\/www.instagram.com\\\/dehuisprofessor\\\/\",\"https:\\\/\\\/nl.pinterest.com\\\/dehuisprofessor\\\/\",\"https:\\\/\\\/www.youtube.com\\\/channel\\\/UCsGzCVJiHsWLILEEHDzCNqA\"]}]}<\/script>\n<!-- \/ Yoast SEO plugin. -->","yoast_head_json":{"title":"Salvia Mystic 40X Extract Kopen? - Op=Op- 3MMC kopen","description":"Bij 3MMC kopen kun je gemakkelijk en snel Salvia Mystic 40X Extract bestellen en morgen al onderzoeken! Voor 17:00 besteld is vandaag al verzonden. Wees er snel bij.","robots":{"index":"index","follow":"follow","max-snippet":"max-snippet:-1","max-image-preview":"max-image-preview:large","max-video-preview":"max-video-preview:-1"},"canonical":"https:\/\/3-mmckopen.nl\/pl\/3mmc-kopen\/shop\/smartshop\/salvia\/salvia-mystic-40x-extract\/","og_locale":"pl_PL","og_type":"article","og_title":"Salvia Mystic 40X Extract Kopen? - Op=Op- 3MMC kopen","og_description":"Bij 3MMC kopen kun je gemakkelijk en snel Salvia Mystic 40X Extract bestellen en morgen al onderzoeken! Voor 17:00 besteld is vandaag al verzonden. Wees er snel bij.","og_url":"https:\/\/3-mmckopen.nl\/pl\/3mmc-kopen\/shop\/smartshop\/salvia\/salvia-mystic-40x-extract\/","og_site_name":"3MMC kopen","article_modified_time":"2025-07-21T11:35:05+00:00","og_image":[{"width":600,"height":600,"url":"https:\/\/3-mmckopen.nl\/wp-content\/uploads\/2022\/03\/Salvia-40x-1gram-600x600-1.jpg","type":"image\/jpeg"}],"twitter_card":"summary_large_image","twitter_misc":{"Szacowany czas czytania":"2 minuty"},"schema":{"@context":"https:\/\/schema.org","@graph":[{"@type":"WebPage","@id":"https:\/\/3-mmckopen.nl\/pl\/3mmc-kopen\/shop\/smartshop\/salvia\/salvia-mystic-40x-extract\/","url":"https:\/\/3-mmckopen.nl\/pl\/3mmc-kopen\/shop\/smartshop\/salvia\/salvia-mystic-40x-extract\/","name":"Salvia Mystic 40X Extract Kopen? - Op=Op- 3MMC kopen","isPartOf":{"@id":"https:\/\/3-mmckopen.nl\/#website"},"primaryImageOfPage":{"@id":"https:\/\/3-mmckopen.nl\/pl\/3mmc-kopen\/shop\/smartshop\/salvia\/salvia-mystic-40x-extract\/#primaryimage"},"image":{"@id":"https:\/\/3-mmckopen.nl\/pl\/3mmc-kopen\/shop\/smartshop\/salvia\/salvia-mystic-40x-extract\/#primaryimage"},"thumbnailUrl":"https:\/\/3-mmckopen.nl\/wp-content\/uploads\/2022\/03\/Salvia-40x-1gram-600x600-1.jpg","datePublished":"2022-03-18T21:28:52+00:00","dateModified":"2025-07-21T11:35:05+00:00","description":"Bij 3MMC kopen kun je gemakkelijk en snel Salvia Mystic 40X Extract bestellen en morgen al onderzoeken! Voor 17:00 besteld is vandaag al verzonden. Wees er snel bij.","breadcrumb":{"@id":"https:\/\/3-mmckopen.nl\/pl\/3mmc-kopen\/shop\/smartshop\/salvia\/salvia-mystic-40x-extract\/#breadcrumb"},"inLanguage":"pl-PL","potentialAction":[{"@type":"ReadAction","target":["https:\/\/3-mmckopen.nl\/pl\/3mmc-kopen\/shop\/smartshop\/salvia\/salvia-mystic-40x-extract\/"]}]},{"@type":"ImageObject","inLanguage":"pl-PL","@id":"https:\/\/3-mmckopen.nl\/pl\/3mmc-kopen\/shop\/smartshop\/salvia\/salvia-mystic-40x-extract\/#primaryimage","url":"https:\/\/3-mmckopen.nl\/wp-content\/uploads\/2022\/03\/Salvia-40x-1gram-600x600-1.jpg","contentUrl":"https:\/\/3-mmckopen.nl\/wp-content\/uploads\/2022\/03\/Salvia-40x-1gram-600x600-1.jpg","width":600,"height":600},{"@type":"BreadcrumbList","@id":"https:\/\/3-mmckopen.nl\/pl\/3mmc-kopen\/shop\/smartshop\/salvia\/salvia-mystic-40x-extract\/#breadcrumb","itemListElement":[{"@type":"ListItem","position":1,"name":"Home","item":"https:\/\/3-mmckopen.nl\/"},{"@type":"ListItem","position":2,"name":"Winkel","item":"https:\/\/3-mmckopen.nl\/winkel\/"},{"@type":"ListItem","position":3,"name":"Salvia Mystic 40X Extract"}]},{"@type":"WebSite","@id":"https:\/\/3-mmckopen.nl\/#website","url":"https:\/\/3-mmckopen.nl\/","name":"kup 3MMC","description":"DLA WSZYSTKICH DOMOWYCH CHEMIKALI I NAUKOWC\u00d3W W\u015aR\u00d3D NAS","publisher":{"@id":"https:\/\/3-mmckopen.nl\/#organization"},"potentialAction":[{"@type":"SearchAction","target":{"@type":"EntryPoint","urlTemplate":"https:\/\/3-mmckopen.nl\/?s={search_term_string}"},"query-input":{"@type":"PropertyValueSpecification","valueRequired":true,"valueName":"search_term_string"}}],"inLanguage":"pl-PL"},{"@type":"Organization","@id":"https:\/\/3-mmckopen.nl\/#organization","name":"3mmc kopen","url":"https:\/\/3-mmckopen.nl\/","logo":{"@type":"ImageObject","inLanguage":"pl-PL","@id":"https:\/\/3-mmckopen.nl\/#\/schema\/logo\/image\/","url":"https:\/\/3-mmckopen.nl\/wp-content\/uploads\/2024\/03\/3mmckopennl.webp","contentUrl":"https:\/\/3-mmckopen.nl\/wp-content\/uploads\/2024\/03\/3mmckopennl.webp","width":300,"height":118,"caption":"3mmc kopen"},"image":{"@id":"https:\/\/3-mmckopen.nl\/#\/schema\/logo\/image\/"},"sameAs":["https:\/\/www.instagram.com\/dehuisprofessor\/","https:\/\/nl.pinterest.com\/dehuisprofessor\/","https:\/\/www.youtube.com\/channel\/UCsGzCVJiHsWLILEEHDzCNqA"]}]}},"_links":{"self":[{"href":"https:\/\/3-mmckopen.nl\/pl\/wp-json\/wp\/v2\/product\/14083","targetHints":{"allow":["GET"]}}],"collection":[{"href":"https:\/\/3-mmckopen.nl\/pl\/wp-json\/wp\/v2\/product"}],"about":[{"href":"https:\/\/3-mmckopen.nl\/pl\/wp-json\/wp\/v2\/types\/product"}],"replies":[{"embeddable":true,"href":"https:\/\/3-mmckopen.nl\/pl\/wp-json\/wp\/v2\/comments?post=14083"}],"version-history":[{"count":0,"href":"https:\/\/3-mmckopen.nl\/pl\/wp-json\/wp\/v2\/product\/14083\/revisions"}],"wp:featuredmedia":[{"embeddable":true,"href":"https:\/\/3-mmckopen.nl\/pl\/wp-json\/wp\/v2\/media\/14099"}],"wp:attachment":[{"href":"https:\/\/3-mmckopen.nl\/pl\/wp-json\/wp\/v2\/media?parent=14083"}],"wp:term":[{"taxonomy":"product_brand","embeddable":true,"href":"https:\/\/3-mmckopen.nl\/pl\/wp-json\/wp\/v2\/product_brand?post=14083"},{"taxonomy":"product_cat","embeddable":true,"href":"https:\/\/3-mmckopen.nl\/pl\/wp-json\/wp\/v2\/product_cat?post=14083"},{"taxonomy":"product_tag","embeddable":true,"href":"https:\/\/3-mmckopen.nl\/pl\/wp-json\/wp\/v2\/product_tag?post=14083"}],"curies":[{"name":"wp","href":"https:\/\/api.w.org\/{rel}","templated":true}]}}