{"id":14089,"date":"2022-03-18T22:29:03","date_gmt":"2022-03-18T21:29:03","guid":{"rendered":"https:\/\/3-mmckopen.nl\/?post_type=product&#038;p=14089"},"modified":"2026-01-29T13:04:16","modified_gmt":"2026-01-29T12:04:16","slug":"after-c","status":"publish","type":"product","link":"https:\/\/3-mmckopen.nl\/pl\/3mmc-kopen\/shop\/smartshop\/herstel\/after-c\/","title":{"rendered":"po C"},"content":{"rendered":"<h1 class=\"product_title entry-title\"><strong>After C kopen \u2013 4 stuks<\/strong><\/h1>\n<p>Het is algemeen bekend dat bij het gebruik van coca\u00efne of speed men zich de dagen erna futloos en onprettig voelt. After C bevat een samenstelling van vitaminen en aminozuren, die u kunt gebruiken bij vermoeidheid na coca\u00efnegebruik en om uw gemoedstoestand weer op te krikken.<\/p>\n<h2>GEBRUIK VAN AFTER C<\/h2>\n<p>Gebruik van After E is een goed middel om snel te herstellen na het gebruik van XTC,Mdma en andere geestverruimende middelen.: Neem de volgende morgen de volledige inhoud van After C (capsules en tablet) in met 1 tot 4 glazen koud water. Te gebruiken na coca\u00efne- of speedgebruik.<\/p>\n<p><strong>Stosowanie<\/strong><\/p>\n<p>Neem de volgende morgen de volledige inhoud van After C (capsules en tablet) in met 1 tot 4 glazen koud water. Te gebruiken na coca\u00efne- of speedgebruik.<\/p>\n<p><strong>Ingredi\u00ebnten<\/strong><\/p>\n<p>Bruin tablet;\u00a0Vitamine A, Vitamine C, Vitamine D, Vitamine E, Vitamine B-1, Vitamine B-2, Niacinamide, Vitamine B-6, Foliumzuur, Vitamine B-12, Biotine, Pantothenisch zuur, Calcium, IJzer, Fosfor, Lodine, Magnesium, Zink, Selium, Koper, Mangaan, Chroom, Molybdenum, Kalium.<\/p>\n<p>Bruine capsule;\u00a01000 mg kruidenmix bestaande uit Fo-Ti, Gotu Kola, Goudzegelwortel,Siberische Ginseng. (waarvan 100 mg cafe\u00efne).<\/p>\n<p>Ivoren capsules;\u00a0Griffonia Kruid, Slaapmutsjeskruid, Rijstzetmeel, Calciumstearaat.<\/p>\n<p><strong>Inhoud<\/strong><\/p>\n<p>1 x\u00a0<em>Bruin tablet:<\/em>\u00a0vitamine tablet. Deze cap kan uw\u00a0giftige stoffen afvoeren doordat de werkzame bestanddelen zich aan de gifstoffen binden.<\/p>\n<p>2 x\u00a0<em>Ivoor: 5 HTP:<\/em>\u00a0Stabiliseert de gemoedstoestand door het serotine gehalte verhogen.<\/p>\n<p>1 x\u00a0<em>Guarana:<\/em>\u00a0Onderdrukt de fysieke verschijnselen van de kater, zoals vermoeidheid.<\/p>\n<p><strong>Niet gebruiken bij<\/strong><\/p>\n<p>Dit is een voedingssupplement en dient als zodanig gebruikt te worden. Voedingssupplementen kunnen niet als substituut voor een gevarieerde voeding worden gebruikt. Dit is geen geneesmiddel. Beschreven werking is niet met wetenschappelijke criteria beoordeeld. Niet (ver)kopen onder 18 jaar.<\/p>\n<p>&nbsp;<\/p>","protected":false},"excerpt":{"rendered":"<p>After C kopen \u2013 4 stuks Het is algemeen bekend dat bij het gebruik van coca\u00efne of speed men zich de dagen erna futloos en onprettig voelt. After C bevat een samenstelling van vitaminen en aminozuren, die u kunt gebruiken bij vermoeidheid na coca\u00efnegebruik en om uw gemoedstoestand weer op te krikken. GEBRUIK VAN AFTER [&hellip;]<\/p>\n","protected":false},"featured_media":14126,"comment_status":"closed","ping_status":"closed","template":"","meta":{"site-sidebar-layout":"default","site-content-layout":"default","ast-site-content-layout":"default","site-content-style":"default","site-sidebar-style":"default","ast-global-header-display":"","ast-banner-title-visibility":"","ast-main-header-display":"","ast-hfb-above-header-display":"","ast-hfb-below-header-display":"","ast-hfb-mobile-header-display":"","site-post-title":"","ast-breadcrumbs-content":"","ast-featured-img":"","footer-sml-layout":"","theme-transparent-header-meta":"default","adv-header-id-meta":"","stick-header-meta":"","header-above-stick-meta":"","header-main-stick-meta":"","header-below-stick-meta":"","astra-migrate-meta-layouts":"default","ast-page-background-enabled":"default","ast-page-background-meta":{"desktop":{"background-color":"","background-image":"","background-repeat":"repeat","background-position":"center center","background-size":"auto","background-attachment":"scroll","background-type":"","background-media":"","overlay-type":"","overlay-color":"","overlay-opacity":"","overlay-gradient":""},"tablet":{"background-color":"","background-image":"","background-repeat":"repeat","background-position":"center center","background-size":"auto","background-attachment":"scroll","background-type":"","background-media":"","overlay-type":"","overlay-color":"","overlay-opacity":"","overlay-gradient":""},"mobile":{"background-color":"","background-image":"","background-repeat":"repeat","background-position":"center center","background-size":"auto","background-attachment":"scroll","background-type":"","background-media":"","overlay-type":"","overlay-color":"","overlay-opacity":"","overlay-gradient":""}},"ast-content-background-meta":{"desktop":{"background-color":"var(--ast-global-color-5)","background-image":"","background-repeat":"repeat","background-position":"center center","background-size":"auto","background-attachment":"scroll","background-type":"","background-media":"","overlay-type":"","overlay-color":"","overlay-opacity":"","overlay-gradient":""},"tablet":{"background-color":"var(--ast-global-color-5)","background-image":"","background-repeat":"repeat","background-position":"center center","background-size":"auto","background-attachment":"scroll","background-type":"","background-media":"","overlay-type":"","overlay-color":"","overlay-opacity":"","overlay-gradient":""},"mobile":{"background-color":"var(--ast-global-color-5)","background-image":"","background-repeat":"repeat","background-position":"center center","background-size":"auto","background-attachment":"scroll","background-type":"","background-media":"","overlay-type":"","overlay-color":"","overlay-opacity":"","overlay-gradient":""}}},"product_brand":[],"product_cat":[20344,20345,20309],"product_tag":[20346,20347],"class_list":{"0":"post-14089","1":"product","2":"type-product","3":"status-publish","4":"has-post-thumbnail","6":"product_cat-healthshop","7":"product_cat-herstel","8":"product_cat-smartshop","9":"product_tag-healthshop","10":"product_tag-herstel","11":"desktop-align-center","12":"tablet-align-center","13":"mobile-align-center","15":"first","16":"outofstock","17":"shipping-taxable","18":"purchasable","19":"product-type-simple"},"yoast_head":"<!-- This site is optimized with the Yoast SEO plugin v27.4 - https:\/\/yoast.com\/product\/yoast-seo-wordpress\/ -->\n<title>After C Kopen? - Op=Op- 3MMC kopen<\/title>\n<meta name=\"description\" content=\"Bij 3MMC kopen kun je gemakkelijk en snel After C bestellen en morgen al onderzoeken! Voor 17:00 besteld is vandaag al verzonden. Wees er snel bij.\" \/>\n<meta name=\"robots\" content=\"index, follow, max-snippet:-1, max-image-preview:large, max-video-preview:-1\" \/>\n<link rel=\"canonical\" href=\"https:\/\/3-mmckopen.nl\/pl\/3mmc-kopen\/shop\/smartshop\/herstel\/after-c\/\" \/>\n<meta property=\"og:locale\" content=\"pl_PL\" \/>\n<meta property=\"og:type\" content=\"article\" \/>\n<meta property=\"og:title\" content=\"After C Kopen? - Op=Op- 3MMC kopen\" \/>\n<meta property=\"og:description\" content=\"Bij 3MMC kopen kun je gemakkelijk en snel After C bestellen en morgen al onderzoeken! Voor 17:00 besteld is vandaag al verzonden. Wees er snel bij.\" \/>\n<meta property=\"og:url\" content=\"https:\/\/3-mmckopen.nl\/pl\/3mmc-kopen\/shop\/smartshop\/herstel\/after-c\/\" \/>\n<meta property=\"og:site_name\" content=\"3MMC kopen\" \/>\n<meta property=\"article:modified_time\" content=\"2026-01-29T12:04:16+00:00\" \/>\n<meta property=\"og:image\" content=\"https:\/\/3-mmckopen.nl\/wp-content\/uploads\/2022\/03\/2016-600x600-1.jpg\" \/>\n\t<meta property=\"og:image:width\" content=\"600\" \/>\n\t<meta property=\"og:image:height\" content=\"600\" \/>\n\t<meta property=\"og:image:type\" content=\"image\/jpeg\" \/>\n<meta name=\"twitter:card\" content=\"summary_large_image\" \/>\n<meta name=\"twitter:label1\" content=\"Szacowany czas czytania\" \/>\n\t<meta name=\"twitter:data1\" content=\"2 minuty\" \/>\n<script type=\"application\/ld+json\" class=\"yoast-schema-graph\">{\"@context\":\"https:\\\/\\\/schema.org\",\"@graph\":[{\"@type\":\"WebPage\",\"@id\":\"https:\\\/\\\/3-mmckopen.nl\\\/3mmc-kopen\\\/shop\\\/smartshop\\\/herstel\\\/after-c\\\/\",\"url\":\"https:\\\/\\\/3-mmckopen.nl\\\/3mmc-kopen\\\/shop\\\/smartshop\\\/herstel\\\/after-c\\\/\",\"name\":\"After C Kopen? - Op=Op- 3MMC kopen\",\"isPartOf\":{\"@id\":\"https:\\\/\\\/3-mmckopen.nl\\\/#website\"},\"primaryImageOfPage\":{\"@id\":\"https:\\\/\\\/3-mmckopen.nl\\\/3mmc-kopen\\\/shop\\\/smartshop\\\/herstel\\\/after-c\\\/#primaryimage\"},\"image\":{\"@id\":\"https:\\\/\\\/3-mmckopen.nl\\\/3mmc-kopen\\\/shop\\\/smartshop\\\/herstel\\\/after-c\\\/#primaryimage\"},\"thumbnailUrl\":\"https:\\\/\\\/3-mmckopen.nl\\\/wp-content\\\/uploads\\\/2022\\\/03\\\/2016-600x600-1.jpg\",\"datePublished\":\"2022-03-18T21:29:03+00:00\",\"dateModified\":\"2026-01-29T12:04:16+00:00\",\"description\":\"Bij 3MMC kopen kun je gemakkelijk en snel After C bestellen en morgen al onderzoeken! Voor 17:00 besteld is vandaag al verzonden. Wees er snel bij.\",\"breadcrumb\":{\"@id\":\"https:\\\/\\\/3-mmckopen.nl\\\/3mmc-kopen\\\/shop\\\/smartshop\\\/herstel\\\/after-c\\\/#breadcrumb\"},\"inLanguage\":\"pl-PL\",\"potentialAction\":[{\"@type\":\"ReadAction\",\"target\":[\"https:\\\/\\\/3-mmckopen.nl\\\/3mmc-kopen\\\/shop\\\/smartshop\\\/herstel\\\/after-c\\\/\"]}]},{\"@type\":\"ImageObject\",\"inLanguage\":\"pl-PL\",\"@id\":\"https:\\\/\\\/3-mmckopen.nl\\\/3mmc-kopen\\\/shop\\\/smartshop\\\/herstel\\\/after-c\\\/#primaryimage\",\"url\":\"https:\\\/\\\/3-mmckopen.nl\\\/wp-content\\\/uploads\\\/2022\\\/03\\\/2016-600x600-1.jpg\",\"contentUrl\":\"https:\\\/\\\/3-mmckopen.nl\\\/wp-content\\\/uploads\\\/2022\\\/03\\\/2016-600x600-1.jpg\",\"width\":600,\"height\":600},{\"@type\":\"BreadcrumbList\",\"@id\":\"https:\\\/\\\/3-mmckopen.nl\\\/3mmc-kopen\\\/shop\\\/smartshop\\\/herstel\\\/after-c\\\/#breadcrumb\",\"itemListElement\":[{\"@type\":\"ListItem\",\"position\":1,\"name\":\"Home\",\"item\":\"https:\\\/\\\/3-mmckopen.nl\\\/\"},{\"@type\":\"ListItem\",\"position\":2,\"name\":\"Winkel\",\"item\":\"https:\\\/\\\/3-mmckopen.nl\\\/winkel\\\/\"},{\"@type\":\"ListItem\",\"position\":3,\"name\":\"After C\"}]},{\"@type\":\"WebSite\",\"@id\":\"https:\\\/\\\/3-mmckopen.nl\\\/#website\",\"url\":\"https:\\\/\\\/3-mmckopen.nl\\\/\",\"name\":\"3MMC kopen\",\"description\":\"VOOR ALLE THUIS CHEMISI EN ONDERZOEKERS ONDER ONS\",\"publisher\":{\"@id\":\"https:\\\/\\\/3-mmckopen.nl\\\/#organization\"},\"potentialAction\":[{\"@type\":\"SearchAction\",\"target\":{\"@type\":\"EntryPoint\",\"urlTemplate\":\"https:\\\/\\\/3-mmckopen.nl\\\/?s={search_term_string}\"},\"query-input\":{\"@type\":\"PropertyValueSpecification\",\"valueRequired\":true,\"valueName\":\"search_term_string\"}}],\"inLanguage\":\"pl-PL\"},{\"@type\":\"Organization\",\"@id\":\"https:\\\/\\\/3-mmckopen.nl\\\/#organization\",\"name\":\"3mmc kopen\",\"url\":\"https:\\\/\\\/3-mmckopen.nl\\\/\",\"logo\":{\"@type\":\"ImageObject\",\"inLanguage\":\"pl-PL\",\"@id\":\"https:\\\/\\\/3-mmckopen.nl\\\/#\\\/schema\\\/logo\\\/image\\\/\",\"url\":\"https:\\\/\\\/3-mmckopen.nl\\\/wp-content\\\/uploads\\\/2024\\\/03\\\/3mmckopennl.webp\",\"contentUrl\":\"https:\\\/\\\/3-mmckopen.nl\\\/wp-content\\\/uploads\\\/2024\\\/03\\\/3mmckopennl.webp\",\"width\":300,\"height\":118,\"caption\":\"3mmc kopen\"},\"image\":{\"@id\":\"https:\\\/\\\/3-mmckopen.nl\\\/#\\\/schema\\\/logo\\\/image\\\/\"},\"sameAs\":[\"https:\\\/\\\/www.instagram.com\\\/dehuisprofessor\\\/\",\"https:\\\/\\\/nl.pinterest.com\\\/dehuisprofessor\\\/\",\"https:\\\/\\\/www.youtube.com\\\/channel\\\/UCsGzCVJiHsWLILEEHDzCNqA\"]}]}<\/script>\n<!-- \/ Yoast SEO plugin. -->","yoast_head_json":{"title":"After C Kopen? - Op=Op- 3MMC kopen","description":"Bij 3MMC kopen kun je gemakkelijk en snel After C bestellen en morgen al onderzoeken! Voor 17:00 besteld is vandaag al verzonden. Wees er snel bij.","robots":{"index":"index","follow":"follow","max-snippet":"max-snippet:-1","max-image-preview":"max-image-preview:large","max-video-preview":"max-video-preview:-1"},"canonical":"https:\/\/3-mmckopen.nl\/pl\/3mmc-kopen\/shop\/smartshop\/herstel\/after-c\/","og_locale":"pl_PL","og_type":"article","og_title":"After C Kopen? - Op=Op- 3MMC kopen","og_description":"Bij 3MMC kopen kun je gemakkelijk en snel After C bestellen en morgen al onderzoeken! Voor 17:00 besteld is vandaag al verzonden. Wees er snel bij.","og_url":"https:\/\/3-mmckopen.nl\/pl\/3mmc-kopen\/shop\/smartshop\/herstel\/after-c\/","og_site_name":"3MMC kopen","article_modified_time":"2026-01-29T12:04:16+00:00","og_image":[{"width":600,"height":600,"url":"https:\/\/3-mmckopen.nl\/wp-content\/uploads\/2022\/03\/2016-600x600-1.jpg","type":"image\/jpeg"}],"twitter_card":"summary_large_image","twitter_misc":{"Szacowany czas czytania":"2 minuty"},"schema":{"@context":"https:\/\/schema.org","@graph":[{"@type":"WebPage","@id":"https:\/\/3-mmckopen.nl\/3mmc-kopen\/shop\/smartshop\/herstel\/after-c\/","url":"https:\/\/3-mmckopen.nl\/3mmc-kopen\/shop\/smartshop\/herstel\/after-c\/","name":"After C Kopen? - Op=Op- 3MMC kopen","isPartOf":{"@id":"https:\/\/3-mmckopen.nl\/#website"},"primaryImageOfPage":{"@id":"https:\/\/3-mmckopen.nl\/3mmc-kopen\/shop\/smartshop\/herstel\/after-c\/#primaryimage"},"image":{"@id":"https:\/\/3-mmckopen.nl\/3mmc-kopen\/shop\/smartshop\/herstel\/after-c\/#primaryimage"},"thumbnailUrl":"https:\/\/3-mmckopen.nl\/wp-content\/uploads\/2022\/03\/2016-600x600-1.jpg","datePublished":"2022-03-18T21:29:03+00:00","dateModified":"2026-01-29T12:04:16+00:00","description":"Bij 3MMC kopen kun je gemakkelijk en snel After C bestellen en morgen al onderzoeken! Voor 17:00 besteld is vandaag al verzonden. Wees er snel bij.","breadcrumb":{"@id":"https:\/\/3-mmckopen.nl\/3mmc-kopen\/shop\/smartshop\/herstel\/after-c\/#breadcrumb"},"inLanguage":"pl-PL","potentialAction":[{"@type":"ReadAction","target":["https:\/\/3-mmckopen.nl\/3mmc-kopen\/shop\/smartshop\/herstel\/after-c\/"]}]},{"@type":"ImageObject","inLanguage":"pl-PL","@id":"https:\/\/3-mmckopen.nl\/3mmc-kopen\/shop\/smartshop\/herstel\/after-c\/#primaryimage","url":"https:\/\/3-mmckopen.nl\/wp-content\/uploads\/2022\/03\/2016-600x600-1.jpg","contentUrl":"https:\/\/3-mmckopen.nl\/wp-content\/uploads\/2022\/03\/2016-600x600-1.jpg","width":600,"height":600},{"@type":"BreadcrumbList","@id":"https:\/\/3-mmckopen.nl\/3mmc-kopen\/shop\/smartshop\/herstel\/after-c\/#breadcrumb","itemListElement":[{"@type":"ListItem","position":1,"name":"Home","item":"https:\/\/3-mmckopen.nl\/"},{"@type":"ListItem","position":2,"name":"Winkel","item":"https:\/\/3-mmckopen.nl\/winkel\/"},{"@type":"ListItem","position":3,"name":"After C"}]},{"@type":"WebSite","@id":"https:\/\/3-mmckopen.nl\/#website","url":"https:\/\/3-mmckopen.nl\/","name":"kup 3MMC","description":"DLA WSZYSTKICH DOMOWYCH CHEMIKALI I NAUKOWC\u00d3W W\u015aR\u00d3D NAS","publisher":{"@id":"https:\/\/3-mmckopen.nl\/#organization"},"potentialAction":[{"@type":"SearchAction","target":{"@type":"EntryPoint","urlTemplate":"https:\/\/3-mmckopen.nl\/?s={search_term_string}"},"query-input":{"@type":"PropertyValueSpecification","valueRequired":true,"valueName":"search_term_string"}}],"inLanguage":"pl-PL"},{"@type":"Organization","@id":"https:\/\/3-mmckopen.nl\/#organization","name":"3mmc kopen","url":"https:\/\/3-mmckopen.nl\/","logo":{"@type":"ImageObject","inLanguage":"pl-PL","@id":"https:\/\/3-mmckopen.nl\/#\/schema\/logo\/image\/","url":"https:\/\/3-mmckopen.nl\/wp-content\/uploads\/2024\/03\/3mmckopennl.webp","contentUrl":"https:\/\/3-mmckopen.nl\/wp-content\/uploads\/2024\/03\/3mmckopennl.webp","width":300,"height":118,"caption":"3mmc kopen"},"image":{"@id":"https:\/\/3-mmckopen.nl\/#\/schema\/logo\/image\/"},"sameAs":["https:\/\/www.instagram.com\/dehuisprofessor\/","https:\/\/nl.pinterest.com\/dehuisprofessor\/","https:\/\/www.youtube.com\/channel\/UCsGzCVJiHsWLILEEHDzCNqA"]}]}},"_links":{"self":[{"href":"https:\/\/3-mmckopen.nl\/pl\/wp-json\/wp\/v2\/product\/14089","targetHints":{"allow":["GET"]}}],"collection":[{"href":"https:\/\/3-mmckopen.nl\/pl\/wp-json\/wp\/v2\/product"}],"about":[{"href":"https:\/\/3-mmckopen.nl\/pl\/wp-json\/wp\/v2\/types\/product"}],"replies":[{"embeddable":true,"href":"https:\/\/3-mmckopen.nl\/pl\/wp-json\/wp\/v2\/comments?post=14089"}],"version-history":[{"count":0,"href":"https:\/\/3-mmckopen.nl\/pl\/wp-json\/wp\/v2\/product\/14089\/revisions"}],"wp:featuredmedia":[{"embeddable":true,"href":"https:\/\/3-mmckopen.nl\/pl\/wp-json\/wp\/v2\/media\/14126"}],"wp:attachment":[{"href":"https:\/\/3-mmckopen.nl\/pl\/wp-json\/wp\/v2\/media?parent=14089"}],"wp:term":[{"taxonomy":"product_brand","embeddable":true,"href":"https:\/\/3-mmckopen.nl\/pl\/wp-json\/wp\/v2\/product_brand?post=14089"},{"taxonomy":"product_cat","embeddable":true,"href":"https:\/\/3-mmckopen.nl\/pl\/wp-json\/wp\/v2\/product_cat?post=14089"},{"taxonomy":"product_tag","embeddable":true,"href":"https:\/\/3-mmckopen.nl\/pl\/wp-json\/wp\/v2\/product_tag?post=14089"}],"curies":[{"name":"wp","href":"https:\/\/api.w.org\/{rel}","templated":true}]}}