{"id":14136,"date":"2022-03-18T22:30:46","date_gmt":"2022-03-18T21:30:46","guid":{"rendered":"https:\/\/3-mmckopen.nl\/?post_type=product&#038;p=14136"},"modified":"2024-01-03T10:37:17","modified_gmt":"2024-01-03T09:37:17","slug":"volcano-hybrid-vaporizer","status":"publish","type":"product","link":"https:\/\/3-mmckopen.nl\/pl\/3mmc-kopen\/shop\/headshop\/vaporizers\/volcano-hybrid-vaporizer\/","title":{"rendered":"Waporyzator hybrydowy Volcano"},"content":{"rendered":"<h1>Kup waporyzator hybrydowy Storz &amp; Bickel Volcano<\/h1>\n<p><strong>Og\u00f3lny:<\/strong><br \/>\nParownik VOLCANO firmy STORZ &amp; BICKEL to doskona\u0142a jako\u015b\u0107 i funkcjonalno\u015b\u0107, a tak\u017ce innowacyjno\u015b\u0107 i pierwszorz\u0119dny design. Od czasu wprowadzenia linii produkt\u00f3w VOLCANO firma STORZ &amp; BICKEL stale rozwija i unowocze\u015bnia wiod\u0105cy na \u015bwiecie waporyzator sto\u0142owy. Teraz STORZ &amp; BICKEL z dum\u0105 prezentuje najnowsz\u0105 edycj\u0119: VOLCANO HYBRID! Zupe\u0142nie nowy VOLCANO HYBRID charakteryzuje si\u0119 nie tylko zoptymalizowanym zarz\u0105dzaniem przep\u0142ywem powietrza i szybszym czasem nagrzewania. Ale tak\u017ce dzi\u0119ki nowoczesnemu systemowi podw\u00f3jnej inhalacji i kontroli aplikacji z po\u0142\u0105czeniem Bluetooth.<\/p>\n<p><strong>JEDNO URZ\u0104DZENIE, DWA SYSTEMY.<\/strong><br \/>\nNowy VOLCANO HYBRID k\u0142adzie kres wszelkim dyskusjom na temat idealnego parownika. Niezale\u017cnie od tego, czy wolisz balon, czy tub\u0119, VOLCANO HYBRID zachwyca pierwszorz\u0119dnym designem, imponuj\u0105cymi funkcjami i wyj\u0105tkow\u0105 jako\u015bci\u0105, jakiej oczekujesz od STORZ &amp; BICKEL.<\/p>\n<p>DOTYK KLASY.<br \/>\nDobry waporyzator stacjonarny powinien by\u0107 tak\u017ce \u0142atwy w obs\u0142udze. Dlatego VOLCANO HYBRID posiada r\u00f3wnie\u017c wyrafinowany wy\u015bwietlacz ze zintegrowanymi przyciskami dotykowymi. Ustaw temperatur\u0119, aktywuj pomp\u0119 powietrza \u2013 spersonalizowane dzia\u0142anie waporyzatora to tylko jedno naci\u015bni\u0119cie przycisku.<\/p>\n<p><strong>CIEP\u0141O JEST<\/strong>\u00a0<strong>NA.<\/strong><br \/>\nPrzygotowanie VOLCANO do odpowiedniej temperatury nigdy nie by\u0142o tak szybkie. Wyposa\u017cony w ulepszony wymiennik ciep\u0142a, VOLCANO HYBRID jest gotowy do u\u017cycia w ci\u0105gu 40 sekund.<\/p>\n<p><strong>Nie bez powodu nazywa si\u0119 to hybryd\u0105.<\/strong><br \/>\nOddychaj r\u00f3\u017cnic\u0105 \u2013 w zupe\u0142nie nowy spos\u00f3b: dzi\u0119ki swobodnie poruszaj\u0105cemu si\u0119 w\u0119\u017cowi VOLCANO HYBRID oferuje drug\u0105 metod\u0119 aplikacji. Wdychaj sch\u0142odzon\u0105 par\u0119 bezpo\u015brednio ze \u017ar\u00f3d\u0142a, praktycznie bez oporu powietrza.<\/p>\n<p><strong>APLIKACJA BLUETOOTH.<\/strong><br \/>\nNowy Volcano jest zintegrowany z aplikacj\u0105 Storz &amp; Bickel, kt\u00f3ra zwi\u0119ksza mo\u017cliwo\u015bci waporyzatora. Jest to dost\u0119pne dla Androida i iOS. Daje to ka\u017cdemu kontrol\u0119 nad procesem ogrzewania i nie tylko:<br \/>\n\u2022 Dostosuj ustawienia<br \/>\n\u2022 Aktualizacje oprogramowania sprz\u0119towego<br \/>\n\u2022 Dostosuj automatyczne wy\u0142\u0105czanie<br \/>\n\u2022 W\u0142\u0105cz\/wy\u0142\u0105cz wibracje<br \/>\n\u2022 Ustaw jasno\u015b\u0107 diody LED<br \/>\n\u2022 Tw\u00f3rz przep\u0142ywy pracy<br \/>\n\u2022 Zapisz numery seryjne<\/p>\n<p><strong>Paczka zawiera:<\/strong><br \/>\n\u2013 1x Generator gor\u0105cego powietrza Volcano Hybrid<br \/>\n\u2013 1x przew\u00f3d zasilaj\u0105cy<br \/>\n\u2013 3x balon Easy Valve z ustnikiem<br \/>\n\u2013 1x balon Easy Valve z adapterem<br \/>\n\u2013 1x system rurowy<br \/>\n\u2013 1x Komora nape\u0142niania<br \/>\n\u2013 1x pier\u015bcie\u0144 nasadki<br \/>\n\u2013 1x Zestaw gazi normalny (ok. \u00d8 30 mm)<br \/>\n\u2013 1x Poduszka ociekowa (ok. \u00d8 28 x 4 mm)<br \/>\n\u2013 1x Szczotka do czyszczenia<br \/>\n\u2013 1x zestaw filtr\u00f3w powietrza<br \/>\n\u2013 1x Szlifierka (ok. \u00d8 55 mm)<br \/>\n\u2013 1x Instrukcja<\/p>","protected":false},"excerpt":{"rendered":"<p>Czas dostawy 2-5 dni roboczych<\/p>","protected":false},"featured_media":14189,"comment_status":"closed","ping_status":"closed","template":"","meta":{"site-sidebar-layout":"default","site-content-layout":"default","ast-site-content-layout":"default","site-content-style":"default","site-sidebar-style":"default","ast-global-header-display":"","ast-banner-title-visibility":"","ast-main-header-display":"","ast-hfb-above-header-display":"","ast-hfb-below-header-display":"","ast-hfb-mobile-header-display":"","site-post-title":"","ast-breadcrumbs-content":"","ast-featured-img":"","footer-sml-layout":"","theme-transparent-header-meta":"default","adv-header-id-meta":"","stick-header-meta":"","header-above-stick-meta":"","header-main-stick-meta":"","header-below-stick-meta":"","astra-migrate-meta-layouts":"default","ast-page-background-enabled":"default","ast-page-background-meta":{"desktop":{"background-color":"","background-image":"","background-repeat":"repeat","background-position":"center center","background-size":"auto","background-attachment":"scroll","background-type":"","background-media":"","overlay-type":"","overlay-color":"","overlay-opacity":"","overlay-gradient":""},"tablet":{"background-color":"","background-image":"","background-repeat":"repeat","background-position":"center center","background-size":"auto","background-attachment":"scroll","background-type":"","background-media":"","overlay-type":"","overlay-color":"","overlay-opacity":"","overlay-gradient":""},"mobile":{"background-color":"","background-image":"","background-repeat":"repeat","background-position":"center center","background-size":"auto","background-attachment":"scroll","background-type":"","background-media":"","overlay-type":"","overlay-color":"","overlay-opacity":"","overlay-gradient":""}},"ast-content-background-meta":{"desktop":{"background-color":"var(--ast-global-color-5)","background-image":"","background-repeat":"repeat","background-position":"center center","background-size":"auto","background-attachment":"scroll","background-type":"","background-media":"","overlay-type":"","overlay-color":"","overlay-opacity":"","overlay-gradient":""},"tablet":{"background-color":"var(--ast-global-color-5)","background-image":"","background-repeat":"repeat","background-position":"center center","background-size":"auto","background-attachment":"scroll","background-type":"","background-media":"","overlay-type":"","overlay-color":"","overlay-opacity":"","overlay-gradient":""},"mobile":{"background-color":"var(--ast-global-color-5)","background-image":"","background-repeat":"repeat","background-position":"center center","background-size":"auto","background-attachment":"scroll","background-type":"","background-media":"","overlay-type":"","overlay-color":"","overlay-opacity":"","overlay-gradient":""}}},"product_brand":[],"product_cat":[20328,20373],"product_tag":[20371,20374,20375],"class_list":{"0":"post-14136","1":"product","2":"type-product","3":"status-publish","4":"has-post-thumbnail","6":"product_cat-headshop","7":"product_cat-vaporizers","8":"product_tag-smokeshop","9":"product_tag-vapeshop","10":"product_tag-vaporizer","11":"desktop-align-center","12":"tablet-align-center","13":"mobile-align-center","15":"first","16":"outofstock","17":"sale","18":"shipping-taxable","19":"purchasable","20":"product-type-simple"},"yoast_head":"<!-- This site is optimized with the Yoast SEO plugin v27.4 - https:\/\/yoast.com\/product\/yoast-seo-wordpress\/ -->\n<title>Volcano Hybrid Vaporizer Kopen? - Op=Op- 3MMC kopen<\/title>\n<meta name=\"description\" content=\"Bij 3MMC kopen kun je gemakkelijk en snel Volcano Hybrid Vaporizer bestellen en morgen al onderzoeken! Voor 17:00 besteld is vandaag al verzonden. Wees er snel bij.\" \/>\n<meta name=\"robots\" content=\"index, follow, max-snippet:-1, max-image-preview:large, max-video-preview:-1\" \/>\n<link rel=\"canonical\" href=\"https:\/\/3-mmckopen.nl\/pl\/3mmc-kopen\/shop\/headshop\/vaporizers\/volcano-hybrid-vaporizer\/\" \/>\n<meta property=\"og:locale\" content=\"pl_PL\" \/>\n<meta property=\"og:type\" content=\"article\" \/>\n<meta property=\"og:title\" content=\"Volcano Hybrid Vaporizer Kopen? - Op=Op- 3MMC kopen\" \/>\n<meta property=\"og:description\" content=\"Bij 3MMC kopen kun je gemakkelijk en snel Volcano Hybrid Vaporizer bestellen en morgen al onderzoeken! Voor 17:00 besteld is vandaag al verzonden. Wees er snel bij.\" \/>\n<meta property=\"og:url\" content=\"https:\/\/3-mmckopen.nl\/pl\/3mmc-kopen\/shop\/headshop\/vaporizers\/volcano-hybrid-vaporizer\/\" \/>\n<meta property=\"og:site_name\" content=\"3MMC kopen\" \/>\n<meta property=\"article:modified_time\" content=\"2024-01-03T09:37:17+00:00\" \/>\n<meta property=\"og:image\" content=\"https:\/\/3-mmckopen.nl\/wp-content\/uploads\/2022\/03\/VOLCANO-HYBRID-6-600x600-1.png\" \/>\n\t<meta property=\"og:image:width\" content=\"600\" \/>\n\t<meta property=\"og:image:height\" content=\"600\" \/>\n\t<meta property=\"og:image:type\" content=\"image\/png\" \/>\n<meta name=\"twitter:card\" content=\"summary_large_image\" \/>\n<meta name=\"twitter:label1\" content=\"Szacowany czas czytania\" \/>\n\t<meta name=\"twitter:data1\" content=\"2 minuty\" \/>\n<script type=\"application\/ld+json\" class=\"yoast-schema-graph\">{\"@context\":\"https:\\\/\\\/schema.org\",\"@graph\":[{\"@type\":\"WebPage\",\"@id\":\"https:\\\/\\\/3-mmckopen.nl\\\/pl\\\/3mmc-kopen\\\/shop\\\/headshop\\\/vaporizers\\\/volcano-hybrid-vaporizer\\\/\",\"url\":\"https:\\\/\\\/3-mmckopen.nl\\\/pl\\\/3mmc-kopen\\\/shop\\\/headshop\\\/vaporizers\\\/volcano-hybrid-vaporizer\\\/\",\"name\":\"Volcano Hybrid Vaporizer Kopen? - Op=Op- 3MMC kopen\",\"isPartOf\":{\"@id\":\"https:\\\/\\\/3-mmckopen.nl\\\/#website\"},\"primaryImageOfPage\":{\"@id\":\"https:\\\/\\\/3-mmckopen.nl\\\/pl\\\/3mmc-kopen\\\/shop\\\/headshop\\\/vaporizers\\\/volcano-hybrid-vaporizer\\\/#primaryimage\"},\"image\":{\"@id\":\"https:\\\/\\\/3-mmckopen.nl\\\/pl\\\/3mmc-kopen\\\/shop\\\/headshop\\\/vaporizers\\\/volcano-hybrid-vaporizer\\\/#primaryimage\"},\"thumbnailUrl\":\"https:\\\/\\\/3-mmckopen.nl\\\/wp-content\\\/uploads\\\/2022\\\/03\\\/VOLCANO-HYBRID-6-600x600-1.png\",\"datePublished\":\"2022-03-18T21:30:46+00:00\",\"dateModified\":\"2024-01-03T09:37:17+00:00\",\"description\":\"Bij 3MMC kopen kun je gemakkelijk en snel Volcano Hybrid Vaporizer bestellen en morgen al onderzoeken! Voor 17:00 besteld is vandaag al verzonden. Wees er snel bij.\",\"breadcrumb\":{\"@id\":\"https:\\\/\\\/3-mmckopen.nl\\\/pl\\\/3mmc-kopen\\\/shop\\\/headshop\\\/vaporizers\\\/volcano-hybrid-vaporizer\\\/#breadcrumb\"},\"inLanguage\":\"pl-PL\",\"potentialAction\":[{\"@type\":\"ReadAction\",\"target\":[\"https:\\\/\\\/3-mmckopen.nl\\\/pl\\\/3mmc-kopen\\\/shop\\\/headshop\\\/vaporizers\\\/volcano-hybrid-vaporizer\\\/\"]}]},{\"@type\":\"ImageObject\",\"inLanguage\":\"pl-PL\",\"@id\":\"https:\\\/\\\/3-mmckopen.nl\\\/pl\\\/3mmc-kopen\\\/shop\\\/headshop\\\/vaporizers\\\/volcano-hybrid-vaporizer\\\/#primaryimage\",\"url\":\"https:\\\/\\\/3-mmckopen.nl\\\/wp-content\\\/uploads\\\/2022\\\/03\\\/VOLCANO-HYBRID-6-600x600-1.png\",\"contentUrl\":\"https:\\\/\\\/3-mmckopen.nl\\\/wp-content\\\/uploads\\\/2022\\\/03\\\/VOLCANO-HYBRID-6-600x600-1.png\",\"width\":600,\"height\":600},{\"@type\":\"BreadcrumbList\",\"@id\":\"https:\\\/\\\/3-mmckopen.nl\\\/pl\\\/3mmc-kopen\\\/shop\\\/headshop\\\/vaporizers\\\/volcano-hybrid-vaporizer\\\/#breadcrumb\",\"itemListElement\":[{\"@type\":\"ListItem\",\"position\":1,\"name\":\"Home\",\"item\":\"https:\\\/\\\/3-mmckopen.nl\\\/\"},{\"@type\":\"ListItem\",\"position\":2,\"name\":\"Winkel\",\"item\":\"https:\\\/\\\/3-mmckopen.nl\\\/winkel\\\/\"},{\"@type\":\"ListItem\",\"position\":3,\"name\":\"Volcano Hybrid Vaporizer\"}]},{\"@type\":\"WebSite\",\"@id\":\"https:\\\/\\\/3-mmckopen.nl\\\/#website\",\"url\":\"https:\\\/\\\/3-mmckopen.nl\\\/\",\"name\":\"3MMC kopen\",\"description\":\"VOOR ALLE THUIS CHEMISI EN ONDERZOEKERS ONDER ONS\",\"publisher\":{\"@id\":\"https:\\\/\\\/3-mmckopen.nl\\\/#organization\"},\"potentialAction\":[{\"@type\":\"SearchAction\",\"target\":{\"@type\":\"EntryPoint\",\"urlTemplate\":\"https:\\\/\\\/3-mmckopen.nl\\\/?s={search_term_string}\"},\"query-input\":{\"@type\":\"PropertyValueSpecification\",\"valueRequired\":true,\"valueName\":\"search_term_string\"}}],\"inLanguage\":\"pl-PL\"},{\"@type\":\"Organization\",\"@id\":\"https:\\\/\\\/3-mmckopen.nl\\\/#organization\",\"name\":\"3mmc kopen\",\"url\":\"https:\\\/\\\/3-mmckopen.nl\\\/\",\"logo\":{\"@type\":\"ImageObject\",\"inLanguage\":\"pl-PL\",\"@id\":\"https:\\\/\\\/3-mmckopen.nl\\\/#\\\/schema\\\/logo\\\/image\\\/\",\"url\":\"https:\\\/\\\/3-mmckopen.nl\\\/wp-content\\\/uploads\\\/2024\\\/03\\\/3mmckopennl.webp\",\"contentUrl\":\"https:\\\/\\\/3-mmckopen.nl\\\/wp-content\\\/uploads\\\/2024\\\/03\\\/3mmckopennl.webp\",\"width\":300,\"height\":118,\"caption\":\"3mmc kopen\"},\"image\":{\"@id\":\"https:\\\/\\\/3-mmckopen.nl\\\/#\\\/schema\\\/logo\\\/image\\\/\"},\"sameAs\":[\"https:\\\/\\\/www.instagram.com\\\/dehuisprofessor\\\/\",\"https:\\\/\\\/nl.pinterest.com\\\/dehuisprofessor\\\/\",\"https:\\\/\\\/www.youtube.com\\\/channel\\\/UCsGzCVJiHsWLILEEHDzCNqA\"]}]}<\/script>\n<!-- \/ Yoast SEO plugin. -->","yoast_head_json":{"title":"Volcano Hybrid Vaporizer Kopen? - Op=Op- 3MMC kopen","description":"Bij 3MMC kopen kun je gemakkelijk en snel Volcano Hybrid Vaporizer bestellen en morgen al onderzoeken! Voor 17:00 besteld is vandaag al verzonden. Wees er snel bij.","robots":{"index":"index","follow":"follow","max-snippet":"max-snippet:-1","max-image-preview":"max-image-preview:large","max-video-preview":"max-video-preview:-1"},"canonical":"https:\/\/3-mmckopen.nl\/pl\/3mmc-kopen\/shop\/headshop\/vaporizers\/volcano-hybrid-vaporizer\/","og_locale":"pl_PL","og_type":"article","og_title":"Volcano Hybrid Vaporizer Kopen? - Op=Op- 3MMC kopen","og_description":"Bij 3MMC kopen kun je gemakkelijk en snel Volcano Hybrid Vaporizer bestellen en morgen al onderzoeken! Voor 17:00 besteld is vandaag al verzonden. Wees er snel bij.","og_url":"https:\/\/3-mmckopen.nl\/pl\/3mmc-kopen\/shop\/headshop\/vaporizers\/volcano-hybrid-vaporizer\/","og_site_name":"3MMC kopen","article_modified_time":"2024-01-03T09:37:17+00:00","og_image":[{"width":600,"height":600,"url":"https:\/\/3-mmckopen.nl\/wp-content\/uploads\/2022\/03\/VOLCANO-HYBRID-6-600x600-1.png","type":"image\/png"}],"twitter_card":"summary_large_image","twitter_misc":{"Szacowany czas czytania":"2 minuty"},"schema":{"@context":"https:\/\/schema.org","@graph":[{"@type":"WebPage","@id":"https:\/\/3-mmckopen.nl\/pl\/3mmc-kopen\/shop\/headshop\/vaporizers\/volcano-hybrid-vaporizer\/","url":"https:\/\/3-mmckopen.nl\/pl\/3mmc-kopen\/shop\/headshop\/vaporizers\/volcano-hybrid-vaporizer\/","name":"Volcano Hybrid Vaporizer Kopen? - Op=Op- 3MMC kopen","isPartOf":{"@id":"https:\/\/3-mmckopen.nl\/#website"},"primaryImageOfPage":{"@id":"https:\/\/3-mmckopen.nl\/pl\/3mmc-kopen\/shop\/headshop\/vaporizers\/volcano-hybrid-vaporizer\/#primaryimage"},"image":{"@id":"https:\/\/3-mmckopen.nl\/pl\/3mmc-kopen\/shop\/headshop\/vaporizers\/volcano-hybrid-vaporizer\/#primaryimage"},"thumbnailUrl":"https:\/\/3-mmckopen.nl\/wp-content\/uploads\/2022\/03\/VOLCANO-HYBRID-6-600x600-1.png","datePublished":"2022-03-18T21:30:46+00:00","dateModified":"2024-01-03T09:37:17+00:00","description":"Bij 3MMC kopen kun je gemakkelijk en snel Volcano Hybrid Vaporizer bestellen en morgen al onderzoeken! Voor 17:00 besteld is vandaag al verzonden. Wees er snel bij.","breadcrumb":{"@id":"https:\/\/3-mmckopen.nl\/pl\/3mmc-kopen\/shop\/headshop\/vaporizers\/volcano-hybrid-vaporizer\/#breadcrumb"},"inLanguage":"pl-PL","potentialAction":[{"@type":"ReadAction","target":["https:\/\/3-mmckopen.nl\/pl\/3mmc-kopen\/shop\/headshop\/vaporizers\/volcano-hybrid-vaporizer\/"]}]},{"@type":"ImageObject","inLanguage":"pl-PL","@id":"https:\/\/3-mmckopen.nl\/pl\/3mmc-kopen\/shop\/headshop\/vaporizers\/volcano-hybrid-vaporizer\/#primaryimage","url":"https:\/\/3-mmckopen.nl\/wp-content\/uploads\/2022\/03\/VOLCANO-HYBRID-6-600x600-1.png","contentUrl":"https:\/\/3-mmckopen.nl\/wp-content\/uploads\/2022\/03\/VOLCANO-HYBRID-6-600x600-1.png","width":600,"height":600},{"@type":"BreadcrumbList","@id":"https:\/\/3-mmckopen.nl\/pl\/3mmc-kopen\/shop\/headshop\/vaporizers\/volcano-hybrid-vaporizer\/#breadcrumb","itemListElement":[{"@type":"ListItem","position":1,"name":"Home","item":"https:\/\/3-mmckopen.nl\/"},{"@type":"ListItem","position":2,"name":"Winkel","item":"https:\/\/3-mmckopen.nl\/winkel\/"},{"@type":"ListItem","position":3,"name":"Volcano Hybrid Vaporizer"}]},{"@type":"WebSite","@id":"https:\/\/3-mmckopen.nl\/#website","url":"https:\/\/3-mmckopen.nl\/","name":"kup 3MMC","description":"DLA WSZYSTKICH DOMOWYCH CHEMIKALI I NAUKOWC\u00d3W W\u015aR\u00d3D NAS","publisher":{"@id":"https:\/\/3-mmckopen.nl\/#organization"},"potentialAction":[{"@type":"SearchAction","target":{"@type":"EntryPoint","urlTemplate":"https:\/\/3-mmckopen.nl\/?s={search_term_string}"},"query-input":{"@type":"PropertyValueSpecification","valueRequired":true,"valueName":"search_term_string"}}],"inLanguage":"pl-PL"},{"@type":"Organization","@id":"https:\/\/3-mmckopen.nl\/#organization","name":"3mmc kopen","url":"https:\/\/3-mmckopen.nl\/","logo":{"@type":"ImageObject","inLanguage":"pl-PL","@id":"https:\/\/3-mmckopen.nl\/#\/schema\/logo\/image\/","url":"https:\/\/3-mmckopen.nl\/wp-content\/uploads\/2024\/03\/3mmckopennl.webp","contentUrl":"https:\/\/3-mmckopen.nl\/wp-content\/uploads\/2024\/03\/3mmckopennl.webp","width":300,"height":118,"caption":"3mmc kopen"},"image":{"@id":"https:\/\/3-mmckopen.nl\/#\/schema\/logo\/image\/"},"sameAs":["https:\/\/www.instagram.com\/dehuisprofessor\/","https:\/\/nl.pinterest.com\/dehuisprofessor\/","https:\/\/www.youtube.com\/channel\/UCsGzCVJiHsWLILEEHDzCNqA"]}]}},"_links":{"self":[{"href":"https:\/\/3-mmckopen.nl\/pl\/wp-json\/wp\/v2\/product\/14136","targetHints":{"allow":["GET"]}}],"collection":[{"href":"https:\/\/3-mmckopen.nl\/pl\/wp-json\/wp\/v2\/product"}],"about":[{"href":"https:\/\/3-mmckopen.nl\/pl\/wp-json\/wp\/v2\/types\/product"}],"replies":[{"embeddable":true,"href":"https:\/\/3-mmckopen.nl\/pl\/wp-json\/wp\/v2\/comments?post=14136"}],"version-history":[{"count":0,"href":"https:\/\/3-mmckopen.nl\/pl\/wp-json\/wp\/v2\/product\/14136\/revisions"}],"wp:featuredmedia":[{"embeddable":true,"href":"https:\/\/3-mmckopen.nl\/pl\/wp-json\/wp\/v2\/media\/14189"}],"wp:attachment":[{"href":"https:\/\/3-mmckopen.nl\/pl\/wp-json\/wp\/v2\/media?parent=14136"}],"wp:term":[{"taxonomy":"product_brand","embeddable":true,"href":"https:\/\/3-mmckopen.nl\/pl\/wp-json\/wp\/v2\/product_brand?post=14136"},{"taxonomy":"product_cat","embeddable":true,"href":"https:\/\/3-mmckopen.nl\/pl\/wp-json\/wp\/v2\/product_cat?post=14136"},{"taxonomy":"product_tag","embeddable":true,"href":"https:\/\/3-mmckopen.nl\/pl\/wp-json\/wp\/v2\/product_tag?post=14136"}],"curies":[{"name":"wp","href":"https:\/\/api.w.org\/{rel}","templated":true}]}}