{"id":1522,"date":"2021-02-19T22:16:14","date_gmt":"2021-02-19T21:16:14","guid":{"rendered":"https:\/\/3-mmckopen.nl\/?post_type=product&#038;p=1522"},"modified":"2026-03-31T21:07:21","modified_gmt":"2026-03-31T19:07:21","slug":"1p-lsd-kopen","status":"publish","type":"product","link":"https:\/\/3-mmckopen.nl\/pl\/3mmc-kopen\/shop\/research-chemicals\/lysergamides-chemicals\/1p-lsd-kopen\/","title":{"rendered":"Blottery 1P-LSD 100mcg"},"content":{"rendered":"<h2>1P-LSD Blotters 100mcg kopen<\/h2>\n<h3>Informatie<\/h3>\n<p><strong>Dit product is enkel bestemd voor onderzoeksdoeleinden en niet voor menselijke consumptie.<\/strong> Bewaar deze Lyserginezuur analoog op een koele en droge plaats. Onder goede opslag omstandigheden kan stabiliteit van de RC 1P-LSD tot 2 jaar duren.<\/p>\n<p><strong>Synoniemen<\/strong>:<\/p>\n<p>N,N-diethyl-7-methyl-4-propanoyl-6,6a,8,9-tetrahydroindolo [4,3-fg]chinoline-9-carboxamide<\/p>\n<p><strong>Gevarenaanduidingen<\/strong>:<\/p>\n<p>1P-LSD kan irritatie van de luchtwegen veroorzaken.<\/p>\n<p>1P-LSD kan irritatie van de ogen veroorzaken.<\/p>\n<p>Voorkom lozing van RC&#8217;s in het milieu.<\/p>\n<p><strong>Veiligheidsaanbevelingen<\/strong>:<\/p>\n<p>RC verwijderd houden van warmte \/vonken \/open vuur \/ hete oppervlakken. \u2013 Niet roken<\/p>\n<p>RC in een goed gesloten verpakking en buiten bereik van kinderen bewaren!<\/p>\n<p>BIJ CONTACT VAN 1P-LSD MET DE OGEN: voorzichtig afspoelen met water gedurende een aantal minuten; contactlenzen\u00a0verwijderen, indien mogelijk; blijven spoelen.<\/p>\n<p>BIJ CONTACT VAN 1P-LSD MET DE HUID: met water en zeep wassen.<\/p>\n<p>Inademing van stof \/ rook \/ gas \/ nevel \/ damp \/ spuitnevel van 1p-lsd vermijden.<\/p>\n<p>NA INADEMING VAN 1P-LSD: het slachtoffer in de frisse lucht brengen en laten rusten in een houding die het ademen\u00a0vergemakkelijkt.\u00a0Blijft het slachtoffer onwel onmiddellijk een ANTIGIFCENTRUM of een arts raadplegen.<\/p>\n","protected":false},"excerpt":{"rendered":"<p>1P-LSD Blotters 100mcg kopen Informatie Dit product is enkel bestemd voor onderzoeksdoeleinden en niet voor menselijke consumptie. Bewaar deze Lyserginezuur analoog op een koele en droge plaats. Onder goede opslag omstandigheden kan stabiliteit van de RC 1P-LSD tot 2 jaar duren. Synoniemen: N,N-diethyl-7-methyl-4-propanoyl-6,6a,8,9-tetrahydroindolo [4,3-fg]chinoline-9-carboxamide Gevarenaanduidingen: 1P-LSD kan irritatie van de luchtwegen veroorzaken. 1P-LSD kan irritatie [&hellip;]<\/p>\n","protected":false},"featured_media":23255,"comment_status":"closed","ping_status":"closed","template":"","meta":{"site-sidebar-layout":"default","site-content-layout":"default","ast-site-content-layout":"default","site-content-style":"default","site-sidebar-style":"default","ast-global-header-display":"","ast-banner-title-visibility":"","ast-main-header-display":"","ast-hfb-above-header-display":"","ast-hfb-below-header-display":"","ast-hfb-mobile-header-display":"","site-post-title":"","ast-breadcrumbs-content":"","ast-featured-img":"","footer-sml-layout":"","theme-transparent-header-meta":"default","adv-header-id-meta":"","stick-header-meta":"default","header-above-stick-meta":"","header-main-stick-meta":"","header-below-stick-meta":"","astra-migrate-meta-layouts":"set","ast-page-background-enabled":"default","ast-page-background-meta":{"desktop":{"background-color":"","background-image":"","background-repeat":"repeat","background-position":"center center","background-size":"auto","background-attachment":"scroll","background-type":"","background-media":"","overlay-type":"","overlay-color":"","overlay-opacity":"","overlay-gradient":""},"tablet":{"background-color":"","background-image":"","background-repeat":"repeat","background-position":"center center","background-size":"auto","background-attachment":"scroll","background-type":"","background-media":"","overlay-type":"","overlay-color":"","overlay-opacity":"","overlay-gradient":""},"mobile":{"background-color":"","background-image":"","background-repeat":"repeat","background-position":"center center","background-size":"auto","background-attachment":"scroll","background-type":"","background-media":"","overlay-type":"","overlay-color":"","overlay-opacity":"","overlay-gradient":""}},"ast-content-background-meta":{"desktop":{"background-color":"var(--ast-global-color-5)","background-image":"","background-repeat":"repeat","background-position":"center center","background-size":"auto","background-attachment":"scroll","background-type":"","background-media":"","overlay-type":"","overlay-color":"","overlay-opacity":"","overlay-gradient":""},"tablet":{"background-color":"var(--ast-global-color-5)","background-image":"","background-repeat":"repeat","background-position":"center center","background-size":"auto","background-attachment":"scroll","background-type":"","background-media":"","overlay-type":"","overlay-color":"","overlay-opacity":"","overlay-gradient":""},"mobile":{"background-color":"var(--ast-global-color-5)","background-image":"","background-repeat":"repeat","background-position":"center center","background-size":"auto","background-attachment":"scroll","background-type":"","background-media":"","overlay-type":"","overlay-color":"","overlay-opacity":"","overlay-gradient":""}}},"product_brand":[],"product_cat":[20414,20299,20303,20326],"product_tag":[20201],"class_list":{"0":"post-1522","1":"product","2":"type-product","3":"status-publish","4":"has-post-thumbnail","6":"product_cat-1p-lsd","7":"product_cat-lysergamides-chemicals","8":"product_cat-populaire-chemicals","9":"product_cat-research-chemicals","10":"product_tag-lsd","11":"desktop-align-center","12":"tablet-align-center","13":"mobile-align-center","15":"first","16":"instock","17":"shipping-taxable","18":"purchasable","19":"product-type-variable"},"yoast_head":"<!-- This site is optimized with the Yoast SEO plugin v27.3 - https:\/\/yoast.com\/product\/yoast-seo-wordpress\/ -->\n<title>1P LSD kopen - Snel, veilig en betrouwbaar - app16847.cloudwayssites.com<\/title>\n<meta name=\"description\" content=\"1P LSD kopen doet u bij ons aan het juiste adres. Top kwaliteit en service. 1P-LSD bestellen doet u bij app16847.cloudwayssites.com\" \/>\n<meta name=\"robots\" content=\"index, follow, max-snippet:-1, max-image-preview:large, max-video-preview:-1\" \/>\n<link rel=\"canonical\" href=\"https:\/\/3-mmckopen.nl\/pl\/3mmc-kopen\/shop\/research-chemicals\/lysergamides-chemicals\/1p-lsd-kopen\/\" \/>\n<meta property=\"og:locale\" content=\"pl_PL\" \/>\n<meta property=\"og:type\" content=\"article\" \/>\n<meta property=\"og:title\" content=\"1P LSD kopen - Snel, veilig en betrouwbaar - app16847.cloudwayssites.com\" \/>\n<meta property=\"og:description\" content=\"1P LSD kopen doet u bij ons aan het juiste adres. Top kwaliteit en service. 1P-LSD bestellen doet u bij app16847.cloudwayssites.com\" \/>\n<meta property=\"og:url\" content=\"https:\/\/3-mmckopen.nl\/pl\/3mmc-kopen\/shop\/research-chemicals\/lysergamides-chemicals\/1p-lsd-kopen\/\" \/>\n<meta property=\"og:site_name\" content=\"3MMC kopen\" \/>\n<meta property=\"article:modified_time\" content=\"2026-03-31T19:07:21+00:00\" \/>\n<meta property=\"og:image\" content=\"https:\/\/3-mmckopen.nl\/wp-content\/uploads\/2021\/02\/1p-lsd-2.png\" \/>\n\t<meta property=\"og:image:width\" content=\"1600\" \/>\n\t<meta property=\"og:image:height\" content=\"900\" \/>\n\t<meta property=\"og:image:type\" content=\"image\/png\" \/>\n<meta name=\"twitter:card\" content=\"summary_large_image\" \/>\n<meta name=\"twitter:label1\" content=\"Szacowany czas czytania\" \/>\n\t<meta name=\"twitter:data1\" content=\"2 minuty\" \/>\n<script type=\"application\/ld+json\" class=\"yoast-schema-graph\">{\"@context\":\"https:\\\/\\\/schema.org\",\"@graph\":[{\"@type\":\"WebPage\",\"@id\":\"https:\\\/\\\/3-mmckopen.nl\\\/3mmc-kopen\\\/shop\\\/research-chemicals\\\/lysergamides-chemicals\\\/1p-lsd-kopen\\\/\",\"url\":\"https:\\\/\\\/3-mmckopen.nl\\\/3mmc-kopen\\\/shop\\\/research-chemicals\\\/lysergamides-chemicals\\\/1p-lsd-kopen\\\/\",\"name\":\"1P LSD kopen - Snel, veilig en betrouwbaar - app16847.cloudwayssites.com\",\"isPartOf\":{\"@id\":\"https:\\\/\\\/3-mmckopen.nl\\\/#website\"},\"primaryImageOfPage\":{\"@id\":\"https:\\\/\\\/3-mmckopen.nl\\\/3mmc-kopen\\\/shop\\\/research-chemicals\\\/lysergamides-chemicals\\\/1p-lsd-kopen\\\/#primaryimage\"},\"image\":{\"@id\":\"https:\\\/\\\/3-mmckopen.nl\\\/3mmc-kopen\\\/shop\\\/research-chemicals\\\/lysergamides-chemicals\\\/1p-lsd-kopen\\\/#primaryimage\"},\"thumbnailUrl\":\"https:\\\/\\\/3-mmckopen.nl\\\/wp-content\\\/uploads\\\/2021\\\/02\\\/1p-lsd-2.png\",\"datePublished\":\"2021-02-19T21:16:14+00:00\",\"dateModified\":\"2026-03-31T19:07:21+00:00\",\"description\":\"1P LSD kopen doet u bij ons aan het juiste adres. Top kwaliteit en service. 1P-LSD bestellen doet u bij app16847.cloudwayssites.com\",\"breadcrumb\":{\"@id\":\"https:\\\/\\\/3-mmckopen.nl\\\/3mmc-kopen\\\/shop\\\/research-chemicals\\\/lysergamides-chemicals\\\/1p-lsd-kopen\\\/#breadcrumb\"},\"inLanguage\":\"pl-PL\",\"potentialAction\":[{\"@type\":\"ReadAction\",\"target\":[\"https:\\\/\\\/3-mmckopen.nl\\\/3mmc-kopen\\\/shop\\\/research-chemicals\\\/lysergamides-chemicals\\\/1p-lsd-kopen\\\/\"]}]},{\"@type\":\"ImageObject\",\"inLanguage\":\"pl-PL\",\"@id\":\"https:\\\/\\\/3-mmckopen.nl\\\/3mmc-kopen\\\/shop\\\/research-chemicals\\\/lysergamides-chemicals\\\/1p-lsd-kopen\\\/#primaryimage\",\"url\":\"https:\\\/\\\/3-mmckopen.nl\\\/wp-content\\\/uploads\\\/2021\\\/02\\\/1p-lsd-2.png\",\"contentUrl\":\"https:\\\/\\\/3-mmckopen.nl\\\/wp-content\\\/uploads\\\/2021\\\/02\\\/1p-lsd-2.png\",\"width\":1600,\"height\":900,\"caption\":\"lsd lsd kopen lsd blotters lsd bestellen 1p-lsd 1p-lsd kopen 1p-lsd bestellen 1p-lsd blotters kopen blotters 1p-lsd blotters\"},{\"@type\":\"BreadcrumbList\",\"@id\":\"https:\\\/\\\/3-mmckopen.nl\\\/3mmc-kopen\\\/shop\\\/research-chemicals\\\/lysergamides-chemicals\\\/1p-lsd-kopen\\\/#breadcrumb\",\"itemListElement\":[{\"@type\":\"ListItem\",\"position\":1,\"name\":\"Home\",\"item\":\"https:\\\/\\\/3-mmckopen.nl\\\/\"},{\"@type\":\"ListItem\",\"position\":2,\"name\":\"Winkel\",\"item\":\"https:\\\/\\\/3-mmckopen.nl\\\/winkel\\\/\"},{\"@type\":\"ListItem\",\"position\":3,\"name\":\"1P-LSD Blotters 100mcg\"}]},{\"@type\":\"WebSite\",\"@id\":\"https:\\\/\\\/3-mmckopen.nl\\\/#website\",\"url\":\"https:\\\/\\\/3-mmckopen.nl\\\/\",\"name\":\"3MMC kopen\",\"description\":\"VOOR ALLE THUIS CHEMISI EN ONDERZOEKERS ONDER ONS\",\"publisher\":{\"@id\":\"https:\\\/\\\/3-mmckopen.nl\\\/#organization\"},\"potentialAction\":[{\"@type\":\"SearchAction\",\"target\":{\"@type\":\"EntryPoint\",\"urlTemplate\":\"https:\\\/\\\/3-mmckopen.nl\\\/?s={search_term_string}\"},\"query-input\":{\"@type\":\"PropertyValueSpecification\",\"valueRequired\":true,\"valueName\":\"search_term_string\"}}],\"inLanguage\":\"pl-PL\"},{\"@type\":\"Organization\",\"@id\":\"https:\\\/\\\/3-mmckopen.nl\\\/#organization\",\"name\":\"3mmc kopen\",\"url\":\"https:\\\/\\\/3-mmckopen.nl\\\/\",\"logo\":{\"@type\":\"ImageObject\",\"inLanguage\":\"pl-PL\",\"@id\":\"https:\\\/\\\/3-mmckopen.nl\\\/#\\\/schema\\\/logo\\\/image\\\/\",\"url\":\"https:\\\/\\\/3-mmckopen.nl\\\/wp-content\\\/uploads\\\/2024\\\/03\\\/3mmckopennl.webp\",\"contentUrl\":\"https:\\\/\\\/3-mmckopen.nl\\\/wp-content\\\/uploads\\\/2024\\\/03\\\/3mmckopennl.webp\",\"width\":300,\"height\":118,\"caption\":\"3mmc kopen\"},\"image\":{\"@id\":\"https:\\\/\\\/3-mmckopen.nl\\\/#\\\/schema\\\/logo\\\/image\\\/\"},\"sameAs\":[\"https:\\\/\\\/www.instagram.com\\\/dehuisprofessor\\\/\",\"https:\\\/\\\/nl.pinterest.com\\\/dehuisprofessor\\\/\",\"https:\\\/\\\/www.youtube.com\\\/channel\\\/UCsGzCVJiHsWLILEEHDzCNqA\"]}]}<\/script>\n<!-- \/ Yoast SEO plugin. -->","yoast_head_json":{"title":"1P LSD kopen - Snel, veilig en betrouwbaar - app16847.cloudwayssites.com","description":"1P LSD kopen doet u bij ons aan het juiste adres. Top kwaliteit en service. 1P-LSD bestellen doet u bij app16847.cloudwayssites.com","robots":{"index":"index","follow":"follow","max-snippet":"max-snippet:-1","max-image-preview":"max-image-preview:large","max-video-preview":"max-video-preview:-1"},"canonical":"https:\/\/3-mmckopen.nl\/pl\/3mmc-kopen\/shop\/research-chemicals\/lysergamides-chemicals\/1p-lsd-kopen\/","og_locale":"pl_PL","og_type":"article","og_title":"1P LSD kopen - Snel, veilig en betrouwbaar - app16847.cloudwayssites.com","og_description":"1P LSD kopen doet u bij ons aan het juiste adres. Top kwaliteit en service. 1P-LSD bestellen doet u bij app16847.cloudwayssites.com","og_url":"https:\/\/3-mmckopen.nl\/pl\/3mmc-kopen\/shop\/research-chemicals\/lysergamides-chemicals\/1p-lsd-kopen\/","og_site_name":"3MMC kopen","article_modified_time":"2026-03-31T19:07:21+00:00","og_image":[{"width":1600,"height":900,"url":"https:\/\/3-mmckopen.nl\/wp-content\/uploads\/2021\/02\/1p-lsd-2.png","type":"image\/png"}],"twitter_card":"summary_large_image","twitter_misc":{"Szacowany czas czytania":"2 minuty"},"schema":{"@context":"https:\/\/schema.org","@graph":[{"@type":"WebPage","@id":"https:\/\/3-mmckopen.nl\/3mmc-kopen\/shop\/research-chemicals\/lysergamides-chemicals\/1p-lsd-kopen\/","url":"https:\/\/3-mmckopen.nl\/3mmc-kopen\/shop\/research-chemicals\/lysergamides-chemicals\/1p-lsd-kopen\/","name":"1P LSD kopen - Snel, veilig en betrouwbaar - app16847.cloudwayssites.com","isPartOf":{"@id":"https:\/\/3-mmckopen.nl\/#website"},"primaryImageOfPage":{"@id":"https:\/\/3-mmckopen.nl\/3mmc-kopen\/shop\/research-chemicals\/lysergamides-chemicals\/1p-lsd-kopen\/#primaryimage"},"image":{"@id":"https:\/\/3-mmckopen.nl\/3mmc-kopen\/shop\/research-chemicals\/lysergamides-chemicals\/1p-lsd-kopen\/#primaryimage"},"thumbnailUrl":"https:\/\/3-mmckopen.nl\/wp-content\/uploads\/2021\/02\/1p-lsd-2.png","datePublished":"2021-02-19T21:16:14+00:00","dateModified":"2026-03-31T19:07:21+00:00","description":"1P LSD kopen doet u bij ons aan het juiste adres. Top kwaliteit en service. 1P-LSD bestellen doet u bij app16847.cloudwayssites.com","breadcrumb":{"@id":"https:\/\/3-mmckopen.nl\/3mmc-kopen\/shop\/research-chemicals\/lysergamides-chemicals\/1p-lsd-kopen\/#breadcrumb"},"inLanguage":"pl-PL","potentialAction":[{"@type":"ReadAction","target":["https:\/\/3-mmckopen.nl\/3mmc-kopen\/shop\/research-chemicals\/lysergamides-chemicals\/1p-lsd-kopen\/"]}]},{"@type":"ImageObject","inLanguage":"pl-PL","@id":"https:\/\/3-mmckopen.nl\/3mmc-kopen\/shop\/research-chemicals\/lysergamides-chemicals\/1p-lsd-kopen\/#primaryimage","url":"https:\/\/3-mmckopen.nl\/wp-content\/uploads\/2021\/02\/1p-lsd-2.png","contentUrl":"https:\/\/3-mmckopen.nl\/wp-content\/uploads\/2021\/02\/1p-lsd-2.png","width":1600,"height":900,"caption":"lsd lsd kopen lsd blotters lsd bestellen 1p-lsd 1p-lsd kopen 1p-lsd bestellen 1p-lsd blotters kopen blotters 1p-lsd blotters"},{"@type":"BreadcrumbList","@id":"https:\/\/3-mmckopen.nl\/3mmc-kopen\/shop\/research-chemicals\/lysergamides-chemicals\/1p-lsd-kopen\/#breadcrumb","itemListElement":[{"@type":"ListItem","position":1,"name":"Home","item":"https:\/\/3-mmckopen.nl\/"},{"@type":"ListItem","position":2,"name":"Winkel","item":"https:\/\/3-mmckopen.nl\/winkel\/"},{"@type":"ListItem","position":3,"name":"1P-LSD Blotters 100mcg"}]},{"@type":"WebSite","@id":"https:\/\/3-mmckopen.nl\/#website","url":"https:\/\/3-mmckopen.nl\/","name":"kup 3MMC","description":"DLA WSZYSTKICH DOMOWYCH CHEMIKALI I NAUKOWC\u00d3W W\u015aR\u00d3D NAS","publisher":{"@id":"https:\/\/3-mmckopen.nl\/#organization"},"potentialAction":[{"@type":"SearchAction","target":{"@type":"EntryPoint","urlTemplate":"https:\/\/3-mmckopen.nl\/?s={search_term_string}"},"query-input":{"@type":"PropertyValueSpecification","valueRequired":true,"valueName":"search_term_string"}}],"inLanguage":"pl-PL"},{"@type":"Organization","@id":"https:\/\/3-mmckopen.nl\/#organization","name":"3mmc kopen","url":"https:\/\/3-mmckopen.nl\/","logo":{"@type":"ImageObject","inLanguage":"pl-PL","@id":"https:\/\/3-mmckopen.nl\/#\/schema\/logo\/image\/","url":"https:\/\/3-mmckopen.nl\/wp-content\/uploads\/2024\/03\/3mmckopennl.webp","contentUrl":"https:\/\/3-mmckopen.nl\/wp-content\/uploads\/2024\/03\/3mmckopennl.webp","width":300,"height":118,"caption":"3mmc kopen"},"image":{"@id":"https:\/\/3-mmckopen.nl\/#\/schema\/logo\/image\/"},"sameAs":["https:\/\/www.instagram.com\/dehuisprofessor\/","https:\/\/nl.pinterest.com\/dehuisprofessor\/","https:\/\/www.youtube.com\/channel\/UCsGzCVJiHsWLILEEHDzCNqA"]}]}},"_links":{"self":[{"href":"https:\/\/3-mmckopen.nl\/pl\/wp-json\/wp\/v2\/product\/1522","targetHints":{"allow":["GET"]}}],"collection":[{"href":"https:\/\/3-mmckopen.nl\/pl\/wp-json\/wp\/v2\/product"}],"about":[{"href":"https:\/\/3-mmckopen.nl\/pl\/wp-json\/wp\/v2\/types\/product"}],"replies":[{"embeddable":true,"href":"https:\/\/3-mmckopen.nl\/pl\/wp-json\/wp\/v2\/comments?post=1522"}],"version-history":[{"count":0,"href":"https:\/\/3-mmckopen.nl\/pl\/wp-json\/wp\/v2\/product\/1522\/revisions"}],"wp:featuredmedia":[{"embeddable":true,"href":"https:\/\/3-mmckopen.nl\/pl\/wp-json\/wp\/v2\/media\/23255"}],"wp:attachment":[{"href":"https:\/\/3-mmckopen.nl\/pl\/wp-json\/wp\/v2\/media?parent=1522"}],"wp:term":[{"taxonomy":"product_brand","embeddable":true,"href":"https:\/\/3-mmckopen.nl\/pl\/wp-json\/wp\/v2\/product_brand?post=1522"},{"taxonomy":"product_cat","embeddable":true,"href":"https:\/\/3-mmckopen.nl\/pl\/wp-json\/wp\/v2\/product_cat?post=1522"},{"taxonomy":"product_tag","embeddable":true,"href":"https:\/\/3-mmckopen.nl\/pl\/wp-json\/wp\/v2\/product_tag?post=1522"}],"curies":[{"name":"wp","href":"https:\/\/api.w.org\/{rel}","templated":true}]}}