{"id":223,"date":"2021-01-09T17:36:02","date_gmt":"2021-01-09T16:36:02","guid":{"rendered":"https:\/\/3-mmckopen.nl\/?page_id=223"},"modified":"2025-12-04T15:24:53","modified_gmt":"2025-12-04T14:24:53","slug":"algemene-voorwaarden","status":"publish","type":"page","link":"https:\/\/3-mmckopen.nl\/ro\/algemene-voorwaarden\/","title":{"rendered":"Termeni \u0219i condi\u021bii"},"content":{"rendered":"<p><strong>Articolul 1. Aplicabilitate<\/strong><\/p>\r\n\r\n\r\n\r\n<p><br \/>1.1 Op alle aanbiedingen, bestellingen en overeenkomsten van onze webshop www.app16847.cloudwayssites.com Nederland, zijn deze\u00a0Algemene Voorwaarden van toepassing.<\/p>\r\n\r\n\r\n\r\n<p>1.2 Acceptarea unei oferte sau plasarea unei comenzi \u00eenseamn\u0103 c\u0103 accepta\u021bi aplicabilitatea acestor termeni \u0219i condi\u021bii.<\/p>\r\n\r\n\r\n\r\n<p>1.3 Prevederile acestor Termeni si Conditii pot fi derogate doar in scris, caz in care celelalte prevederi vor ramane in vigoare.<\/p>\r\n\r\n\r\n\r\n<p>1.4 Toate drepturile \u0219i revendic\u0103rile, a\u0219a cum sunt stipulate \u00een ace\u0219ti termeni \u0219i condi\u021bii \u0219i \u00een orice alte acorduri \u00een beneficiul magazinului nostru web, sunt stipulate \u0219i \u00een beneficiul intermediarilor \u0219i al altor ter\u021bi angaja\u021bi de magazinul nostru web.<\/p>\r\n\r\n\r\n\r\n<p><strong>Articolul 2. Oferte\/acorduri<\/strong><\/p>\r\n\r\n\r\n\r\n<p><br \/>2.1 Toate ofertele din magazinul nostru web sunt f\u0103r\u0103 obliga\u021bii \u0219i magazinul nostru web \u00ee\u0219i rezerv\u0103 \u00een mod expres dreptul de a modifica pre\u021burile, \u00een special atunci c\u00e2nd acest lucru este necesar pe baza reglement\u0103rilor (legale). A se vedea, de asemenea, articolul 3.6.<\/p>\r\n\r\n\r\n\r\n<p>2.2 Un acord este \u00eencheiat numai dup\u0103 acceptarea comenzii dumneavoastr\u0103 de c\u0103tre magazinul nostru online. Magazinul nostru web are dreptul s\u0103 refuze comenzile sau s\u0103 ata\u0219eze anumite condi\u021bii la livrare, cu excep\u021bia cazului \u00een care se specific\u0103 altfel \u00een mod expres. Dac\u0103 o comand\u0103 nu este acceptat\u0103, magazinul nostru web v\u0103 va informa \u00een termen de zece (10) zile lucr\u0103toare de la primirea comenzii.<\/p>\r\n\r\n\r\n\r\n<p><strong>Articolul 3. Pre\u021buri \u0219i pl\u0103\u021bi<\/strong><\/p>\r\n\r\n\r\n\r\n<p><br \/>3.1 Pre\u021burile declarate pentru produsele \u0219i serviciile oferite sunt exprimate \u00een euro, inclusiv TVA. \u0219i excluz\u00e2nd costurile de manipulare \u0219i transport, orice taxe sau alte taxe, cu excep\u021bia cazului \u00een care se specific\u0103 altfel sau s-a convenit \u00een scris.<\/p>\r\n\r\n\r\n\r\n<p>3.2 Plata trebuie efectuat\u0103 f\u0103r\u0103 reducere sau compensare \u00een aceea\u0219i zi cu data facturii dac\u0103 se refer\u0103 la livr\u0103ri \u00een \u021a\u0103rile de Jos, livr\u0103m doar \u00een \u021a\u0103rile de Jos.<\/p>\r\n\r\n\r\n\r\n<p>3.3 Plata poate fi efectuat\u0103 \u00eentr-unul dintre modurile indicate \u00een timpul procesului de comand\u0103.<\/p>\r\n\r\n\r\n\r\n<p>3.4 \u00cen cazul \u00een care pre\u021burile pentru produsele \u0219i serviciile oferite cresc \u00een perioada dintre comand\u0103 \u0219i executarea acesteia, ave\u021bi dreptul s\u0103 anula\u021bi comanda, dar dup\u0103 plat\u0103 comanda este obligatorie.<\/p>\r\n\r\n\r\n\r\n<p><strong>Articolul 4. Livrare<\/strong><\/p>\r\n\r\n\r\n\r\n<p><br \/>4.1 Termenele de livrare specificate de magazinul nostru online sunt doar orientative. Dep\u0103\u0219irea oric\u0103rui termen de livrare nu v\u0103 d\u0103 dreptul la desp\u0103gubiri sau dreptul de a v\u0103 anula comanda sau de a dizolva acordul, cu excep\u021bia cazului \u00een care dep\u0103\u0219irea termenului de livrare este de a\u0219a natur\u0103 \u00eenc\u00e2t nu se poate a\u0219tepta \u00een mod rezonabil s\u0103 men\u021bine\u021bi acordul. \u00cen acest caz, ave\u021bi dreptul s\u0103 anula\u021bi comanda sau s\u0103 dizolva\u021bi acordul, \u00een m\u0103sura \u00een care este necesar.<\/p>\r\n\r\n\r\n\r\n<p>4.2 Livrarea produselor are loc \u00een locul \u0219i ora \u00een care produsele sunt gata pentru expediere c\u0103tre dumneavoastr\u0103.<\/p>\r\n\r\n\r\n\r\n<p><strong>Articolul 5. Rezerva de proprietate<\/strong><\/p>\r\n\r\n\r\n\r\n<p><br \/>5.1 Proprietatea produselor livrate va fi transferat\u0103 numai dac\u0103 a\u021bi pl\u0103tit tot ceea ce datora\u021bi magazinului nostru online \u00een baza oric\u0103rui acord. Riscul cu privire la produse v\u0103 este deja transferat \u00een momentul livr\u0103rii.<\/p>\r\n\r\n\r\n\r\n<p><strong>Articolul 6. Drepturi de proprietate intelectual\u0103 \u0219i industrial\u0103<\/strong><\/p>\r\n\r\n\r\n\r\n<p><br \/>6.1 Trebuie s\u0103 respecta\u021bi pe deplin \u0219i necondi\u021bionat toate drepturile de proprietate intelectual\u0103 \u0219i industrial\u0103 care se bazeaz\u0103 pe produsele furnizate de magazinul nostru online.<\/p>\r\n\r\n\r\n\r\n<p>6.2 Magazinul nostru web nu garanteaz\u0103 c\u0103 produsele livrate c\u0103tre dvs. nu \u00eencalc\u0103 niciun drept (nescris) de proprietate intelectual\u0103 \u0219i\/sau industrial\u0103 a ter\u021bilor.<\/p>\r\n\r\n\r\n\r\n<p><strong>Articolul 7. Reclama\u021bii \u0219i r\u0103spundere<\/strong><\/p>\r\n\r\n\r\n\r\n<p><br \/>7.1 Ave\u021bi obliga\u021bia de a verifica la livrare dac\u0103 produsele sunt conforme cu acordul. Dac\u0103 nu este cazul, trebuie s\u0103 informa\u021bi magazinul nostru online despre acest lucru c\u00e2t mai cur\u00e2nd posibil \u0219i, \u00een orice caz, \u00een termen de \u0219apte (7) zile lucr\u0103toare de la livrare, sau cel pu\u021bin dup\u0103 ce observarea a fost posibil\u0103 \u00een mod rezonabil, \u00een scris\/e-mail \u0219i cu motive.<\/p>\r\n\r\n\r\n\r\n<p>7.2 \u00cen cazul \u00een care s-a demonstrat c\u0103 produsele nu respect\u0103 acordul, magazinul nostru web are posibilitatea de a \u00eenlocui produsele \u00een cauz\u0103 cu produse noi \u00eempotriva return\u0103rii acestora sau de a rambursa valoarea pe factur\u0103 a acestora.<\/p>\r\n\r\n\r\n\r\n<p>7.3 Dac\u0103 nu dori\u021bi s\u0103 cump\u0103ra\u021bi un produs din orice motiv, dumneavoastr\u0103, ca persoan\u0103 fizic\u0103, ave\u021bi dreptul de a returna produsul magazinului nostru online \u00een termen de \u0219apte (7) zile lucr\u0103toare de la livrare. \u00cen acest caz, expedierile de retur sunt acceptate numai dac\u0103 ambalajul produsului este nedeteriorat, costurile pentru expedierile de retur sunt \u0219i \u00een contul dumneavoastr\u0103.<\/p>\r\n\r\n\r\n\r\n<p><strong>Articolul 8. Ordine\/comunicare<\/strong><\/p>\r\n\r\n\r\n\r\n<p><br \/>8.1 Pentru ne\u00een\u021belegeri, mutil\u0103ri, \u00eent\u00e2rzieri sau transmitere necorespunz\u0103toare a comenzilor \u0219i comunic\u0103rilor ca urmare a utiliz\u0103rii internetului sau a oric\u0103rui alt mijloc de comunicare \u00een traficul dintre dvs. \u0219i magazinul nostru web, sau \u00eentre magazinul nostru web \u0219i ter\u021bi, \u00een m\u0103sura \u00een care se refer\u0103 pentru rela\u021bia dintre dvs. \u0219i magazinul nostru web, magazinul nostru web nu este r\u0103spunz\u0103tor, cu excep\u021bia cazului \u00een care \u0219i \u00een m\u0103sura \u00een care exist\u0103 inten\u021bie sau neglijen\u021b\u0103 grav\u0103 din partea magazinului nostru web.<\/p>\r\n\r\n\r\n\r\n<p><strong>Articolul 9. Forta majora<\/strong><\/p>\r\n\r\n\r\n\r\n<p><br \/>9.1 F\u0103r\u0103 a prejudicia celelalte drepturi ale sale, \u00een caz de for\u021b\u0103 major\u0103, magazinul nostru web are dreptul, la propria discre\u021bie, de a suspenda executarea comenzii dumneavoastr\u0103 sau de a rezilia acordul f\u0103r\u0103 interven\u021bie judiciar\u0103, prin notificarea dumneavoastr\u0103 \u00een scris. f\u0103r\u0103 ca magazinul nostru web s\u0103 fie obligat s\u0103 pl\u0103teasc\u0103 vreo compensa\u021bie, cu excep\u021bia cazului \u00een care acest lucru ar fi inacceptabil \u00een circumstan\u021bele date, conform standardelor de corectitudine \u0219i corectitudine.<\/p>\r\n\r\n\r\n\r\n<p>9.2 Prin for\u021b\u0103 major\u0103 se \u00een\u021belege orice neajuns care nu poate fi atribuit magazinului nostru online, deoarece nu se datoreaz\u0103 vinei sale \u0219i nu este \u00een contul s\u0103u conform legii, actului juridic sau opiniilor general acceptate.<\/p>\r\n\r\n\r\n\r\n<p><strong>Articolul 10. Diverse<\/strong><\/p>\r\n\r\n\r\n\r\n<p><br \/>10.1 Dac\u0103 furniza\u021bi magazinului nostru web o adres\u0103 \u00een scris, magazinul nostru web are dreptul de a trimite toate comenzile la acea adres\u0103, cu excep\u021bia cazului \u00een care informa\u021bi magazinul nostru online \u00een scris cu privire la o alt\u0103 adres\u0103 la care ar trebui s\u0103 fie trimise comenzile dumneavoastr\u0103.<\/p>\r\n\r\n\r\n\r\n<p>10.2 Dac\u0103 magazinul nostru web permite abateri de la ace\u0219ti Termeni \u0219i Condi\u021bii, fie \u00een mod tacit sau nu, pentru o perioad\u0103 scurt\u0103 sau mai lung\u0103 de timp, acest lucru nu \u00eei afecteaz\u0103 dreptul de a solicita respectarea imediat\u0103 \u0219i strict\u0103 a acestor Termeni \u0219i Condi\u021bii. Nu pute\u021bi afirma niciodat\u0103 niciun drept pe baza faptului c\u0103 magazinul nostru web aplic\u0103 ace\u0219ti Termeni f\u0103r\u0103 probleme.<\/p>\r\n\r\n\r\n\r\n<p>10.3 Dac\u0103 una sau mai multe dintre prevederile acestor Termeni \u0219i Condi\u021bii sau orice alt acord cu magazinul nostru web ar intra \u00een conflict cu orice prevedere legal\u0103 aplicabil\u0103, prevederea relevant\u0103 va expira \u0219i va fi \u00eenlocuit\u0103 cu o nou\u0103 prevedere legal\u0103 permis\u0103, care va fi stabilit\u0103 de c\u0103tre magazin online.dispozi\u021bie similar\u0103.<\/p>\r\n\r\n\r\n\r\n<p>10.4 Magazinul nostru web este autorizat s\u0103 foloseasc\u0103 ter\u021bi pentru executarea comenzilor dumneavoastr\u0103.<\/p>\r\n\r\n\r\n\r\n<p><strong>Articolul 11. Legea aplicabil\u0103 \u0219i instan\u021ba competent\u0103<\/strong><\/p>\r\n\r\n\r\n\r\n<p><br \/>11.1 Toate drepturile, obliga\u021biile, ofertele, comenzile \u0219i acordurile c\u0103rora li se aplic\u0103 ace\u0219ti termeni \u0219i condi\u021bii, precum \u0219i ace\u0219ti termeni \u0219i condi\u021bii, sunt guvernate exclusiv de legea olandez\u0103.<\/p>\r\n\r\n\r\n\r\n<p>11.2 Alle geschillen tussen partijen zullen bij uitsluiting worden voorgelegd aan de daartoe bevoegde rechter in Nederland. De producten worden verstuurd via\u00a0postNL. Enige vertraging of het niet aankomen, dan wel beschadiging van de levering nemen wij niet voor onze rekening. Dit ligt bij postNL\u00a0of bij de klant. Bij briefpost zullen wij geen her-zending doen in geval van verlies door postnl. Wij kunnen alleen her-zenden als is bewezen dat het pakketje niet aangekomen is op het door de klant aangegeven adres. Dit geld alleen bij pakketten die traceerbaar zijn door middel van tracking code. Wij zijn niet aansprakelijk voor het invullen van het adres. De klant vult een adres in en wij versturen er heen, is het adres verkeerd of ontbreekt hier iets, dan is dat nooit aan ons te verwijten en is dat het probleem van de klant.<\/p>\r\n\r\n\r\n\r\n<p><strong>12. Prin plasarea unei comenzi \u00een magazinul nostru web sunte\u021bi de acord cu regulile \u0219i condi\u021biile de mai jos.<\/strong><\/p>\r\n\r\n\r\n\r\n<p><br \/>12.1 Pentru toate produsele trebuie s\u0103 ave\u021bi 18 ani sau mai mult, prin includerea acestor produse \u00een comand\u0103 confirma\u021bi c\u0103 a\u021bi \u00eemplinit deja v\u00e2rsta minim\u0103 de 18 ani. Dac\u0103 ave\u021bi \u00eendoieli, poate fi solicitat\u0103 o copie a dovezii de identitate.<\/p>\r\n\r\n\r\n\r\n<p>12.2 Achizi\u021bionarea produselor prin intermediul acestui site web se face pe propriul risc. Nu putem fi tra\u0219i la r\u0103spundere pentru daunele rezultate din utilizarea produselor livrate.<\/p>\r\n\r\n\r\n\r\n<p>12.3 A\u021bi citit cu aten\u021bie \u0219i a\u021bi \u00een\u021beles pagina de informa\u021bii despre produs. Urma\u021bi toate instruc\u021biunile despre produse de pe site-ul nostru web \u0219i lua\u021bi \u00een considerare toate avertismentele.<\/p>\r\n\r\n\r\n\r\n<p>12.4 Sunte\u021bi personal responsabil pentru \u00eengrijirea produselor comandate. P\u0103stra\u021bi-le \u00eentr-un loc sigur, la \u00eendem\u00e2na copiilor, a animalelor de companie \u0219i a persoanelor cu ra\u021bionament redus, cu excep\u021bia cazului \u00een care produsul este destinat grupurilor \u021bint\u0103 de mai sus.<\/p>\r\n\r\n\r\n\r\n<p>12.5 Toate produsele noastre cu siguran\u021b\u0103 nu sunt destinate consumului uman \u0219i ar trebui s\u0103 fie tot timpul la \u00eendem\u00e2na copiilor \u0219i a animalelor \u0219i a persoanelor mai pu\u021bin responsabile.<\/p>\r\n\r\n\r\n\r\n<p>12.6 Al onze producten worden uitsluitend verkocht voor\u00a0RESEARCH DOELEINDEN. Wij zijn dan ook niet aansprakelijk bij gebruik voor andere doeleinden dan voorgenoemde.<\/p>\r\n\r\n\r\n\r\n<p>12.7 To\u021bi cei care cump\u0103r\u0103 \u00een magazinul nostru web trebuie s\u0103 aib\u0103 18 ani sau mai mult. C\u00e2nd avem dubii, putem anula o comand\u0103 sau putem solicita informa\u021bii de identificare.<\/p>\r\n\r\n\r\n\r\n<p>12.8 Wij zijn nooit aansprakelijk voor gevolgen die voortvloeien uit ander gebruik dan hierboven is genoemd. Bij research gaan wij er derhalve van uit dat u over voldoende kennis beschikt om dit te\u00a0doen.<\/p>\r\n\r\n\r\n\r\n<p>12.9 Dac\u0103 o comand\u0103 este anulat\u0103 din orice motiv, costurile de administrare de 15 EUR vor fi percepute la rambursarea sumei comenzii.<\/p>\r\n\r\n\r\n\r\n<p><strong>13. 3-MMC \u0219i 3-CMC interdic\u021bie<\/strong><\/p>\r\n\r\n\r\n\r\n<p>13.1 3-MMC \u0219i 3-cmc sunt produse ilegale \u0219i nu pot fi comandate sau achizi\u021bionate aici. Dac\u0103 unul dintre aceste produse a fost comandat, 2-MMC va fi expediat.<\/p>","protected":false},"excerpt":{"rendered":"<p>Artikel 1. Toepasselijkheid 1.1 Op alle aanbiedingen, bestellingen en overeenkomsten van onze webshop www.app16847.cloudwayssites.com Nederland, zijn deze\u00a0Algemene Voorwaarden van toepassing. 1.2 Het accepteren van een aanbieding dan wel het doen van een bestelling houdt in dat u de toepasselijkheid van deze voorwaarden aanvaardt. 1.3 Van het in deze Voorwaarden bepaalde kan slechts schriftelijk worden afgeweken, [&hellip;]<\/p>\n","protected":false},"author":199606847,"featured_media":0,"parent":0,"menu_order":0,"comment_status":"closed","ping_status":"closed","template":"","meta":{"site-sidebar-layout":"default","site-content-layout":"","ast-site-content-layout":"default","site-content-style":"default","site-sidebar-style":"default","ast-global-header-display":"","ast-banner-title-visibility":"","ast-main-header-display":"","ast-hfb-above-header-display":"","ast-hfb-below-header-display":"","ast-hfb-mobile-header-display":"","site-post-title":"","ast-breadcrumbs-content":"","ast-featured-img":"","footer-sml-layout":"","theme-transparent-header-meta":"default","adv-header-id-meta":"","stick-header-meta":"","header-above-stick-meta":"","header-main-stick-meta":"","header-below-stick-meta":"","astra-migrate-meta-layouts":"set","ast-page-background-enabled":"default","ast-page-background-meta":{"desktop":{"background-color":"","background-image":"","background-repeat":"repeat","background-position":"center center","background-size":"auto","background-attachment":"scroll","background-type":"","background-media":"","overlay-type":"","overlay-color":"","overlay-opacity":"","overlay-gradient":""},"tablet":{"background-color":"","background-image":"","background-repeat":"repeat","background-position":"center center","background-size":"auto","background-attachment":"scroll","background-type":"","background-media":"","overlay-type":"","overlay-color":"","overlay-opacity":"","overlay-gradient":""},"mobile":{"background-color":"","background-image":"","background-repeat":"repeat","background-position":"center center","background-size":"auto","background-attachment":"scroll","background-type":"","background-media":"","overlay-type":"","overlay-color":"","overlay-opacity":"","overlay-gradient":""}},"ast-content-background-meta":{"desktop":{"background-color":"var(--ast-global-color-5)","background-image":"","background-repeat":"repeat","background-position":"center center","background-size":"auto","background-attachment":"scroll","background-type":"","background-media":"","overlay-type":"","overlay-color":"","overlay-opacity":"","overlay-gradient":""},"tablet":{"background-color":"var(--ast-global-color-5)","background-image":"","background-repeat":"repeat","background-position":"center center","background-size":"auto","background-attachment":"scroll","background-type":"","background-media":"","overlay-type":"","overlay-color":"","overlay-opacity":"","overlay-gradient":""},"mobile":{"background-color":"var(--ast-global-color-5)","background-image":"","background-repeat":"repeat","background-position":"center center","background-size":"auto","background-attachment":"scroll","background-type":"","background-media":"","overlay-type":"","overlay-color":"","overlay-opacity":"","overlay-gradient":""}},"footnotes":""},"class_list":["post-223","page","type-page","status-publish","hentry"],"yoast_head":"<!-- This site is optimized with the Yoast SEO plugin v27.4 - https:\/\/yoast.com\/product\/yoast-seo-wordpress\/ -->\n<title>Algemene Voorwaarden Lezen | 3-mmckopen.nl<\/title>\n<meta name=\"description\" content=\"Lees onze algemene voorwaarden. Duidelijke afspraken over levering en service. Transparant en eerlijk. Voor 17:00 besteld = vandaag verzonden!\" \/>\n<meta name=\"robots\" content=\"index, follow, max-snippet:-1, max-image-preview:large, max-video-preview:-1\" \/>\n<link rel=\"canonical\" href=\"https:\/\/3-mmckopen.nl\/ro\/algemene-voorwaarden\/\" \/>\n<meta property=\"og:locale\" content=\"ro_RO\" \/>\n<meta property=\"og:type\" content=\"article\" \/>\n<meta property=\"og:title\" content=\"Algemene Voorwaarden Lezen | 3-mmckopen.nl\" \/>\n<meta property=\"og:description\" content=\"Lees onze algemene voorwaarden. Duidelijke afspraken over levering en service. Transparant en eerlijk. Voor 17:00 besteld = vandaag verzonden!\" \/>\n<meta property=\"og:url\" content=\"https:\/\/3-mmckopen.nl\/ro\/algemene-voorwaarden\/\" \/>\n<meta property=\"og:site_name\" content=\"3MMC kopen\" \/>\n<meta property=\"article:modified_time\" content=\"2025-12-04T14:24:53+00:00\" \/>\n<meta property=\"og:image\" content=\"https:\/\/3-mmckopen.nl\/wp-content\/uploads\/2024\/03\/3mmckopennl.webp\" \/>\n\t<meta property=\"og:image:width\" content=\"300\" \/>\n\t<meta property=\"og:image:height\" content=\"118\" \/>\n\t<meta property=\"og:image:type\" content=\"image\/webp\" \/>\n<meta name=\"twitter:card\" content=\"summary_large_image\" \/>\n<meta name=\"twitter:label1\" content=\"Timp estimat pentru citire\" \/>\n\t<meta name=\"twitter:data1\" content=\"8 minute\" \/>\n<script type=\"application\/ld+json\" class=\"yoast-schema-graph\">{\"@context\":\"https:\\\/\\\/schema.org\",\"@graph\":[{\"@type\":\"WebPage\",\"@id\":\"https:\\\/\\\/3-mmckopen.nl\\\/algemene-voorwaarden\\\/\",\"url\":\"https:\\\/\\\/3-mmckopen.nl\\\/algemene-voorwaarden\\\/\",\"name\":\"Algemene Voorwaarden Lezen | 3-mmckopen.nl\",\"isPartOf\":{\"@id\":\"https:\\\/\\\/3-mmckopen.nl\\\/#website\"},\"datePublished\":\"2021-01-09T16:36:02+00:00\",\"dateModified\":\"2025-12-04T14:24:53+00:00\",\"description\":\"Lees onze algemene voorwaarden. Duidelijke afspraken over levering en service. Transparant en eerlijk. Voor 17:00 besteld = vandaag verzonden!\",\"breadcrumb\":{\"@id\":\"https:\\\/\\\/3-mmckopen.nl\\\/algemene-voorwaarden\\\/#breadcrumb\"},\"inLanguage\":\"ro-RO\",\"potentialAction\":[{\"@type\":\"ReadAction\",\"target\":[\"https:\\\/\\\/3-mmckopen.nl\\\/algemene-voorwaarden\\\/\"]}]},{\"@type\":\"BreadcrumbList\",\"@id\":\"https:\\\/\\\/3-mmckopen.nl\\\/algemene-voorwaarden\\\/#breadcrumb\",\"itemListElement\":[{\"@type\":\"ListItem\",\"position\":1,\"name\":\"Home\",\"item\":\"https:\\\/\\\/3-mmckopen.nl\\\/\"},{\"@type\":\"ListItem\",\"position\":2,\"name\":\"Algemene voorwaarden\"}]},{\"@type\":\"WebSite\",\"@id\":\"https:\\\/\\\/3-mmckopen.nl\\\/#website\",\"url\":\"https:\\\/\\\/3-mmckopen.nl\\\/\",\"name\":\"3MMC kopen\",\"description\":\"VOOR ALLE THUIS CHEMISI EN ONDERZOEKERS ONDER ONS\",\"publisher\":{\"@id\":\"https:\\\/\\\/3-mmckopen.nl\\\/#organization\"},\"potentialAction\":[{\"@type\":\"SearchAction\",\"target\":{\"@type\":\"EntryPoint\",\"urlTemplate\":\"https:\\\/\\\/3-mmckopen.nl\\\/?s={search_term_string}\"},\"query-input\":{\"@type\":\"PropertyValueSpecification\",\"valueRequired\":true,\"valueName\":\"search_term_string\"}}],\"inLanguage\":\"ro-RO\"},{\"@type\":\"Organization\",\"@id\":\"https:\\\/\\\/3-mmckopen.nl\\\/#organization\",\"name\":\"3mmc kopen\",\"url\":\"https:\\\/\\\/3-mmckopen.nl\\\/\",\"logo\":{\"@type\":\"ImageObject\",\"inLanguage\":\"ro-RO\",\"@id\":\"https:\\\/\\\/3-mmckopen.nl\\\/#\\\/schema\\\/logo\\\/image\\\/\",\"url\":\"https:\\\/\\\/3-mmckopen.nl\\\/wp-content\\\/uploads\\\/2024\\\/03\\\/3mmckopennl.webp\",\"contentUrl\":\"https:\\\/\\\/3-mmckopen.nl\\\/wp-content\\\/uploads\\\/2024\\\/03\\\/3mmckopennl.webp\",\"width\":300,\"height\":118,\"caption\":\"3mmc kopen\"},\"image\":{\"@id\":\"https:\\\/\\\/3-mmckopen.nl\\\/#\\\/schema\\\/logo\\\/image\\\/\"},\"sameAs\":[\"https:\\\/\\\/www.instagram.com\\\/dehuisprofessor\\\/\",\"https:\\\/\\\/nl.pinterest.com\\\/dehuisprofessor\\\/\",\"https:\\\/\\\/www.youtube.com\\\/channel\\\/UCsGzCVJiHsWLILEEHDzCNqA\"]}]}<\/script>\n<!-- \/ Yoast SEO plugin. -->","yoast_head_json":{"title":"Algemene Voorwaarden Lezen | 3-mmckopen.nl","description":"Lees onze algemene voorwaarden. Duidelijke afspraken over levering en service. Transparant en eerlijk. Voor 17:00 besteld = vandaag verzonden!","robots":{"index":"index","follow":"follow","max-snippet":"max-snippet:-1","max-image-preview":"max-image-preview:large","max-video-preview":"max-video-preview:-1"},"canonical":"https:\/\/3-mmckopen.nl\/ro\/algemene-voorwaarden\/","og_locale":"ro_RO","og_type":"article","og_title":"Algemene Voorwaarden Lezen | 3-mmckopen.nl","og_description":"Lees onze algemene voorwaarden. Duidelijke afspraken over levering en service. Transparant en eerlijk. Voor 17:00 besteld = vandaag verzonden!","og_url":"https:\/\/3-mmckopen.nl\/ro\/algemene-voorwaarden\/","og_site_name":"3MMC kopen","article_modified_time":"2025-12-04T14:24:53+00:00","og_image":[{"width":300,"height":118,"url":"https:\/\/3-mmckopen.nl\/wp-content\/uploads\/2024\/03\/3mmckopennl.webp","type":"image\/webp"}],"twitter_card":"summary_large_image","twitter_misc":{"Timp estimat pentru citire":"8 minute"},"schema":{"@context":"https:\/\/schema.org","@graph":[{"@type":"WebPage","@id":"https:\/\/3-mmckopen.nl\/algemene-voorwaarden\/","url":"https:\/\/3-mmckopen.nl\/algemene-voorwaarden\/","name":"Algemene Voorwaarden Lezen | 3-mmckopen.nl","isPartOf":{"@id":"https:\/\/3-mmckopen.nl\/#website"},"datePublished":"2021-01-09T16:36:02+00:00","dateModified":"2025-12-04T14:24:53+00:00","description":"Lees onze algemene voorwaarden. Duidelijke afspraken over levering en service. Transparant en eerlijk. Voor 17:00 besteld = vandaag verzonden!","breadcrumb":{"@id":"https:\/\/3-mmckopen.nl\/algemene-voorwaarden\/#breadcrumb"},"inLanguage":"ro-RO","potentialAction":[{"@type":"ReadAction","target":["https:\/\/3-mmckopen.nl\/algemene-voorwaarden\/"]}]},{"@type":"BreadcrumbList","@id":"https:\/\/3-mmckopen.nl\/algemene-voorwaarden\/#breadcrumb","itemListElement":[{"@type":"ListItem","position":1,"name":"Home","item":"https:\/\/3-mmckopen.nl\/"},{"@type":"ListItem","position":2,"name":"Algemene voorwaarden"}]},{"@type":"WebSite","@id":"https:\/\/3-mmckopen.nl\/#website","url":"https:\/\/3-mmckopen.nl\/","name":"cumpara 3MMC","description":"VOOR ALLE THUIS CHEMISI EN ONDERZOEKERS ONDER ONS","publisher":{"@id":"https:\/\/3-mmckopen.nl\/#organization"},"potentialAction":[{"@type":"SearchAction","target":{"@type":"EntryPoint","urlTemplate":"https:\/\/3-mmckopen.nl\/?s={search_term_string}"},"query-input":{"@type":"PropertyValueSpecification","valueRequired":true,"valueName":"search_term_string"}}],"inLanguage":"ro-RO"},{"@type":"Organization","@id":"https:\/\/3-mmckopen.nl\/#organization","name":"3mmc kopen","url":"https:\/\/3-mmckopen.nl\/","logo":{"@type":"ImageObject","inLanguage":"ro-RO","@id":"https:\/\/3-mmckopen.nl\/#\/schema\/logo\/image\/","url":"https:\/\/3-mmckopen.nl\/wp-content\/uploads\/2024\/03\/3mmckopennl.webp","contentUrl":"https:\/\/3-mmckopen.nl\/wp-content\/uploads\/2024\/03\/3mmckopennl.webp","width":300,"height":118,"caption":"3mmc kopen"},"image":{"@id":"https:\/\/3-mmckopen.nl\/#\/schema\/logo\/image\/"},"sameAs":["https:\/\/www.instagram.com\/dehuisprofessor\/","https:\/\/nl.pinterest.com\/dehuisprofessor\/","https:\/\/www.youtube.com\/channel\/UCsGzCVJiHsWLILEEHDzCNqA"]}]}},"_links":{"self":[{"href":"https:\/\/3-mmckopen.nl\/ro\/wp-json\/wp\/v2\/pages\/223","targetHints":{"allow":["GET"]}}],"collection":[{"href":"https:\/\/3-mmckopen.nl\/ro\/wp-json\/wp\/v2\/pages"}],"about":[{"href":"https:\/\/3-mmckopen.nl\/ro\/wp-json\/wp\/v2\/types\/page"}],"author":[{"embeddable":true,"href":"https:\/\/3-mmckopen.nl\/ro\/wp-json\/wp\/v2\/users\/199606847"}],"replies":[{"embeddable":true,"href":"https:\/\/3-mmckopen.nl\/ro\/wp-json\/wp\/v2\/comments?post=223"}],"version-history":[{"count":1,"href":"https:\/\/3-mmckopen.nl\/ro\/wp-json\/wp\/v2\/pages\/223\/revisions"}],"predecessor-version":[{"id":79024,"href":"https:\/\/3-mmckopen.nl\/ro\/wp-json\/wp\/v2\/pages\/223\/revisions\/79024"}],"wp:attachment":[{"href":"https:\/\/3-mmckopen.nl\/ro\/wp-json\/wp\/v2\/media?parent=223"}],"curies":[{"name":"wp","href":"https:\/\/api.w.org\/{rel}","templated":true}]}}