{"id":287,"date":"2021-01-09T22:08:52","date_gmt":"2021-01-09T21:08:52","guid":{"rendered":"https:\/\/3-mmckopen.nl\/?page_id=287"},"modified":"2025-12-04T15:34:53","modified_gmt":"2025-12-04T14:34:53","slug":"verzending-en-levering","status":"publish","type":"page","link":"https:\/\/3-mmckopen.nl\/ro\/verzending-en-levering\/","title":{"rendered":"Livrare \u0219i livrare"},"content":{"rendered":"<div data-elementor-type=\"wp-page\" data-elementor-id=\"287\" class=\"elementor elementor-287\" data-elementor-post-type=\"page\">\n\t\t\t\t\t\t<section class=\"elementor-section elementor-top-section elementor-element elementor-element-77fb5336 elementor-section-boxed elementor-section-height-default elementor-section-height-default\" data-id=\"77fb5336\" data-element_type=\"section\" data-e-type=\"section\">\n\t\t\t\t\t\t<div class=\"elementor-container elementor-column-gap-default\">\n\t\t\t\t\t<div class=\"elementor-column elementor-col-100 elementor-top-column elementor-element elementor-element-4012bb21\" data-id=\"4012bb21\" data-element_type=\"column\" data-e-type=\"column\">\n\t\t\t<div class=\"elementor-widget-wrap elementor-element-populated\">\n\t\t\t\t\t\t<div class=\"elementor-element elementor-element-42e7fe09 elementor-widget elementor-widget-text-editor\" data-id=\"42e7fe09\" data-element_type=\"widget\" data-e-type=\"widget\" data-widget_type=\"text-editor.default\">\n\t\t\t\t<div class=\"elementor-widget-container\">\n\t\t\t\t\t\t\t\t\t<p><\/p>\n<figure class=\"wp-block-image size-large is-resized\"><img decoding=\"async\" class=\"alignnone wp-image-432 size-thumbnail\" src=\"https:\/\/3-mmckopen.nl\/wp-content\/uploads\/2021\/01\/PostNL_Logo_750-150x150.jpg\" alt=\"\" width=\"150\" height=\"150\" srcset=\"https:\/\/3-mmckopen.nl\/wp-content\/uploads\/2021\/01\/PostNL_Logo_750-150x150.jpg 150w, https:\/\/3-mmckopen.nl\/wp-content\/uploads\/2021\/01\/PostNL_Logo_750-300x300.jpg 300w, https:\/\/3-mmckopen.nl\/wp-content\/uploads\/2021\/01\/PostNL_Logo_750-100x100.jpg 100w, https:\/\/3-mmckopen.nl\/wp-content\/uploads\/2021\/01\/PostNL_Logo_750-600x600.jpg 600w, https:\/\/3-mmckopen.nl\/wp-content\/uploads\/2021\/01\/PostNL_Logo_750-64x64.jpg 64w, https:\/\/3-mmckopen.nl\/wp-content\/uploads\/2021\/01\/PostNL_Logo_750-400x400.jpg 400w, https:\/\/3-mmckopen.nl\/wp-content\/uploads\/2021\/01\/PostNL_Logo_750-200x200.jpg 200w, https:\/\/3-mmckopen.nl\/wp-content\/uploads\/2021\/01\/PostNL_Logo_750.jpg 750w\" sizes=\"(max-width: 150px) 100vw, 150px\" \/><\/figure>\n<p><\/p>\n<p><\/p>\n<h2 id=\"h-verzending-en-levering\" class=\"has-text-align-center wp-block-heading\"><strong>Livrare \u0219i livrare<\/strong><\/h2>\n<p><\/p>\n<p><\/p>\n<h4 id=\"h-betaling-voor-16-00-ontvangen-dezelfde-dag-nog-verzonden\" class=\"has-small-font-size wp-block-heading\"><strong>PLATA PRIMIT\u0102 \u00ceNAINTE DE ORA 16:00 \u2013 TRIMIS\u0102 \u00ceN ACEEA\u0218I ZI<\/strong><\/h4>\n<p><\/p>\n<p><\/p>\n<p class=\"has-small-font-size\">Dori\u021bi s\u0103 cump\u0103ra\u021bi 3-CMC de pe internet, dar ave\u021bi \u00eendoieli cu privire la livrarea \u0219i livrarea 3-CMC. Nu toat\u0103 lumea trebuie s\u0103 \u0219tie ce a\u021bi comandat, a\u0219a c\u0103 lu\u0103m \u00een considerare acest lucru.<\/p>\n<p><\/p>\n<p><\/p>\n<p class=\"has-small-font-size\"><strong>V\u0103 rug\u0103m s\u0103 re\u021bine\u021bi: din cauza bloc\u0103rii, poate dura mai mult s\u0103 primi\u021bi pachetul dvs. din cauza aglomera\u021biei de la Post NL. Prin urmare, asigura\u021bi-v\u0103 c\u0103 comanda\u021bi la timp.<\/strong><\/p>\n<p><\/p>\n<p><\/p>\n<p class=\"has-small-font-size\">app16847.cloudwayssites.com nu este responsabil pentru timpul de livrare al unui pachet comandat.<\/p>\n<p><\/p>\n<p><\/p>\n<p class=\"has-small-font-size\">1. Alege\u021bi un produs din magazinul nostru web \u0219i comanda\u021bi-l<\/p>\n<p><\/p>\n<p><\/p>\n<p class=\"has-small-font-size\">2. V\u0103 vom trimite o cerere de plat\u0103 prin WhatsApp sau v\u0103 vom pl\u0103ti rapid \u0219i u\u0219or printr-un transfer bancar direct<\/p>\n<p><\/p>\n<p><\/p>\n<p class=\"has-small-font-size\">3. Produsul este ambalat discret<\/p>\n<p><\/p>\n<p><\/p>\n<p class=\"has-small-font-size\">4. Pachetul este trimis cu PostNL<\/p>\n<p><\/p>\n<p><\/p>\n<h4 class=\"wp-block-heading\" id=\"h-discreet-verpakt\"><strong>Ambalat discret<\/strong><\/h4>\n<p><\/p>\n<p><\/p>\n<p class=\"has-small-font-size\">Expediem 3-CMC-ul nostru \u00een plicuri de nerecunoscut. Astfel nimeni nu poate vedea ce ai comandat din exterior!<\/p>\n<p><\/p>\n<p><\/p>\n<h4 class=\"wp-block-heading\" id=\"h-gratis-snelle-en-veilige-verzending\"><strong>Livrare gratuit\u0103, rapid\u0103 \u0219i sigur\u0103<\/strong><\/h4>\n<p><\/p>\n<p><\/p>\n<p class=\"has-small-font-size\">La noi nu pl\u0103ti\u021bi costuri de transport pentru transportul standard (risc propriu). Pute\u021bi alege ca pachetul s\u0103 fie trimis cu track and trace pentru 6 EUR sau prin po\u0219t\u0103 recomandat\u0103 pentru 10,95 EUR. Aici ai unul <strong>\u201eurm\u0103re\u0219te \u0219i urm\u0103re\u0219te\u201d<\/strong> cod trimis prin e-mail pentru a v\u0103 putea urm\u0103ri comanda. Expediem comenzile cu <a href=\"https:\/\/www.postnl.nl\/\">PostNL<\/a>.<\/p>\n<p><\/p>\n<p><\/p>\n<h4 class=\"wp-block-heading\" id=\"h-betalen-met-een-directe-bankoverschrijving-of-betaalverzoek\"><strong>Pl\u0103ti\u021bi prin transfer bancar direct sau prin cerere de plat\u0103<\/strong><\/h4>\n<p><\/p>\n<p><\/p>\n<p class=\"has-small-font-size\">Prefer\u0103m pl\u0103\u021bile directe prin transfer bancar, deoarece sunt rapide \u0219i sigure. \u00cen c\u00e2teva secunde banii sunt \u00een contul nostru \u0219i putem \u00eencepe s\u0103 preg\u0103tim \u0219i s\u0103 trimitem comanda dumneavoastr\u0103. Desigur, pute\u021bi pl\u0103ti \u0219i printr-o cerere de plat\u0103 pe WhatsApp.\u00a0<strong style=\"font-size: var(--wp--preset--font-size--small); font-style: inherit; color: var( --e-global-color-text ); font-family: var( --e-global-typography-text-font-family ), Sans-serif;\">V\u0103 vom trimite un mesaj WhatsApp cu o solicitare de plat\u0103 \u0219i num\u0103rul de comand\u0103.<\/strong><\/p>\n<p><\/p>\n<p><\/p>\n<p class=\"has-small-font-size\"><strong style=\"color: var(--ast-global-color-2); font-size: 1.33333rem; font-style: inherit; font-family: var( --e-global-typography-text-font-family ), Sans-serif;\">Ce este un transfer bancar direct?<\/strong><\/p>\n<p><\/p>\n<p><\/p>\n<p class=\"has-small-font-size\">A &#039;<strong>transfer direct<\/strong>&#039; este a\u00a0<strong>suprarezervare<\/strong>\u00a0Acea\u00a0<strong>pe loc<\/strong>\u00a0se crediteaz\u0103 \u00een contul persoanei c\u0103reia i se transfer\u0103 banii. Destinatarul are banii \u00een contul s\u0103u \u00een c\u00e2teva secunde. 24 de ore pe zi, 365 de zile pe an, inclusiv noaptea \u0219i duminica \u0219i de s\u0103rb\u0103torile legale.<\/p>\n<p><\/p>\n<p><\/p>\n<h4 class=\"wp-block-heading\" id=\"h-is-een-directe-bankoverschrijving-veilig\"><strong>Este sigur un transfer bancar direct?<\/strong><\/h4>\n<p><\/p>\n<p><\/p>\n<p class=\"has-small-font-size\">Da. Plata cu aceast\u0103 metod\u0103 este 100% sigur\u0103, sigur\u0103 \u0219i discret\u0103.<\/p>\n<p><\/p>\n<p><\/p>\n<h4 class=\"wp-block-heading\" id=\"h-heb-ik-iets-nodig-om-te-betalen-met-een-directe-bankoverschrijving\"><strong>Am nevoie de ceva pentru a pl\u0103ti prin transfer bancar direct?<\/strong><\/h4>\n<p><\/p>\n<p><\/p>\n<p class=\"has-small-font-size\">Pentru a pl\u0103ti prin aceast\u0103 metod\u0103, ave\u021bi nevoie de un serviciu bancar prin internet sau prin telefon.<\/p>\n<p><\/p>\n<p><\/p>\n<div class=\"wp-block-buttons is-layout-flex wp-block-buttons-is-layout-flex\">\n<p><\/p>\n<div class=\"wp-block-button\"><a class=\"wp-block-button__link\" href=\"https:\/\/3-mmckopen.nl\/ro\/winkel\/\">Accesa\u021bi magazinul nostru web<\/a><\/div>\n<p><\/p>\n<\/div>\n<p><\/p>\n<p><\/p>\n<div class=\"wp-block-buttons is-layout-flex wp-block-buttons-is-layout-flex\">\n<p><\/p>\n<div class=\"wp-block-button\"><a class=\"wp-block-button__link\" href=\"https:\/\/3-mmckopen.nl\/ro\/\">Accesa\u021bi pagina noastr\u0103 de pornire<\/a><\/div>\n<p><\/p>\n<\/div>\n<p><\/p>\n<p><\/p>\n<div class=\"wp-block-columns is-layout-flex wp-container-core-columns-is-layout-28f84493 wp-block-columns-is-layout-flex\">\n<p><\/p>\n<div class=\"wp-block-column is-layout-flow wp-block-column-is-layout-flow\">\n<p><\/p>\n<p><\/p>\n<\/div>\n<p><\/p>\n<\/div>\n<p><\/p>\n<p><\/p>\n<p><\/p>\t\t\t\t\t\t\t\t<\/div>\n\t\t\t\t<\/div>\n\t\t\t\t\t<\/div>\n\t\t<\/div>\n\t\t\t\t\t<\/div>\n\t\t<\/section>\n\t\t\t\t<\/div>","protected":false},"excerpt":{"rendered":"<p>&nbsp; &nbsp; &nbsp; Verzending en levering &nbsp; &nbsp; BETALING VOOR 16:00 ONTVANGEN &#8211; DEZELFDE DAG NOG VERZONDEN &nbsp; &nbsp; Je wilt 3-CMC kopen via het internet maar twijfelt over de verzending en levering van 3-CMC. Niet iedereen hoeft te weten wat jij besteld hebt daarom houden wij hier rekening mee. &nbsp; &nbsp; Let op: Door [&hellip;]<\/p>\n","protected":false},"author":199606847,"featured_media":0,"parent":0,"menu_order":0,"comment_status":"closed","ping_status":"closed","template":"","meta":{"site-sidebar-layout":"default","site-content-layout":"default","ast-site-content-layout":"default","site-content-style":"default","site-sidebar-style":"default","ast-global-header-display":"","ast-banner-title-visibility":"","ast-main-header-display":"","ast-hfb-above-header-display":"","ast-hfb-below-header-display":"","ast-hfb-mobile-header-display":"","site-post-title":"","ast-breadcrumbs-content":"","ast-featured-img":"","footer-sml-layout":"","theme-transparent-header-meta":"default","adv-header-id-meta":"","stick-header-meta":"","header-above-stick-meta":"","header-main-stick-meta":"","header-below-stick-meta":"","astra-migrate-meta-layouts":"set","ast-page-background-enabled":"default","ast-page-background-meta":{"desktop":{"background-color":"","background-image":"","background-repeat":"repeat","background-position":"center center","background-size":"auto","background-attachment":"scroll","background-type":"","background-media":"","overlay-type":"","overlay-color":"","overlay-opacity":"","overlay-gradient":""},"tablet":{"background-color":"","background-image":"","background-repeat":"repeat","background-position":"center center","background-size":"auto","background-attachment":"scroll","background-type":"","background-media":"","overlay-type":"","overlay-color":"","overlay-opacity":"","overlay-gradient":""},"mobile":{"background-color":"","background-image":"","background-repeat":"repeat","background-position":"center center","background-size":"auto","background-attachment":"scroll","background-type":"","background-media":"","overlay-type":"","overlay-color":"","overlay-opacity":"","overlay-gradient":""}},"ast-content-background-meta":{"desktop":{"background-color":"var(--ast-global-color-5)","background-image":"","background-repeat":"repeat","background-position":"center center","background-size":"auto","background-attachment":"scroll","background-type":"","background-media":"","overlay-type":"","overlay-color":"","overlay-opacity":"","overlay-gradient":""},"tablet":{"background-color":"var(--ast-global-color-5)","background-image":"","background-repeat":"repeat","background-position":"center center","background-size":"auto","background-attachment":"scroll","background-type":"","background-media":"","overlay-type":"","overlay-color":"","overlay-opacity":"","overlay-gradient":""},"mobile":{"background-color":"var(--ast-global-color-5)","background-image":"","background-repeat":"repeat","background-position":"center center","background-size":"auto","background-attachment":"scroll","background-type":"","background-media":"","overlay-type":"","overlay-color":"","overlay-opacity":"","overlay-gradient":""}},"footnotes":""},"class_list":["post-287","page","type-page","status-publish","hentry"],"yoast_head":"<!-- This site is optimized with the Yoast SEO plugin v27.4 - https:\/\/yoast.com\/product\/yoast-seo-wordpress\/ -->\n<title>Verzending en Levering Info | 3-mmckopen.nl<\/title>\n<meta name=\"description\" content=\"Alles over verzending en levering. Wij versturen altijd Discreet &amp; Anoniem in blanco dozen. Voor 17:00 besteld = vandaag verzonden! Lees meer.\" \/>\n<meta name=\"robots\" content=\"index, follow, max-snippet:-1, max-image-preview:large, max-video-preview:-1\" \/>\n<link rel=\"canonical\" href=\"https:\/\/3-mmckopen.nl\/ro\/verzending-en-levering\/\" \/>\n<meta property=\"og:locale\" content=\"ro_RO\" \/>\n<meta property=\"og:type\" content=\"article\" \/>\n<meta property=\"og:title\" content=\"Verzending en Levering Info | 3-mmckopen.nl\" \/>\n<meta property=\"og:description\" content=\"Alles over verzending en levering. Wij versturen altijd Discreet &amp; Anoniem in blanco dozen. Voor 17:00 besteld = vandaag verzonden! Lees meer.\" \/>\n<meta property=\"og:url\" content=\"https:\/\/3-mmckopen.nl\/ro\/verzending-en-levering\/\" \/>\n<meta property=\"og:site_name\" content=\"3MMC kopen\" \/>\n<meta property=\"article:modified_time\" content=\"2025-12-04T14:34:53+00:00\" \/>\n<meta property=\"og:image\" content=\"https:\/\/3-mmckopen.nl\/wp-content\/uploads\/2021\/01\/PostNL_Logo_750-150x150.jpg\" \/>\n<meta name=\"twitter:card\" content=\"summary_large_image\" \/>\n<meta name=\"twitter:label1\" content=\"Timp estimat pentru citire\" \/>\n\t<meta name=\"twitter:data1\" content=\"3 minute\" \/>\n<script type=\"application\/ld+json\" class=\"yoast-schema-graph\">{\"@context\":\"https:\\\/\\\/schema.org\",\"@graph\":[{\"@type\":\"WebPage\",\"@id\":\"https:\\\/\\\/3-mmckopen.nl\\\/verzending-en-levering\\\/\",\"url\":\"https:\\\/\\\/3-mmckopen.nl\\\/verzending-en-levering\\\/\",\"name\":\"Verzending en Levering Info | 3-mmckopen.nl\",\"isPartOf\":{\"@id\":\"https:\\\/\\\/3-mmckopen.nl\\\/#website\"},\"primaryImageOfPage\":{\"@id\":\"https:\\\/\\\/3-mmckopen.nl\\\/verzending-en-levering\\\/#primaryimage\"},\"image\":{\"@id\":\"https:\\\/\\\/3-mmckopen.nl\\\/verzending-en-levering\\\/#primaryimage\"},\"thumbnailUrl\":\"https:\\\/\\\/3-mmckopen.nl\\\/wp-content\\\/uploads\\\/2021\\\/01\\\/PostNL_Logo_750-150x150.jpg\",\"datePublished\":\"2021-01-09T21:08:52+00:00\",\"dateModified\":\"2025-12-04T14:34:53+00:00\",\"description\":\"Alles over verzending en levering. Wij versturen altijd Discreet & Anoniem in blanco dozen. Voor 17:00 besteld = vandaag verzonden! Lees meer.\",\"breadcrumb\":{\"@id\":\"https:\\\/\\\/3-mmckopen.nl\\\/verzending-en-levering\\\/#breadcrumb\"},\"inLanguage\":\"ro-RO\",\"potentialAction\":[{\"@type\":\"ReadAction\",\"target\":[\"https:\\\/\\\/3-mmckopen.nl\\\/verzending-en-levering\\\/\"]}]},{\"@type\":\"ImageObject\",\"inLanguage\":\"ro-RO\",\"@id\":\"https:\\\/\\\/3-mmckopen.nl\\\/verzending-en-levering\\\/#primaryimage\",\"url\":\"https:\\\/\\\/3-mmckopen.nl\\\/wp-content\\\/uploads\\\/2021\\\/01\\\/PostNL_Logo_750-150x150.jpg\",\"contentUrl\":\"https:\\\/\\\/3-mmckopen.nl\\\/wp-content\\\/uploads\\\/2021\\\/01\\\/PostNL_Logo_750-150x150.jpg\"},{\"@type\":\"BreadcrumbList\",\"@id\":\"https:\\\/\\\/3-mmckopen.nl\\\/verzending-en-levering\\\/#breadcrumb\",\"itemListElement\":[{\"@type\":\"ListItem\",\"position\":1,\"name\":\"Home\",\"item\":\"https:\\\/\\\/3-mmckopen.nl\\\/\"},{\"@type\":\"ListItem\",\"position\":2,\"name\":\"Verzending en levering\"}]},{\"@type\":\"WebSite\",\"@id\":\"https:\\\/\\\/3-mmckopen.nl\\\/#website\",\"url\":\"https:\\\/\\\/3-mmckopen.nl\\\/\",\"name\":\"3MMC kopen\",\"description\":\"VOOR ALLE THUIS CHEMISI EN ONDERZOEKERS ONDER ONS\",\"publisher\":{\"@id\":\"https:\\\/\\\/3-mmckopen.nl\\\/#organization\"},\"potentialAction\":[{\"@type\":\"SearchAction\",\"target\":{\"@type\":\"EntryPoint\",\"urlTemplate\":\"https:\\\/\\\/3-mmckopen.nl\\\/?s={search_term_string}\"},\"query-input\":{\"@type\":\"PropertyValueSpecification\",\"valueRequired\":true,\"valueName\":\"search_term_string\"}}],\"inLanguage\":\"ro-RO\"},{\"@type\":\"Organization\",\"@id\":\"https:\\\/\\\/3-mmckopen.nl\\\/#organization\",\"name\":\"3mmc kopen\",\"url\":\"https:\\\/\\\/3-mmckopen.nl\\\/\",\"logo\":{\"@type\":\"ImageObject\",\"inLanguage\":\"ro-RO\",\"@id\":\"https:\\\/\\\/3-mmckopen.nl\\\/#\\\/schema\\\/logo\\\/image\\\/\",\"url\":\"https:\\\/\\\/3-mmckopen.nl\\\/wp-content\\\/uploads\\\/2024\\\/03\\\/3mmckopennl.webp\",\"contentUrl\":\"https:\\\/\\\/3-mmckopen.nl\\\/wp-content\\\/uploads\\\/2024\\\/03\\\/3mmckopennl.webp\",\"width\":300,\"height\":118,\"caption\":\"3mmc kopen\"},\"image\":{\"@id\":\"https:\\\/\\\/3-mmckopen.nl\\\/#\\\/schema\\\/logo\\\/image\\\/\"},\"sameAs\":[\"https:\\\/\\\/www.instagram.com\\\/dehuisprofessor\\\/\",\"https:\\\/\\\/nl.pinterest.com\\\/dehuisprofessor\\\/\",\"https:\\\/\\\/www.youtube.com\\\/channel\\\/UCsGzCVJiHsWLILEEHDzCNqA\"]}]}<\/script>\n<!-- \/ Yoast SEO plugin. -->","yoast_head_json":{"title":"Verzending en Levering Info | 3-mmckopen.nl","description":"Alles over verzending en levering. Wij versturen altijd Discreet & Anoniem in blanco dozen. Voor 17:00 besteld = vandaag verzonden! Lees meer.","robots":{"index":"index","follow":"follow","max-snippet":"max-snippet:-1","max-image-preview":"max-image-preview:large","max-video-preview":"max-video-preview:-1"},"canonical":"https:\/\/3-mmckopen.nl\/ro\/verzending-en-levering\/","og_locale":"ro_RO","og_type":"article","og_title":"Verzending en Levering Info | 3-mmckopen.nl","og_description":"Alles over verzending en levering. Wij versturen altijd Discreet & Anoniem in blanco dozen. Voor 17:00 besteld = vandaag verzonden! Lees meer.","og_url":"https:\/\/3-mmckopen.nl\/ro\/verzending-en-levering\/","og_site_name":"3MMC kopen","article_modified_time":"2025-12-04T14:34:53+00:00","og_image":[{"url":"https:\/\/3-mmckopen.nl\/wp-content\/uploads\/2021\/01\/PostNL_Logo_750-150x150.jpg","type":"","width":"","height":""}],"twitter_card":"summary_large_image","twitter_misc":{"Timp estimat pentru citire":"3 minute"},"schema":{"@context":"https:\/\/schema.org","@graph":[{"@type":"WebPage","@id":"https:\/\/3-mmckopen.nl\/verzending-en-levering\/","url":"https:\/\/3-mmckopen.nl\/verzending-en-levering\/","name":"Verzending en Levering Info | 3-mmckopen.nl","isPartOf":{"@id":"https:\/\/3-mmckopen.nl\/#website"},"primaryImageOfPage":{"@id":"https:\/\/3-mmckopen.nl\/verzending-en-levering\/#primaryimage"},"image":{"@id":"https:\/\/3-mmckopen.nl\/verzending-en-levering\/#primaryimage"},"thumbnailUrl":"https:\/\/3-mmckopen.nl\/wp-content\/uploads\/2021\/01\/PostNL_Logo_750-150x150.jpg","datePublished":"2021-01-09T21:08:52+00:00","dateModified":"2025-12-04T14:34:53+00:00","description":"Alles over verzending en levering. Wij versturen altijd Discreet & Anoniem in blanco dozen. Voor 17:00 besteld = vandaag verzonden! Lees meer.","breadcrumb":{"@id":"https:\/\/3-mmckopen.nl\/verzending-en-levering\/#breadcrumb"},"inLanguage":"ro-RO","potentialAction":[{"@type":"ReadAction","target":["https:\/\/3-mmckopen.nl\/verzending-en-levering\/"]}]},{"@type":"ImageObject","inLanguage":"ro-RO","@id":"https:\/\/3-mmckopen.nl\/verzending-en-levering\/#primaryimage","url":"https:\/\/3-mmckopen.nl\/wp-content\/uploads\/2021\/01\/PostNL_Logo_750-150x150.jpg","contentUrl":"https:\/\/3-mmckopen.nl\/wp-content\/uploads\/2021\/01\/PostNL_Logo_750-150x150.jpg"},{"@type":"BreadcrumbList","@id":"https:\/\/3-mmckopen.nl\/verzending-en-levering\/#breadcrumb","itemListElement":[{"@type":"ListItem","position":1,"name":"Home","item":"https:\/\/3-mmckopen.nl\/"},{"@type":"ListItem","position":2,"name":"Verzending en levering"}]},{"@type":"WebSite","@id":"https:\/\/3-mmckopen.nl\/#website","url":"https:\/\/3-mmckopen.nl\/","name":"cumpara 3MMC","description":"VOOR ALLE THUIS CHEMISI EN ONDERZOEKERS ONDER ONS","publisher":{"@id":"https:\/\/3-mmckopen.nl\/#organization"},"potentialAction":[{"@type":"SearchAction","target":{"@type":"EntryPoint","urlTemplate":"https:\/\/3-mmckopen.nl\/?s={search_term_string}"},"query-input":{"@type":"PropertyValueSpecification","valueRequired":true,"valueName":"search_term_string"}}],"inLanguage":"ro-RO"},{"@type":"Organization","@id":"https:\/\/3-mmckopen.nl\/#organization","name":"3mmc kopen","url":"https:\/\/3-mmckopen.nl\/","logo":{"@type":"ImageObject","inLanguage":"ro-RO","@id":"https:\/\/3-mmckopen.nl\/#\/schema\/logo\/image\/","url":"https:\/\/3-mmckopen.nl\/wp-content\/uploads\/2024\/03\/3mmckopennl.webp","contentUrl":"https:\/\/3-mmckopen.nl\/wp-content\/uploads\/2024\/03\/3mmckopennl.webp","width":300,"height":118,"caption":"3mmc kopen"},"image":{"@id":"https:\/\/3-mmckopen.nl\/#\/schema\/logo\/image\/"},"sameAs":["https:\/\/www.instagram.com\/dehuisprofessor\/","https:\/\/nl.pinterest.com\/dehuisprofessor\/","https:\/\/www.youtube.com\/channel\/UCsGzCVJiHsWLILEEHDzCNqA"]}]}},"_links":{"self":[{"href":"https:\/\/3-mmckopen.nl\/ro\/wp-json\/wp\/v2\/pages\/287","targetHints":{"allow":["GET"]}}],"collection":[{"href":"https:\/\/3-mmckopen.nl\/ro\/wp-json\/wp\/v2\/pages"}],"about":[{"href":"https:\/\/3-mmckopen.nl\/ro\/wp-json\/wp\/v2\/types\/page"}],"author":[{"embeddable":true,"href":"https:\/\/3-mmckopen.nl\/ro\/wp-json\/wp\/v2\/users\/199606847"}],"replies":[{"embeddable":true,"href":"https:\/\/3-mmckopen.nl\/ro\/wp-json\/wp\/v2\/comments?post=287"}],"version-history":[{"count":1,"href":"https:\/\/3-mmckopen.nl\/ro\/wp-json\/wp\/v2\/pages\/287\/revisions"}],"predecessor-version":[{"id":79036,"href":"https:\/\/3-mmckopen.nl\/ro\/wp-json\/wp\/v2\/pages\/287\/revisions\/79036"}],"wp:attachment":[{"href":"https:\/\/3-mmckopen.nl\/ro\/wp-json\/wp\/v2\/media?parent=287"}],"curies":[{"name":"wp","href":"https:\/\/api.w.org\/{rel}","templated":true}]}}