{"id":631,"date":"2021-01-14T02:19:08","date_gmt":"2021-01-14T01:19:08","guid":{"rendered":"https:\/\/3-mmckopen.nl\/?page_id=631"},"modified":"2025-12-04T15:32:29","modified_gmt":"2025-12-04T14:32:29","slug":"privacy-policy","status":"publish","type":"page","link":"https:\/\/3-mmckopen.nl\/ro\/privacy-policy\/","title":{"rendered":"Politica de confiden\u021bialitate"},"content":{"rendered":"<p>app16847.cloudwayssites.com garanteaz\u0103 confiden\u021bialitatea tuturor utilizatorilor site-ului s\u0103u, iar informa\u021biile personale pe care ni le furniza\u021bi sunt tratate \u00een mod confiden\u021bial \u00een orice moment. Folosim datele dumneavoastr\u0103 doar pentru a procesa comenzile c\u00e2t mai rapid \u0219i eficient posibil. \u00cen caz contrar, folosim aceste date numai cu permisiunea dumneavoastr\u0103.<\/p>\r\n\r\n\r\n\r\n<p>app16847.cloudwayssites.com folose\u0219te datele colectate pentru a oferi clien\u021bilor s\u0103i urm\u0103toarele servicii:<\/p>\r\n\r\n\r\n\r\n<p>Dac\u0103 plasa\u021bi o comand\u0103 sau solicita\u021bi o ofert\u0103, avem nevoie de numele dvs., adresa de e-mail, adresa de livrare \u0219i detaliile de plat\u0103 pentru a v\u0103 procesa comanda \u0219i pentru a v\u0103 \u021bine la curent cu evolu\u021bia acesteia. Pentru a face cump\u0103r\u0103turile \u0219i procesul de solicitare a unei oferte de la app16847.cloudwayssites.com c\u00e2t mai atractive posibil, stoc\u0103m cu permisiunea dumneavoastr\u0103 informa\u021biile dumneavoastr\u0103 personale \u0219i detaliile referitoare la comanda sau cererea dumneavoastr\u0103 de ofert\u0103 \u0219i utilizarea serviciilor noastre. Acest lucru ne permite s\u0103 facem site-ul web mai personal \u0219i mai orientat c\u0103tre client. Este posibil s\u0103 folosim adresa dumneavoastr\u0103 de e-mail pentru a v\u0103 oferi informa\u021bii despre dezvoltarea site-ului nostru web \u0219i despre ofertele \u0219i promo\u021biile noastre speciale. Dac\u0103 nu aprecia\u021bi acest lucru, v\u0103 pute\u021bi dezabona prin intermediul site-ului nostru. Dac\u0103 plasa\u021bi o comand\u0103 cu app16847.cloudwayssites.com, v\u0103 vom stoca datele pe un server securizat dac\u0103 dori\u021bi. Pute\u021bi introduce un nume de utilizator \u0219i o parol\u0103, astfel \u00eenc\u00e2t s\u0103 nu fie nevoie s\u0103 introduce\u021bi numele \u0219i adresa, num\u0103rul de telefon, adresa de e-mail, detaliile de livrare \u0219i plat\u0103 la fiecare nou\u0103 comand\u0103. Informa\u021biile despre utilizarea site-ului nostru \u0219i feedback-ul primit de la vizitatorii no\u0219tri ne ajut\u0103 s\u0103 dezvolt\u0103m \u0219i s\u0103 \u00eembun\u0103t\u0103\u021bim \u00een continuare site-ul \u0219i serviciul nostru. Dac\u0103 decide\u021bi s\u0103 scrie\u021bi o recenzie, pute\u021bi alege dac\u0103 dori\u021bi s\u0103 ad\u0103uga\u021bi numele dvs. sau alte informa\u021bii personale. Suntem curio\u0219i de opiniile vizitatorilor no\u0219tri, dar ne rezerv\u0103m dreptul de a nu publica contribu\u021bii care nu \u00eendeplinesc condi\u021biile site-ului nostru. Dac\u0103 r\u0103spunde\u021bi la o promo\u021bie sau la o competi\u021bie, v\u0103 cerem numele, adresa \u0219i adresa de e-mail. Folosim aceste informa\u021bii pentru a realiza promo\u021bia, pentru a anun\u021ba c\u00e2\u0219tig\u0103torul(i) premiului \u0219i pentru a m\u0103sura r\u0103spunsul la campaniile noastre de marketing.<\/p>\r\n\r\n\r\n\r\n<p>app16847.cloudwayssites.com nu furnizeaz\u0103 \u0219i nu vinde informa\u021biile dumneavoastr\u0103 c\u0103tre ter\u021bi<\/p>\r\n\r\n\r\n\r\n<p>app16847.cloudwayssites.com nu furnizeaz\u0103 \u0219i nu vinde informa\u021biile dumneavoastr\u0103 personale c\u0103tre ter\u021bi \u0219i le pune la dispozi\u021bie doar celor care sunt implica\u021bi \u00een procesarea comenzii dumneavoastr\u0103. Angaja\u021bii no\u0219tri \u0219i ter\u021bii angaja\u021bi de noi sunt obliga\u021bi s\u0103 respecte confiden\u021bialitatea datelor dumneavoastr\u0103.<\/p>","protected":false},"excerpt":{"rendered":"<p>app16847.cloudwayssites.com waarborgt de privacy van alle gebruikers van haar site en te allen tijde wordt de persoonlijke informatie die u aan ons verschaft vertrouwelijk behandeld. Wij gebruiken uw gegevens alleen om de bestellingen zo snel en effici\u00ebnt mogelijk te laten verlopen. Voor het overige gebruiken wij deze gegevens uitsluitend met uw toestemming. app16847.cloudwayssites.com gebruikt de [&hellip;]<\/p>\n","protected":false},"author":199606847,"featured_media":0,"parent":0,"menu_order":0,"comment_status":"closed","ping_status":"closed","template":"","meta":{"site-sidebar-layout":"default","site-content-layout":"","ast-site-content-layout":"default","site-content-style":"default","site-sidebar-style":"default","ast-global-header-display":"","ast-banner-title-visibility":"","ast-main-header-display":"","ast-hfb-above-header-display":"","ast-hfb-below-header-display":"","ast-hfb-mobile-header-display":"","site-post-title":"","ast-breadcrumbs-content":"","ast-featured-img":"","footer-sml-layout":"","theme-transparent-header-meta":"default","adv-header-id-meta":"","stick-header-meta":"","header-above-stick-meta":"","header-main-stick-meta":"","header-below-stick-meta":"","astra-migrate-meta-layouts":"set","ast-page-background-enabled":"default","ast-page-background-meta":{"desktop":{"background-color":"","background-image":"","background-repeat":"repeat","background-position":"center center","background-size":"auto","background-attachment":"scroll","background-type":"","background-media":"","overlay-type":"","overlay-color":"","overlay-opacity":"","overlay-gradient":""},"tablet":{"background-color":"","background-image":"","background-repeat":"repeat","background-position":"center center","background-size":"auto","background-attachment":"scroll","background-type":"","background-media":"","overlay-type":"","overlay-color":"","overlay-opacity":"","overlay-gradient":""},"mobile":{"background-color":"","background-image":"","background-repeat":"repeat","background-position":"center center","background-size":"auto","background-attachment":"scroll","background-type":"","background-media":"","overlay-type":"","overlay-color":"","overlay-opacity":"","overlay-gradient":""}},"ast-content-background-meta":{"desktop":{"background-color":"var(--ast-global-color-5)","background-image":"","background-repeat":"repeat","background-position":"center center","background-size":"auto","background-attachment":"scroll","background-type":"","background-media":"","overlay-type":"","overlay-color":"","overlay-opacity":"","overlay-gradient":""},"tablet":{"background-color":"var(--ast-global-color-5)","background-image":"","background-repeat":"repeat","background-position":"center center","background-size":"auto","background-attachment":"scroll","background-type":"","background-media":"","overlay-type":"","overlay-color":"","overlay-opacity":"","overlay-gradient":""},"mobile":{"background-color":"var(--ast-global-color-5)","background-image":"","background-repeat":"repeat","background-position":"center center","background-size":"auto","background-attachment":"scroll","background-type":"","background-media":"","overlay-type":"","overlay-color":"","overlay-opacity":"","overlay-gradient":""}},"footnotes":""},"class_list":["post-631","page","type-page","status-publish","hentry"],"yoast_head":"<!-- This site is optimized with the Yoast SEO plugin v27.4 - https:\/\/yoast.com\/product\/yoast-seo-wordpress\/ -->\n<title>Privacy Policy &amp; Veiligheid | 3-mmckopen.nl<\/title>\n<meta name=\"description\" content=\"Jouw privacy is heilig. Lees onze Privacy Policy. Wij versturen altijd Discreet &amp; Anoniem. Veilig winkelen en betalen. Bekijk onze beleid.\" \/>\n<meta name=\"robots\" content=\"index, follow, max-snippet:-1, max-image-preview:large, max-video-preview:-1\" \/>\n<link rel=\"canonical\" href=\"https:\/\/3-mmckopen.nl\/ro\/privacy-policy\/\" \/>\n<meta property=\"og:locale\" content=\"ro_RO\" \/>\n<meta property=\"og:type\" content=\"article\" \/>\n<meta property=\"og:title\" content=\"Privacy Policy &amp; Veiligheid | 3-mmckopen.nl\" \/>\n<meta property=\"og:description\" content=\"Jouw privacy is heilig. Lees onze Privacy Policy. Wij versturen altijd Discreet &amp; Anoniem. Veilig winkelen en betalen. Bekijk onze beleid.\" \/>\n<meta property=\"og:url\" content=\"https:\/\/3-mmckopen.nl\/ro\/privacy-policy\/\" \/>\n<meta property=\"og:site_name\" content=\"3MMC kopen\" \/>\n<meta property=\"article:modified_time\" content=\"2025-12-04T14:32:29+00:00\" \/>\n<meta property=\"og:image\" content=\"https:\/\/3-mmckopen.nl\/wp-content\/uploads\/2024\/03\/3mmckopennl.webp\" \/>\n\t<meta property=\"og:image:width\" content=\"300\" \/>\n\t<meta property=\"og:image:height\" content=\"118\" \/>\n\t<meta property=\"og:image:type\" content=\"image\/webp\" \/>\n<meta name=\"twitter:card\" content=\"summary_large_image\" \/>\n<meta name=\"twitter:label1\" content=\"Timp estimat pentru citire\" \/>\n\t<meta name=\"twitter:data1\" content=\"2 minute\" \/>\n<script type=\"application\/ld+json\" class=\"yoast-schema-graph\">{\"@context\":\"https:\\\/\\\/schema.org\",\"@graph\":[{\"@type\":\"WebPage\",\"@id\":\"https:\\\/\\\/3-mmckopen.nl\\\/privacy-policy\\\/\",\"url\":\"https:\\\/\\\/3-mmckopen.nl\\\/privacy-policy\\\/\",\"name\":\"Privacy Policy & Veiligheid | 3-mmckopen.nl\",\"isPartOf\":{\"@id\":\"https:\\\/\\\/3-mmckopen.nl\\\/#website\"},\"datePublished\":\"2021-01-14T01:19:08+00:00\",\"dateModified\":\"2025-12-04T14:32:29+00:00\",\"description\":\"Jouw privacy is heilig. Lees onze Privacy Policy. Wij versturen altijd Discreet & Anoniem. Veilig winkelen en betalen. Bekijk onze beleid.\",\"breadcrumb\":{\"@id\":\"https:\\\/\\\/3-mmckopen.nl\\\/privacy-policy\\\/#breadcrumb\"},\"inLanguage\":\"ro-RO\",\"potentialAction\":[{\"@type\":\"ReadAction\",\"target\":[\"https:\\\/\\\/3-mmckopen.nl\\\/privacy-policy\\\/\"]}]},{\"@type\":\"BreadcrumbList\",\"@id\":\"https:\\\/\\\/3-mmckopen.nl\\\/privacy-policy\\\/#breadcrumb\",\"itemListElement\":[{\"@type\":\"ListItem\",\"position\":1,\"name\":\"Home\",\"item\":\"https:\\\/\\\/3-mmckopen.nl\\\/\"},{\"@type\":\"ListItem\",\"position\":2,\"name\":\"Privacy Policy\"}]},{\"@type\":\"WebSite\",\"@id\":\"https:\\\/\\\/3-mmckopen.nl\\\/#website\",\"url\":\"https:\\\/\\\/3-mmckopen.nl\\\/\",\"name\":\"3MMC kopen\",\"description\":\"VOOR ALLE THUIS CHEMISI EN ONDERZOEKERS ONDER ONS\",\"publisher\":{\"@id\":\"https:\\\/\\\/3-mmckopen.nl\\\/#organization\"},\"potentialAction\":[{\"@type\":\"SearchAction\",\"target\":{\"@type\":\"EntryPoint\",\"urlTemplate\":\"https:\\\/\\\/3-mmckopen.nl\\\/?s={search_term_string}\"},\"query-input\":{\"@type\":\"PropertyValueSpecification\",\"valueRequired\":true,\"valueName\":\"search_term_string\"}}],\"inLanguage\":\"ro-RO\"},{\"@type\":\"Organization\",\"@id\":\"https:\\\/\\\/3-mmckopen.nl\\\/#organization\",\"name\":\"3mmc kopen\",\"url\":\"https:\\\/\\\/3-mmckopen.nl\\\/\",\"logo\":{\"@type\":\"ImageObject\",\"inLanguage\":\"ro-RO\",\"@id\":\"https:\\\/\\\/3-mmckopen.nl\\\/#\\\/schema\\\/logo\\\/image\\\/\",\"url\":\"https:\\\/\\\/3-mmckopen.nl\\\/wp-content\\\/uploads\\\/2024\\\/03\\\/3mmckopennl.webp\",\"contentUrl\":\"https:\\\/\\\/3-mmckopen.nl\\\/wp-content\\\/uploads\\\/2024\\\/03\\\/3mmckopennl.webp\",\"width\":300,\"height\":118,\"caption\":\"3mmc kopen\"},\"image\":{\"@id\":\"https:\\\/\\\/3-mmckopen.nl\\\/#\\\/schema\\\/logo\\\/image\\\/\"},\"sameAs\":[\"https:\\\/\\\/www.instagram.com\\\/dehuisprofessor\\\/\",\"https:\\\/\\\/nl.pinterest.com\\\/dehuisprofessor\\\/\",\"https:\\\/\\\/www.youtube.com\\\/channel\\\/UCsGzCVJiHsWLILEEHDzCNqA\"]}]}<\/script>\n<!-- \/ Yoast SEO plugin. -->","yoast_head_json":{"title":"Privacy Policy & Veiligheid | 3-mmckopen.nl","description":"Jouw privacy is heilig. Lees onze Privacy Policy. Wij versturen altijd Discreet & Anoniem. Veilig winkelen en betalen. Bekijk onze beleid.","robots":{"index":"index","follow":"follow","max-snippet":"max-snippet:-1","max-image-preview":"max-image-preview:large","max-video-preview":"max-video-preview:-1"},"canonical":"https:\/\/3-mmckopen.nl\/ro\/privacy-policy\/","og_locale":"ro_RO","og_type":"article","og_title":"Privacy Policy & Veiligheid | 3-mmckopen.nl","og_description":"Jouw privacy is heilig. Lees onze Privacy Policy. Wij versturen altijd Discreet & Anoniem. Veilig winkelen en betalen. Bekijk onze beleid.","og_url":"https:\/\/3-mmckopen.nl\/ro\/privacy-policy\/","og_site_name":"3MMC kopen","article_modified_time":"2025-12-04T14:32:29+00:00","og_image":[{"width":300,"height":118,"url":"https:\/\/3-mmckopen.nl\/wp-content\/uploads\/2024\/03\/3mmckopennl.webp","type":"image\/webp"}],"twitter_card":"summary_large_image","twitter_misc":{"Timp estimat pentru citire":"2 minute"},"schema":{"@context":"https:\/\/schema.org","@graph":[{"@type":"WebPage","@id":"https:\/\/3-mmckopen.nl\/privacy-policy\/","url":"https:\/\/3-mmckopen.nl\/privacy-policy\/","name":"Privacy Policy & Veiligheid | 3-mmckopen.nl","isPartOf":{"@id":"https:\/\/3-mmckopen.nl\/#website"},"datePublished":"2021-01-14T01:19:08+00:00","dateModified":"2025-12-04T14:32:29+00:00","description":"Jouw privacy is heilig. Lees onze Privacy Policy. Wij versturen altijd Discreet & Anoniem. Veilig winkelen en betalen. Bekijk onze beleid.","breadcrumb":{"@id":"https:\/\/3-mmckopen.nl\/privacy-policy\/#breadcrumb"},"inLanguage":"ro-RO","potentialAction":[{"@type":"ReadAction","target":["https:\/\/3-mmckopen.nl\/privacy-policy\/"]}]},{"@type":"BreadcrumbList","@id":"https:\/\/3-mmckopen.nl\/privacy-policy\/#breadcrumb","itemListElement":[{"@type":"ListItem","position":1,"name":"Home","item":"https:\/\/3-mmckopen.nl\/"},{"@type":"ListItem","position":2,"name":"Privacy Policy"}]},{"@type":"WebSite","@id":"https:\/\/3-mmckopen.nl\/#website","url":"https:\/\/3-mmckopen.nl\/","name":"cumpara 3MMC","description":"VOOR ALLE THUIS CHEMISI EN ONDERZOEKERS ONDER ONS","publisher":{"@id":"https:\/\/3-mmckopen.nl\/#organization"},"potentialAction":[{"@type":"SearchAction","target":{"@type":"EntryPoint","urlTemplate":"https:\/\/3-mmckopen.nl\/?s={search_term_string}"},"query-input":{"@type":"PropertyValueSpecification","valueRequired":true,"valueName":"search_term_string"}}],"inLanguage":"ro-RO"},{"@type":"Organization","@id":"https:\/\/3-mmckopen.nl\/#organization","name":"3mmc kopen","url":"https:\/\/3-mmckopen.nl\/","logo":{"@type":"ImageObject","inLanguage":"ro-RO","@id":"https:\/\/3-mmckopen.nl\/#\/schema\/logo\/image\/","url":"https:\/\/3-mmckopen.nl\/wp-content\/uploads\/2024\/03\/3mmckopennl.webp","contentUrl":"https:\/\/3-mmckopen.nl\/wp-content\/uploads\/2024\/03\/3mmckopennl.webp","width":300,"height":118,"caption":"3mmc kopen"},"image":{"@id":"https:\/\/3-mmckopen.nl\/#\/schema\/logo\/image\/"},"sameAs":["https:\/\/www.instagram.com\/dehuisprofessor\/","https:\/\/nl.pinterest.com\/dehuisprofessor\/","https:\/\/www.youtube.com\/channel\/UCsGzCVJiHsWLILEEHDzCNqA"]}]}},"_links":{"self":[{"href":"https:\/\/3-mmckopen.nl\/ro\/wp-json\/wp\/v2\/pages\/631","targetHints":{"allow":["GET"]}}],"collection":[{"href":"https:\/\/3-mmckopen.nl\/ro\/wp-json\/wp\/v2\/pages"}],"about":[{"href":"https:\/\/3-mmckopen.nl\/ro\/wp-json\/wp\/v2\/types\/page"}],"author":[{"embeddable":true,"href":"https:\/\/3-mmckopen.nl\/ro\/wp-json\/wp\/v2\/users\/199606847"}],"replies":[{"embeddable":true,"href":"https:\/\/3-mmckopen.nl\/ro\/wp-json\/wp\/v2\/comments?post=631"}],"version-history":[{"count":1,"href":"https:\/\/3-mmckopen.nl\/ro\/wp-json\/wp\/v2\/pages\/631\/revisions"}],"predecessor-version":[{"id":79031,"href":"https:\/\/3-mmckopen.nl\/ro\/wp-json\/wp\/v2\/pages\/631\/revisions\/79031"}],"wp:attachment":[{"href":"https:\/\/3-mmckopen.nl\/ro\/wp-json\/wp\/v2\/media?parent=631"}],"curies":[{"name":"wp","href":"https:\/\/api.w.org\/{rel}","templated":true}]}}