{"id":13029,"date":"2022-01-30T17:51:42","date_gmt":"2022-01-30T16:51:42","guid":{"rendered":"https:\/\/3-mmckopen.nl\/?post_type=product&#038;p=13029"},"modified":"2025-07-21T13:36:56","modified_gmt":"2025-07-21T11:36:56","slug":"spanish-love-drops-dd","status":"publish","type":"product","link":"https:\/\/3-mmckopen.nl\/ro\/3mmc-kopen\/shop\/sexshop\/lustopwekkers\/spanish-love-drops-dd\/","title":{"rendered":"Spaniol Love Drops DD"},"content":{"rendered":"<h1>Cump\u0103r\u0103 Spanish Love Drops DD \u2013 30 ml<\/h1>\n<p>&nbsp;<\/p>\n<p><strong>Pic\u0103turi de dragoste spaniol\u0103<\/strong>\u00a0- Dans murdar<\/p>\n<p>Spanish Love Drops Dirty Dancing Nu v\u0103 plictisi \u00een fa\u021ba televizorului, ci urm\u0103ri\u021bi Spanish Love Drops Dirty Dancing. Aceast\u0103 formul\u0103 rafinat\u0103 ofer\u0103 fanteziei tale sexuale mai mult\u0103 putere. O dorin\u021b\u0103 nesf\u00e2r\u0219it\u0103 de a te m\u00e2ng\u00e2i \u0219i m\u00e2ng\u00e2i unul pe altul devine st\u0103p\u00e2nul t\u0103u. Nu a\u0219tepta\u021bi s\u0103 \u00eencerca\u021bi Spanish Love Drops Dirty Dancing, ve\u021bi avea chef din ce \u00een ce mai des. Pofta de Dragoste! Continut: 30 ml.Spanish Love Drops Dirty Dancing Nu te plictisi in fata televizorului, ci ia Spanish Love Drops Dirty Dancing. Aceast\u0103 formul\u0103 rafinat\u0103 ofer\u0103 fanteziei tale sexuale mai mult\u0103 putere. O dorin\u021b\u0103 nesf\u00e2r\u0219it\u0103 de a te m\u00e2ng\u00e2i \u0219i m\u00e2ng\u00e2i unul pe altul devine st\u0103p\u00e2nul t\u0103u. Nu a\u0219tepta\u021bi s\u0103 \u00eencerca\u021bi Spanish Love Drops Dirty Dancing, ve\u021bi avea chef din ce \u00een ce mai des. Pofta de Dragoste!<\/p>\n<p><strong>Caracteristici:<\/strong><\/p>\n<p>\u2013 Vitamina C activeaz\u0103 energia natural\u0103 din organism<\/p>\n<p>\u2013 Vitamina C contribuie la fitness<\/p>\n<p><strong>Pic\u0103turi de dragoste spaniol\u0103<\/strong> \u2013 Dirty Dancing stimuleaz\u0103 sentimentele de pl\u0103cere \u00eentr-un mod unic \u0219i poate oferi acel plus de energie \u0219i tensiune erotic\u0103 optim\u0103. Pentru o performan\u021b\u0103 sexual\u0103 optim\u0103 \u0219i un plus de pl\u0103cere.<\/p>\n<p><strong>Utilizare:<\/strong><\/p>\n<p>Lua\u021bi 3 ml (15 pic\u0103turi) sub limb\u0103 pentru \u00eenghi\u021bire cu aproximativ 30 de minute \u00eenainte de activitate. Nu lua\u021bi mai mult de 3 ml \u00een 24 de ore. Nu dep\u0103\u0219i\u021bi por\u021bia zilnic\u0103 recomandat\u0103.<\/p>\n<p><strong>Alte informa\u021bii:<\/strong><\/p>\n<p>Acesta este un supliment alimentar care contine L-Arginina si Vitamina C. Un supliment alimentar nu trebuie folosit ca inlocuitor pentru o dieta variata si echilibrata si pentru un stil de viata sanatos. A nu se l\u0103sa la \u00eendem\u00e2na copiilor. A se pastra intr-un loc racoros si uscat.<\/p>","protected":false},"excerpt":{"rendered":"<p>Spanish Love Drops DD kopen \u2013 30 ml &nbsp; Spanish Love Drops\u00a0\u2013 Dirty Dancing Spanish Love Drops Dirty Dancing Ga je niet voor de tv zitten vervelen, maar neem Spanish Love Drops Dirty Dancing. Deze verfijnde formule geeft jullie seksuele fantasie\u00ebn meer kracht. Een nimmer aflatende neiging om elkaar te liefkozen en te strelen wordt [&hellip;]<\/p>\n","protected":false},"featured_media":13068,"comment_status":"closed","ping_status":"closed","template":"","meta":{"site-sidebar-layout":"default","site-content-layout":"default","ast-site-content-layout":"default","site-content-style":"default","site-sidebar-style":"default","ast-global-header-display":"","ast-banner-title-visibility":"","ast-main-header-display":"","ast-hfb-above-header-display":"","ast-hfb-below-header-display":"","ast-hfb-mobile-header-display":"","site-post-title":"","ast-breadcrumbs-content":"","ast-featured-img":"","footer-sml-layout":"","theme-transparent-header-meta":"default","adv-header-id-meta":"","stick-header-meta":"","header-above-stick-meta":"","header-main-stick-meta":"","header-below-stick-meta":"","astra-migrate-meta-layouts":"default","ast-page-background-enabled":"default","ast-page-background-meta":{"desktop":{"background-color":"","background-image":"","background-repeat":"repeat","background-position":"center center","background-size":"auto","background-attachment":"scroll","background-type":"","background-media":"","overlay-type":"","overlay-color":"","overlay-opacity":"","overlay-gradient":""},"tablet":{"background-color":"","background-image":"","background-repeat":"repeat","background-position":"center center","background-size":"auto","background-attachment":"scroll","background-type":"","background-media":"","overlay-type":"","overlay-color":"","overlay-opacity":"","overlay-gradient":""},"mobile":{"background-color":"","background-image":"","background-repeat":"repeat","background-position":"center center","background-size":"auto","background-attachment":"scroll","background-type":"","background-media":"","overlay-type":"","overlay-color":"","overlay-opacity":"","overlay-gradient":""}},"ast-content-background-meta":{"desktop":{"background-color":"var(--ast-global-color-5)","background-image":"","background-repeat":"repeat","background-position":"center center","background-size":"auto","background-attachment":"scroll","background-type":"","background-media":"","overlay-type":"","overlay-color":"","overlay-opacity":"","overlay-gradient":""},"tablet":{"background-color":"var(--ast-global-color-5)","background-image":"","background-repeat":"repeat","background-position":"center center","background-size":"auto","background-attachment":"scroll","background-type":"","background-media":"","overlay-type":"","overlay-color":"","overlay-opacity":"","overlay-gradient":""},"mobile":{"background-color":"var(--ast-global-color-5)","background-image":"","background-repeat":"repeat","background-position":"center center","background-size":"auto","background-attachment":"scroll","background-type":"","background-media":"","overlay-type":"","overlay-color":"","overlay-opacity":"","overlay-gradient":""}}},"product_brand":[],"product_cat":[20390,20310],"product_tag":[20311,20315],"class_list":{"0":"post-13029","1":"product","2":"type-product","3":"status-publish","4":"has-post-thumbnail","6":"product_cat-lustopwekkers","7":"product_cat-sexshop","8":"product_tag-erotiek","9":"product_tag-lustopwekkers","10":"desktop-align-center","11":"tablet-align-center","12":"mobile-align-center","14":"first","15":"outofstock","16":"shipping-taxable","17":"purchasable","18":"product-type-simple"},"yoast_head":"<!-- This site is optimized with the Yoast SEO plugin v27.3 - https:\/\/yoast.com\/product\/yoast-seo-wordpress\/ -->\n<title>Spanish Love Drops DD Kopen? - Op=Op- 3MMC kopen<\/title>\n<meta name=\"description\" content=\"Bij 3MMC kopen kun je gemakkelijk en snel Spanish Love Drops DD bestellen en morgen al onderzoeken! Voor 17:00 besteld is vandaag al verzonden. Wees er snel bij.\" \/>\n<meta name=\"robots\" content=\"index, follow, max-snippet:-1, max-image-preview:large, max-video-preview:-1\" \/>\n<link rel=\"canonical\" href=\"https:\/\/3-mmckopen.nl\/ro\/3mmc-kopen\/shop\/sexshop\/lustopwekkers\/spanish-love-drops-dd\/\" \/>\n<meta property=\"og:locale\" content=\"ro_RO\" \/>\n<meta property=\"og:type\" content=\"article\" \/>\n<meta property=\"og:title\" content=\"Spanish Love Drops DD Kopen? - Op=Op- 3MMC kopen\" \/>\n<meta property=\"og:description\" content=\"Bij 3MMC kopen kun je gemakkelijk en snel Spanish Love Drops DD bestellen en morgen al onderzoeken! Voor 17:00 besteld is vandaag al verzonden. Wees er snel bij.\" \/>\n<meta property=\"og:url\" content=\"https:\/\/3-mmckopen.nl\/ro\/3mmc-kopen\/shop\/sexshop\/lustopwekkers\/spanish-love-drops-dd\/\" \/>\n<meta property=\"og:site_name\" content=\"3MMC kopen\" \/>\n<meta property=\"article:modified_time\" content=\"2025-07-21T11:36:56+00:00\" \/>\n<meta property=\"og:image\" content=\"https:\/\/3-mmckopen.nl\/wp-content\/uploads\/2022\/01\/1520-600x600-1.jpg\" \/>\n\t<meta property=\"og:image:width\" content=\"600\" \/>\n\t<meta property=\"og:image:height\" content=\"600\" \/>\n\t<meta property=\"og:image:type\" content=\"image\/jpeg\" \/>\n<meta name=\"twitter:card\" content=\"summary_large_image\" \/>\n<meta name=\"twitter:label1\" content=\"Timp estimat pentru citire\" \/>\n\t<meta name=\"twitter:data1\" content=\"1 minut\" \/>\n<script type=\"application\/ld+json\" class=\"yoast-schema-graph\">{\"@context\":\"https:\\\/\\\/schema.org\",\"@graph\":[{\"@type\":\"WebPage\",\"@id\":\"https:\\\/\\\/3-mmckopen.nl\\\/3mmc-kopen\\\/shop\\\/sexshop\\\/lustopwekkers\\\/spanish-love-drops-dd\\\/\",\"url\":\"https:\\\/\\\/3-mmckopen.nl\\\/3mmc-kopen\\\/shop\\\/sexshop\\\/lustopwekkers\\\/spanish-love-drops-dd\\\/\",\"name\":\"Spanish Love Drops DD Kopen? - Op=Op- 3MMC kopen\",\"isPartOf\":{\"@id\":\"https:\\\/\\\/3-mmckopen.nl\\\/#website\"},\"primaryImageOfPage\":{\"@id\":\"https:\\\/\\\/3-mmckopen.nl\\\/3mmc-kopen\\\/shop\\\/sexshop\\\/lustopwekkers\\\/spanish-love-drops-dd\\\/#primaryimage\"},\"image\":{\"@id\":\"https:\\\/\\\/3-mmckopen.nl\\\/3mmc-kopen\\\/shop\\\/sexshop\\\/lustopwekkers\\\/spanish-love-drops-dd\\\/#primaryimage\"},\"thumbnailUrl\":\"https:\\\/\\\/3-mmckopen.nl\\\/wp-content\\\/uploads\\\/2022\\\/01\\\/1520-600x600-1.jpg\",\"datePublished\":\"2022-01-30T16:51:42+00:00\",\"dateModified\":\"2025-07-21T11:36:56+00:00\",\"description\":\"Bij 3MMC kopen kun je gemakkelijk en snel Spanish Love Drops DD bestellen en morgen al onderzoeken! Voor 17:00 besteld is vandaag al verzonden. Wees er snel bij.\",\"breadcrumb\":{\"@id\":\"https:\\\/\\\/3-mmckopen.nl\\\/3mmc-kopen\\\/shop\\\/sexshop\\\/lustopwekkers\\\/spanish-love-drops-dd\\\/#breadcrumb\"},\"inLanguage\":\"ro-RO\",\"potentialAction\":[{\"@type\":\"ReadAction\",\"target\":[\"https:\\\/\\\/3-mmckopen.nl\\\/3mmc-kopen\\\/shop\\\/sexshop\\\/lustopwekkers\\\/spanish-love-drops-dd\\\/\"]}]},{\"@type\":\"ImageObject\",\"inLanguage\":\"ro-RO\",\"@id\":\"https:\\\/\\\/3-mmckopen.nl\\\/3mmc-kopen\\\/shop\\\/sexshop\\\/lustopwekkers\\\/spanish-love-drops-dd\\\/#primaryimage\",\"url\":\"https:\\\/\\\/3-mmckopen.nl\\\/wp-content\\\/uploads\\\/2022\\\/01\\\/1520-600x600-1.jpg\",\"contentUrl\":\"https:\\\/\\\/3-mmckopen.nl\\\/wp-content\\\/uploads\\\/2022\\\/01\\\/1520-600x600-1.jpg\",\"width\":600,\"height\":600},{\"@type\":\"BreadcrumbList\",\"@id\":\"https:\\\/\\\/3-mmckopen.nl\\\/3mmc-kopen\\\/shop\\\/sexshop\\\/lustopwekkers\\\/spanish-love-drops-dd\\\/#breadcrumb\",\"itemListElement\":[{\"@type\":\"ListItem\",\"position\":1,\"name\":\"Home\",\"item\":\"https:\\\/\\\/3-mmckopen.nl\\\/\"},{\"@type\":\"ListItem\",\"position\":2,\"name\":\"Winkel\",\"item\":\"https:\\\/\\\/3-mmckopen.nl\\\/winkel\\\/\"},{\"@type\":\"ListItem\",\"position\":3,\"name\":\"Spanish Love Drops DD\"}]},{\"@type\":\"WebSite\",\"@id\":\"https:\\\/\\\/3-mmckopen.nl\\\/#website\",\"url\":\"https:\\\/\\\/3-mmckopen.nl\\\/\",\"name\":\"3MMC kopen\",\"description\":\"VOOR ALLE THUIS CHEMISI EN ONDERZOEKERS ONDER ONS\",\"publisher\":{\"@id\":\"https:\\\/\\\/3-mmckopen.nl\\\/#organization\"},\"potentialAction\":[{\"@type\":\"SearchAction\",\"target\":{\"@type\":\"EntryPoint\",\"urlTemplate\":\"https:\\\/\\\/3-mmckopen.nl\\\/?s={search_term_string}\"},\"query-input\":{\"@type\":\"PropertyValueSpecification\",\"valueRequired\":true,\"valueName\":\"search_term_string\"}}],\"inLanguage\":\"ro-RO\"},{\"@type\":\"Organization\",\"@id\":\"https:\\\/\\\/3-mmckopen.nl\\\/#organization\",\"name\":\"3mmc kopen\",\"url\":\"https:\\\/\\\/3-mmckopen.nl\\\/\",\"logo\":{\"@type\":\"ImageObject\",\"inLanguage\":\"ro-RO\",\"@id\":\"https:\\\/\\\/3-mmckopen.nl\\\/#\\\/schema\\\/logo\\\/image\\\/\",\"url\":\"https:\\\/\\\/3-mmckopen.nl\\\/wp-content\\\/uploads\\\/2024\\\/03\\\/3mmckopennl.webp\",\"contentUrl\":\"https:\\\/\\\/3-mmckopen.nl\\\/wp-content\\\/uploads\\\/2024\\\/03\\\/3mmckopennl.webp\",\"width\":300,\"height\":118,\"caption\":\"3mmc kopen\"},\"image\":{\"@id\":\"https:\\\/\\\/3-mmckopen.nl\\\/#\\\/schema\\\/logo\\\/image\\\/\"},\"sameAs\":[\"https:\\\/\\\/www.instagram.com\\\/dehuisprofessor\\\/\",\"https:\\\/\\\/nl.pinterest.com\\\/dehuisprofessor\\\/\",\"https:\\\/\\\/www.youtube.com\\\/channel\\\/UCsGzCVJiHsWLILEEHDzCNqA\"]}]}<\/script>\n<!-- \/ Yoast SEO plugin. -->","yoast_head_json":{"title":"Spanish Love Drops DD Kopen? - Op=Op- 3MMC kopen","description":"Bij 3MMC kopen kun je gemakkelijk en snel Spanish Love Drops DD bestellen en morgen al onderzoeken! Voor 17:00 besteld is vandaag al verzonden. Wees er snel bij.","robots":{"index":"index","follow":"follow","max-snippet":"max-snippet:-1","max-image-preview":"max-image-preview:large","max-video-preview":"max-video-preview:-1"},"canonical":"https:\/\/3-mmckopen.nl\/ro\/3mmc-kopen\/shop\/sexshop\/lustopwekkers\/spanish-love-drops-dd\/","og_locale":"ro_RO","og_type":"article","og_title":"Spanish Love Drops DD Kopen? - Op=Op- 3MMC kopen","og_description":"Bij 3MMC kopen kun je gemakkelijk en snel Spanish Love Drops DD bestellen en morgen al onderzoeken! Voor 17:00 besteld is vandaag al verzonden. Wees er snel bij.","og_url":"https:\/\/3-mmckopen.nl\/ro\/3mmc-kopen\/shop\/sexshop\/lustopwekkers\/spanish-love-drops-dd\/","og_site_name":"3MMC kopen","article_modified_time":"2025-07-21T11:36:56+00:00","og_image":[{"width":600,"height":600,"url":"https:\/\/3-mmckopen.nl\/wp-content\/uploads\/2022\/01\/1520-600x600-1.jpg","type":"image\/jpeg"}],"twitter_card":"summary_large_image","twitter_misc":{"Timp estimat pentru citire":"1 minut"},"schema":{"@context":"https:\/\/schema.org","@graph":[{"@type":"WebPage","@id":"https:\/\/3-mmckopen.nl\/3mmc-kopen\/shop\/sexshop\/lustopwekkers\/spanish-love-drops-dd\/","url":"https:\/\/3-mmckopen.nl\/3mmc-kopen\/shop\/sexshop\/lustopwekkers\/spanish-love-drops-dd\/","name":"Spanish Love Drops DD Kopen? - Op=Op- 3MMC kopen","isPartOf":{"@id":"https:\/\/3-mmckopen.nl\/#website"},"primaryImageOfPage":{"@id":"https:\/\/3-mmckopen.nl\/3mmc-kopen\/shop\/sexshop\/lustopwekkers\/spanish-love-drops-dd\/#primaryimage"},"image":{"@id":"https:\/\/3-mmckopen.nl\/3mmc-kopen\/shop\/sexshop\/lustopwekkers\/spanish-love-drops-dd\/#primaryimage"},"thumbnailUrl":"https:\/\/3-mmckopen.nl\/wp-content\/uploads\/2022\/01\/1520-600x600-1.jpg","datePublished":"2022-01-30T16:51:42+00:00","dateModified":"2025-07-21T11:36:56+00:00","description":"Bij 3MMC kopen kun je gemakkelijk en snel Spanish Love Drops DD bestellen en morgen al onderzoeken! Voor 17:00 besteld is vandaag al verzonden. Wees er snel bij.","breadcrumb":{"@id":"https:\/\/3-mmckopen.nl\/3mmc-kopen\/shop\/sexshop\/lustopwekkers\/spanish-love-drops-dd\/#breadcrumb"},"inLanguage":"ro-RO","potentialAction":[{"@type":"ReadAction","target":["https:\/\/3-mmckopen.nl\/3mmc-kopen\/shop\/sexshop\/lustopwekkers\/spanish-love-drops-dd\/"]}]},{"@type":"ImageObject","inLanguage":"ro-RO","@id":"https:\/\/3-mmckopen.nl\/3mmc-kopen\/shop\/sexshop\/lustopwekkers\/spanish-love-drops-dd\/#primaryimage","url":"https:\/\/3-mmckopen.nl\/wp-content\/uploads\/2022\/01\/1520-600x600-1.jpg","contentUrl":"https:\/\/3-mmckopen.nl\/wp-content\/uploads\/2022\/01\/1520-600x600-1.jpg","width":600,"height":600},{"@type":"BreadcrumbList","@id":"https:\/\/3-mmckopen.nl\/3mmc-kopen\/shop\/sexshop\/lustopwekkers\/spanish-love-drops-dd\/#breadcrumb","itemListElement":[{"@type":"ListItem","position":1,"name":"Home","item":"https:\/\/3-mmckopen.nl\/"},{"@type":"ListItem","position":2,"name":"Winkel","item":"https:\/\/3-mmckopen.nl\/winkel\/"},{"@type":"ListItem","position":3,"name":"Spanish Love Drops DD"}]},{"@type":"WebSite","@id":"https:\/\/3-mmckopen.nl\/#website","url":"https:\/\/3-mmckopen.nl\/","name":"cumpara 3MMC","description":"VOOR ALLE THUIS CHEMISI EN ONDERZOEKERS ONDER ONS","publisher":{"@id":"https:\/\/3-mmckopen.nl\/#organization"},"potentialAction":[{"@type":"SearchAction","target":{"@type":"EntryPoint","urlTemplate":"https:\/\/3-mmckopen.nl\/?s={search_term_string}"},"query-input":{"@type":"PropertyValueSpecification","valueRequired":true,"valueName":"search_term_string"}}],"inLanguage":"ro-RO"},{"@type":"Organization","@id":"https:\/\/3-mmckopen.nl\/#organization","name":"3mmc kopen","url":"https:\/\/3-mmckopen.nl\/","logo":{"@type":"ImageObject","inLanguage":"ro-RO","@id":"https:\/\/3-mmckopen.nl\/#\/schema\/logo\/image\/","url":"https:\/\/3-mmckopen.nl\/wp-content\/uploads\/2024\/03\/3mmckopennl.webp","contentUrl":"https:\/\/3-mmckopen.nl\/wp-content\/uploads\/2024\/03\/3mmckopennl.webp","width":300,"height":118,"caption":"3mmc kopen"},"image":{"@id":"https:\/\/3-mmckopen.nl\/#\/schema\/logo\/image\/"},"sameAs":["https:\/\/www.instagram.com\/dehuisprofessor\/","https:\/\/nl.pinterest.com\/dehuisprofessor\/","https:\/\/www.youtube.com\/channel\/UCsGzCVJiHsWLILEEHDzCNqA"]}]}},"_links":{"self":[{"href":"https:\/\/3-mmckopen.nl\/ro\/wp-json\/wp\/v2\/product\/13029","targetHints":{"allow":["GET"]}}],"collection":[{"href":"https:\/\/3-mmckopen.nl\/ro\/wp-json\/wp\/v2\/product"}],"about":[{"href":"https:\/\/3-mmckopen.nl\/ro\/wp-json\/wp\/v2\/types\/product"}],"replies":[{"embeddable":true,"href":"https:\/\/3-mmckopen.nl\/ro\/wp-json\/wp\/v2\/comments?post=13029"}],"version-history":[{"count":0,"href":"https:\/\/3-mmckopen.nl\/ro\/wp-json\/wp\/v2\/product\/13029\/revisions"}],"wp:featuredmedia":[{"embeddable":true,"href":"https:\/\/3-mmckopen.nl\/ro\/wp-json\/wp\/v2\/media\/13068"}],"wp:attachment":[{"href":"https:\/\/3-mmckopen.nl\/ro\/wp-json\/wp\/v2\/media?parent=13029"}],"wp:term":[{"taxonomy":"product_brand","embeddable":true,"href":"https:\/\/3-mmckopen.nl\/ro\/wp-json\/wp\/v2\/product_brand?post=13029"},{"taxonomy":"product_cat","embeddable":true,"href":"https:\/\/3-mmckopen.nl\/ro\/wp-json\/wp\/v2\/product_cat?post=13029"},{"taxonomy":"product_tag","embeddable":true,"href":"https:\/\/3-mmckopen.nl\/ro\/wp-json\/wp\/v2\/product_tag?post=13029"}],"curies":[{"name":"wp","href":"https:\/\/api.w.org\/{rel}","templated":true}]}}