{"id":13036,"date":"2022-01-30T17:51:54","date_gmt":"2022-01-30T16:51:54","guid":{"rendered":"https:\/\/3-mmckopen.nl\/?post_type=product&#038;p=13036"},"modified":"2025-07-21T13:36:04","modified_gmt":"2025-07-21T11:36:04","slug":"mcmicrodose-refill","status":"publish","type":"product","link":"https:\/\/3-mmckopen.nl\/ro\/3mmc-kopen\/shop\/smartshop\/truffels\/mcmicrodose-refill\/","title":{"rendered":"Reumplere McMicrodose"},"content":{"rendered":"<h1>Cump\u0103ra\u021bi rezerve McMicrodose 2 x 10 grame<\/h1>\n<p>&nbsp;<\/p>\n<p><strong>Descriere:<\/strong><\/p>\n<p>McMicrodose este un amestec de trufe \u0219i con\u021bine psilocibin\u0103 natural\u0103. Selectat special pentru cele mai bune propriet\u0103\u021bi pentru microdozare.<\/p>\n<p>Cel mai bine se doza cu o micro-scara (0,1 \u2013 0,01gr).<\/p>\n<p><strong>\u00cencepe\u021bi cu microdozarea:<\/strong><\/p>\n<p>Deschide\u021bi o pung\u0103 cu trufe \u0219i pune\u021bi con\u021binutul \u00een tav\u0103. Pune\u021bi cealalt\u0103 pung\u0103 \u00een frigider. Utiliza\u021bi un micro-c\u00e2ntar pentru a c\u00e2nt\u0103ri cantitatea corect\u0103. Utiliza\u021bi \u00eentre 0,5 \u0219i 1,5 grame pe zi pentru microdozare.<\/p>\n<p><strong>Sfaturi;<\/strong>\u00a0Mestecatul bine \u0219i \u00eencet \u00eembun\u0103t\u0103\u021be\u0219te efectul. Trufele func\u021bioneaz\u0103 cel mai bine pe stomacul gol. Medita\u021bia \u0219i odihna contribuie la un rezultat mai bun. Microdozarea ofer\u0103 cel mai bun efect \u00eentr-o perioad\u0103 f\u0103r\u0103 alcool.<\/p>\n<p><strong>Utilizare:<\/strong><\/p>\n<p>\u2022 Mesteca\u021bi bine trufele, acest lucru \u00eembun\u0103t\u0103\u021be\u0219te efectul<\/p>\n<p>\u2022 P\u0103stra\u021bi trufele \u00eentr-un loc \u00eentunecat \u00eentre 2\u00b0C \u0219i 4\u00b0C<\/p>\n<p>\u2022 Folosi\u021bi trufe doar pentru s\u0103n\u0103tatea mintal\u0103, nu pentru depresie, tensiune arterial\u0103 crescut\u0103 sau sc\u0103zut\u0103, afec\u021biuni cardiace \u0219i\/sau pl\u0103m\u00e2ni, diabet sau sarcin\u0103.<\/p>\n<p>\u2022 Nu utiliza\u021bi \u00een combina\u021bie cu alcool, medicamente \u0219i\/sau alte medicamente<\/p>\n<p>\u2022 A nu se utiliza \u00een timpul sarcinii \u0219i al\u0103pt\u0103rii<\/p>\n<p>\u2022 Nu utiliza\u021bi sub 18 ani<\/p>\n<p><strong>Opera\u021biune:<\/strong><\/p>\n<p>Trufele \u00een microdoz\u0103 con\u021bin ingredientul activ psilocibin\u0103. Psilocibina este transformat\u0103 \u00een organism \u00een psilocin\u0103, o substan\u021b\u0103 cu multe propriet\u0103\u021bi active care sunt considerate ca fiind foarte pozitive de c\u0103tre majoritatea utilizatorilor. Aceast\u0103 substan\u021b\u0103 are un efect asupra metabolismului serotoninei \u00een creier. Serotonina este o substan\u021b\u0103 chimic\u0103 din creier care prime\u0219te semnale despre \u00eencrederea \u00een sine, somn, emo\u021bie, activitate sexual\u0103 \u0219i apetit.<\/p>\n<p><strong>NB:<\/strong><\/p>\n<p>Trufele Microdose con\u021bin \u00een mod natural \u0219i substan\u021bele psilocibin\u0103 \u0219i psilocin\u0103. Psilocibina \u0219i psilocina sunt halucinogene. Halucinogenele sunt substan\u021be cu efect de modificare a con\u0219tiin\u021bei care pot induce halucina\u021bii. C\u00e2nd consuma\u021bi trufa Microdose, lua\u021bi \u00een considerare cu seriozitate efectul acestor substan\u021be \u0219i p\u0103stra\u021bi \u00eentotdeauna trufa Microdose la \u00eendem\u00e2na copiilor din cauza acestor substan\u021be!<\/p>","protected":false},"excerpt":{"rendered":"<p>McMicrodose refill kopen 2 x 10 gram &nbsp; Omschrijving: McMicrodose is een mix van truffels en bevat natuurlijke psilocybine. Speciaal geselecteerd op de beste eigenschappen voor de microdosering. Het best te doseren met een micro weegschaal (0,1 \u2013 0,01gr). Start met microdosing: Open \u00e9\u00e9n truffel zakje en plaats de inhoud in het bakje. Plaats het [&hellip;]<\/p>\n","protected":false},"featured_media":13077,"comment_status":"closed","ping_status":"closed","template":"","meta":{"site-sidebar-layout":"default","site-content-layout":"default","ast-site-content-layout":"default","site-content-style":"default","site-sidebar-style":"default","ast-global-header-display":"","ast-banner-title-visibility":"","ast-main-header-display":"","ast-hfb-above-header-display":"","ast-hfb-below-header-display":"","ast-hfb-mobile-header-display":"","site-post-title":"","ast-breadcrumbs-content":"","ast-featured-img":"","footer-sml-layout":"","theme-transparent-header-meta":"default","adv-header-id-meta":"","stick-header-meta":"","header-above-stick-meta":"","header-main-stick-meta":"","header-below-stick-meta":"","astra-migrate-meta-layouts":"default","ast-page-background-enabled":"default","ast-page-background-meta":{"desktop":{"background-color":"","background-image":"","background-repeat":"repeat","background-position":"center center","background-size":"auto","background-attachment":"scroll","background-type":"","background-media":"","overlay-type":"","overlay-color":"","overlay-opacity":"","overlay-gradient":""},"tablet":{"background-color":"","background-image":"","background-repeat":"repeat","background-position":"center center","background-size":"auto","background-attachment":"scroll","background-type":"","background-media":"","overlay-type":"","overlay-color":"","overlay-opacity":"","overlay-gradient":""},"mobile":{"background-color":"","background-image":"","background-repeat":"repeat","background-position":"center center","background-size":"auto","background-attachment":"scroll","background-type":"","background-media":"","overlay-type":"","overlay-color":"","overlay-opacity":"","overlay-gradient":""}},"ast-content-background-meta":{"desktop":{"background-color":"var(--ast-global-color-5)","background-image":"","background-repeat":"repeat","background-position":"center center","background-size":"auto","background-attachment":"scroll","background-type":"","background-media":"","overlay-type":"","overlay-color":"","overlay-opacity":"","overlay-gradient":""},"tablet":{"background-color":"var(--ast-global-color-5)","background-image":"","background-repeat":"repeat","background-position":"center center","background-size":"auto","background-attachment":"scroll","background-type":"","background-media":"","overlay-type":"","overlay-color":"","overlay-opacity":"","overlay-gradient":""},"mobile":{"background-color":"var(--ast-global-color-5)","background-image":"","background-repeat":"repeat","background-position":"center center","background-size":"auto","background-attachment":"scroll","background-type":"","background-media":"","overlay-type":"","overlay-color":"","overlay-opacity":"","overlay-gradient":""}}},"product_brand":[],"product_cat":[20317,20309],"product_tag":[20318],"class_list":{"0":"post-13036","1":"product","2":"type-product","3":"status-publish","4":"has-post-thumbnail","6":"product_cat-truffels","7":"product_cat-smartshop","8":"product_tag-magic-truffels","9":"desktop-align-center","10":"tablet-align-center","11":"mobile-align-center","13":"first","14":"outofstock","15":"sale","16":"shipping-taxable","17":"purchasable","18":"product-type-simple"},"yoast_head":"<!-- This site is optimized with the Yoast SEO plugin v27.4 - https:\/\/yoast.com\/product\/yoast-seo-wordpress\/ -->\n<title>McMicrodose refill Kopen? - Op=Op- 3MMC kopen<\/title>\n<meta name=\"description\" content=\"Bij 3MMC kopen kun je gemakkelijk en snel McMicrodose refill bestellen en morgen al onderzoeken! Voor 17:00 besteld is vandaag al verzonden. Wees er snel bij.\" \/>\n<meta name=\"robots\" content=\"index, follow, max-snippet:-1, max-image-preview:large, max-video-preview:-1\" \/>\n<link rel=\"canonical\" href=\"https:\/\/3-mmckopen.nl\/ro\/3mmc-kopen\/shop\/smartshop\/truffels\/mcmicrodose-refill\/\" \/>\n<meta property=\"og:locale\" content=\"ro_RO\" \/>\n<meta property=\"og:type\" content=\"article\" \/>\n<meta property=\"og:title\" content=\"McMicrodose refill Kopen? - Op=Op- 3MMC kopen\" \/>\n<meta property=\"og:description\" content=\"Bij 3MMC kopen kun je gemakkelijk en snel McMicrodose refill bestellen en morgen al onderzoeken! Voor 17:00 besteld is vandaag al verzonden. Wees er snel bij.\" \/>\n<meta property=\"og:url\" content=\"https:\/\/3-mmckopen.nl\/ro\/3mmc-kopen\/shop\/smartshop\/truffels\/mcmicrodose-refill\/\" \/>\n<meta property=\"og:site_name\" content=\"3MMC kopen\" \/>\n<meta property=\"article:modified_time\" content=\"2025-07-21T11:36:04+00:00\" \/>\n<meta property=\"og:image\" content=\"https:\/\/3-mmckopen.nl\/wp-content\/uploads\/2022\/01\/AM10098-copia-600x600-1.jpg\" \/>\n\t<meta property=\"og:image:width\" content=\"600\" \/>\n\t<meta property=\"og:image:height\" content=\"600\" \/>\n\t<meta property=\"og:image:type\" content=\"image\/jpeg\" \/>\n<meta name=\"twitter:card\" content=\"summary_large_image\" \/>\n<meta name=\"twitter:label1\" content=\"Timp estimat pentru citire\" \/>\n\t<meta name=\"twitter:data1\" content=\"2 minute\" \/>\n<script type=\"application\/ld+json\" class=\"yoast-schema-graph\">{\"@context\":\"https:\\\/\\\/schema.org\",\"@graph\":[{\"@type\":\"WebPage\",\"@id\":\"https:\\\/\\\/3-mmckopen.nl\\\/bg\\\/3mmc-kopen\\\/shop\\\/smartshop\\\/truffels\\\/mcmicrodose-refill\\\/\",\"url\":\"https:\\\/\\\/3-mmckopen.nl\\\/bg\\\/3mmc-kopen\\\/shop\\\/smartshop\\\/truffels\\\/mcmicrodose-refill\\\/\",\"name\":\"McMicrodose refill Kopen? - Op=Op- 3MMC kopen\",\"isPartOf\":{\"@id\":\"https:\\\/\\\/3-mmckopen.nl\\\/#website\"},\"primaryImageOfPage\":{\"@id\":\"https:\\\/\\\/3-mmckopen.nl\\\/bg\\\/3mmc-kopen\\\/shop\\\/smartshop\\\/truffels\\\/mcmicrodose-refill\\\/#primaryimage\"},\"image\":{\"@id\":\"https:\\\/\\\/3-mmckopen.nl\\\/bg\\\/3mmc-kopen\\\/shop\\\/smartshop\\\/truffels\\\/mcmicrodose-refill\\\/#primaryimage\"},\"thumbnailUrl\":\"https:\\\/\\\/3-mmckopen.nl\\\/wp-content\\\/uploads\\\/2022\\\/01\\\/AM10098-copia-600x600-1.jpg\",\"datePublished\":\"2022-01-30T16:51:54+00:00\",\"dateModified\":\"2025-07-21T11:36:04+00:00\",\"description\":\"Bij 3MMC kopen kun je gemakkelijk en snel McMicrodose refill bestellen en morgen al onderzoeken! Voor 17:00 besteld is vandaag al verzonden. Wees er snel bij.\",\"breadcrumb\":{\"@id\":\"https:\\\/\\\/3-mmckopen.nl\\\/bg\\\/3mmc-kopen\\\/shop\\\/smartshop\\\/truffels\\\/mcmicrodose-refill\\\/#breadcrumb\"},\"inLanguage\":\"ro-RO\",\"potentialAction\":[{\"@type\":\"ReadAction\",\"target\":[\"https:\\\/\\\/3-mmckopen.nl\\\/bg\\\/3mmc-kopen\\\/shop\\\/smartshop\\\/truffels\\\/mcmicrodose-refill\\\/\"]}]},{\"@type\":\"ImageObject\",\"inLanguage\":\"ro-RO\",\"@id\":\"https:\\\/\\\/3-mmckopen.nl\\\/bg\\\/3mmc-kopen\\\/shop\\\/smartshop\\\/truffels\\\/mcmicrodose-refill\\\/#primaryimage\",\"url\":\"https:\\\/\\\/3-mmckopen.nl\\\/wp-content\\\/uploads\\\/2022\\\/01\\\/AM10098-copia-600x600-1.jpg\",\"contentUrl\":\"https:\\\/\\\/3-mmckopen.nl\\\/wp-content\\\/uploads\\\/2022\\\/01\\\/AM10098-copia-600x600-1.jpg\",\"width\":600,\"height\":600},{\"@type\":\"BreadcrumbList\",\"@id\":\"https:\\\/\\\/3-mmckopen.nl\\\/bg\\\/3mmc-kopen\\\/shop\\\/smartshop\\\/truffels\\\/mcmicrodose-refill\\\/#breadcrumb\",\"itemListElement\":[{\"@type\":\"ListItem\",\"position\":1,\"name\":\"Home\",\"item\":\"https:\\\/\\\/3-mmckopen.nl\\\/\"},{\"@type\":\"ListItem\",\"position\":2,\"name\":\"Winkel\",\"item\":\"https:\\\/\\\/3-mmckopen.nl\\\/winkel\\\/\"},{\"@type\":\"ListItem\",\"position\":3,\"name\":\"McMicrodose refill\"}]},{\"@type\":\"WebSite\",\"@id\":\"https:\\\/\\\/3-mmckopen.nl\\\/#website\",\"url\":\"https:\\\/\\\/3-mmckopen.nl\\\/\",\"name\":\"3MMC kopen\",\"description\":\"VOOR ALLE THUIS CHEMISI EN ONDERZOEKERS ONDER ONS\",\"publisher\":{\"@id\":\"https:\\\/\\\/3-mmckopen.nl\\\/#organization\"},\"potentialAction\":[{\"@type\":\"SearchAction\",\"target\":{\"@type\":\"EntryPoint\",\"urlTemplate\":\"https:\\\/\\\/3-mmckopen.nl\\\/?s={search_term_string}\"},\"query-input\":{\"@type\":\"PropertyValueSpecification\",\"valueRequired\":true,\"valueName\":\"search_term_string\"}}],\"inLanguage\":\"ro-RO\"},{\"@type\":\"Organization\",\"@id\":\"https:\\\/\\\/3-mmckopen.nl\\\/#organization\",\"name\":\"3mmc kopen\",\"url\":\"https:\\\/\\\/3-mmckopen.nl\\\/\",\"logo\":{\"@type\":\"ImageObject\",\"inLanguage\":\"ro-RO\",\"@id\":\"https:\\\/\\\/3-mmckopen.nl\\\/#\\\/schema\\\/logo\\\/image\\\/\",\"url\":\"https:\\\/\\\/3-mmckopen.nl\\\/wp-content\\\/uploads\\\/2024\\\/03\\\/3mmckopennl.webp\",\"contentUrl\":\"https:\\\/\\\/3-mmckopen.nl\\\/wp-content\\\/uploads\\\/2024\\\/03\\\/3mmckopennl.webp\",\"width\":300,\"height\":118,\"caption\":\"3mmc kopen\"},\"image\":{\"@id\":\"https:\\\/\\\/3-mmckopen.nl\\\/#\\\/schema\\\/logo\\\/image\\\/\"},\"sameAs\":[\"https:\\\/\\\/www.instagram.com\\\/dehuisprofessor\\\/\",\"https:\\\/\\\/nl.pinterest.com\\\/dehuisprofessor\\\/\",\"https:\\\/\\\/www.youtube.com\\\/channel\\\/UCsGzCVJiHsWLILEEHDzCNqA\"]}]}<\/script>\n<!-- \/ Yoast SEO plugin. -->","yoast_head_json":{"title":"McMicrodose refill Kopen? - Op=Op- 3MMC kopen","description":"Bij 3MMC kopen kun je gemakkelijk en snel McMicrodose refill bestellen en morgen al onderzoeken! Voor 17:00 besteld is vandaag al verzonden. Wees er snel bij.","robots":{"index":"index","follow":"follow","max-snippet":"max-snippet:-1","max-image-preview":"max-image-preview:large","max-video-preview":"max-video-preview:-1"},"canonical":"https:\/\/3-mmckopen.nl\/ro\/3mmc-kopen\/shop\/smartshop\/truffels\/mcmicrodose-refill\/","og_locale":"ro_RO","og_type":"article","og_title":"McMicrodose refill Kopen? - Op=Op- 3MMC kopen","og_description":"Bij 3MMC kopen kun je gemakkelijk en snel McMicrodose refill bestellen en morgen al onderzoeken! Voor 17:00 besteld is vandaag al verzonden. Wees er snel bij.","og_url":"https:\/\/3-mmckopen.nl\/ro\/3mmc-kopen\/shop\/smartshop\/truffels\/mcmicrodose-refill\/","og_site_name":"3MMC kopen","article_modified_time":"2025-07-21T11:36:04+00:00","og_image":[{"width":600,"height":600,"url":"https:\/\/3-mmckopen.nl\/wp-content\/uploads\/2022\/01\/AM10098-copia-600x600-1.jpg","type":"image\/jpeg"}],"twitter_card":"summary_large_image","twitter_misc":{"Timp estimat pentru citire":"2 minute"},"schema":{"@context":"https:\/\/schema.org","@graph":[{"@type":"WebPage","@id":"https:\/\/3-mmckopen.nl\/bg\/3mmc-kopen\/shop\/smartshop\/truffels\/mcmicrodose-refill\/","url":"https:\/\/3-mmckopen.nl\/bg\/3mmc-kopen\/shop\/smartshop\/truffels\/mcmicrodose-refill\/","name":"McMicrodose refill Kopen? - Op=Op- 3MMC kopen","isPartOf":{"@id":"https:\/\/3-mmckopen.nl\/#website"},"primaryImageOfPage":{"@id":"https:\/\/3-mmckopen.nl\/bg\/3mmc-kopen\/shop\/smartshop\/truffels\/mcmicrodose-refill\/#primaryimage"},"image":{"@id":"https:\/\/3-mmckopen.nl\/bg\/3mmc-kopen\/shop\/smartshop\/truffels\/mcmicrodose-refill\/#primaryimage"},"thumbnailUrl":"https:\/\/3-mmckopen.nl\/wp-content\/uploads\/2022\/01\/AM10098-copia-600x600-1.jpg","datePublished":"2022-01-30T16:51:54+00:00","dateModified":"2025-07-21T11:36:04+00:00","description":"Bij 3MMC kopen kun je gemakkelijk en snel McMicrodose refill bestellen en morgen al onderzoeken! Voor 17:00 besteld is vandaag al verzonden. Wees er snel bij.","breadcrumb":{"@id":"https:\/\/3-mmckopen.nl\/bg\/3mmc-kopen\/shop\/smartshop\/truffels\/mcmicrodose-refill\/#breadcrumb"},"inLanguage":"ro-RO","potentialAction":[{"@type":"ReadAction","target":["https:\/\/3-mmckopen.nl\/bg\/3mmc-kopen\/shop\/smartshop\/truffels\/mcmicrodose-refill\/"]}]},{"@type":"ImageObject","inLanguage":"ro-RO","@id":"https:\/\/3-mmckopen.nl\/bg\/3mmc-kopen\/shop\/smartshop\/truffels\/mcmicrodose-refill\/#primaryimage","url":"https:\/\/3-mmckopen.nl\/wp-content\/uploads\/2022\/01\/AM10098-copia-600x600-1.jpg","contentUrl":"https:\/\/3-mmckopen.nl\/wp-content\/uploads\/2022\/01\/AM10098-copia-600x600-1.jpg","width":600,"height":600},{"@type":"BreadcrumbList","@id":"https:\/\/3-mmckopen.nl\/bg\/3mmc-kopen\/shop\/smartshop\/truffels\/mcmicrodose-refill\/#breadcrumb","itemListElement":[{"@type":"ListItem","position":1,"name":"Home","item":"https:\/\/3-mmckopen.nl\/"},{"@type":"ListItem","position":2,"name":"Winkel","item":"https:\/\/3-mmckopen.nl\/winkel\/"},{"@type":"ListItem","position":3,"name":"McMicrodose refill"}]},{"@type":"WebSite","@id":"https:\/\/3-mmckopen.nl\/#website","url":"https:\/\/3-mmckopen.nl\/","name":"cumpara 3MMC","description":"VOOR ALLE THUIS CHEMISI EN ONDERZOEKERS ONDER ONS","publisher":{"@id":"https:\/\/3-mmckopen.nl\/#organization"},"potentialAction":[{"@type":"SearchAction","target":{"@type":"EntryPoint","urlTemplate":"https:\/\/3-mmckopen.nl\/?s={search_term_string}"},"query-input":{"@type":"PropertyValueSpecification","valueRequired":true,"valueName":"search_term_string"}}],"inLanguage":"ro-RO"},{"@type":"Organization","@id":"https:\/\/3-mmckopen.nl\/#organization","name":"3mmc kopen","url":"https:\/\/3-mmckopen.nl\/","logo":{"@type":"ImageObject","inLanguage":"ro-RO","@id":"https:\/\/3-mmckopen.nl\/#\/schema\/logo\/image\/","url":"https:\/\/3-mmckopen.nl\/wp-content\/uploads\/2024\/03\/3mmckopennl.webp","contentUrl":"https:\/\/3-mmckopen.nl\/wp-content\/uploads\/2024\/03\/3mmckopennl.webp","width":300,"height":118,"caption":"3mmc kopen"},"image":{"@id":"https:\/\/3-mmckopen.nl\/#\/schema\/logo\/image\/"},"sameAs":["https:\/\/www.instagram.com\/dehuisprofessor\/","https:\/\/nl.pinterest.com\/dehuisprofessor\/","https:\/\/www.youtube.com\/channel\/UCsGzCVJiHsWLILEEHDzCNqA"]}]}},"_links":{"self":[{"href":"https:\/\/3-mmckopen.nl\/ro\/wp-json\/wp\/v2\/product\/13036","targetHints":{"allow":["GET"]}}],"collection":[{"href":"https:\/\/3-mmckopen.nl\/ro\/wp-json\/wp\/v2\/product"}],"about":[{"href":"https:\/\/3-mmckopen.nl\/ro\/wp-json\/wp\/v2\/types\/product"}],"replies":[{"embeddable":true,"href":"https:\/\/3-mmckopen.nl\/ro\/wp-json\/wp\/v2\/comments?post=13036"}],"version-history":[{"count":0,"href":"https:\/\/3-mmckopen.nl\/ro\/wp-json\/wp\/v2\/product\/13036\/revisions"}],"wp:featuredmedia":[{"embeddable":true,"href":"https:\/\/3-mmckopen.nl\/ro\/wp-json\/wp\/v2\/media\/13077"}],"wp:attachment":[{"href":"https:\/\/3-mmckopen.nl\/ro\/wp-json\/wp\/v2\/media?parent=13036"}],"wp:term":[{"taxonomy":"product_brand","embeddable":true,"href":"https:\/\/3-mmckopen.nl\/ro\/wp-json\/wp\/v2\/product_brand?post=13036"},{"taxonomy":"product_cat","embeddable":true,"href":"https:\/\/3-mmckopen.nl\/ro\/wp-json\/wp\/v2\/product_cat?post=13036"},{"taxonomy":"product_tag","embeddable":true,"href":"https:\/\/3-mmckopen.nl\/ro\/wp-json\/wp\/v2\/product_tag?post=13036"}],"curies":[{"name":"wp","href":"https:\/\/api.w.org\/{rel}","templated":true}]}}