{"id":13040,"date":"2022-01-30T17:51:58","date_gmt":"2022-01-30T16:51:58","guid":{"rendered":"https:\/\/3-mmckopen.nl\/?post_type=product&#038;p=13040"},"modified":"2025-07-21T13:36:06","modified_gmt":"2025-07-21T11:36:06","slug":"party-me-party-pills","status":"publish","type":"product","link":"https:\/\/3-mmckopen.nl\/ro\/3mmc-kopen\/shop\/smartshop\/smartdrugs\/party-me-party-pills\/","title":{"rendered":"Party Me \u2013 Pastile de petrecere"},"content":{"rendered":"<h1 class=\"product_title entry-title\"><strong>Party Me party pills kopen<\/strong><\/h1>\n<p><strong>Party Me:<\/strong><\/p>\n<p>Need to say more?!?<\/p>\n<p>Party Me is de gangmaker die je de energie geeft voor lange en uitbundige nachten. Geef je nachten extra energie en een gelukkige boost. Party me is de PartyPill voor een ongeremde nacht vol euforie met een lichte high.<\/p>\n<p><strong>Utilizare:<\/strong><\/p>\n<p>Lua\u021bi maximum 2 capsule cu mult\u0103 ap\u0103 sau suc de fructe cu 30 p\u00e2n\u0103 la 45 de minute \u00eenainte de efectul dorit.<\/p>\n<p><strong>Descriere:<\/strong><\/p>\n<p>Me-Line a fost dezvoltat de \u0219i pentru ca McSmart s\u0103 ating\u0103 un alt nivel \u00een mod natural. Prin dezvoltarea acestei linii, v\u0103 oferim o experien\u021b\u0103 sigur\u0103, legal\u0103 \u0219i accesibil\u0103 de care v\u0103 ve\u021bi bucura! Bucura\u021bi-v\u0103 de experien\u021bele minunate pe care vi le poate oferi linia Me \u0219i fi\u021bi surprins de propriet\u0103\u021bile minunate ale acestor plante medicinale.<\/p>\n<p><strong>Avertizare:<\/strong><\/p>\n<p>V\u00e2nzarea \u0219i utilizarea nu sunt permise sub v\u00e2rsta de 18 ani. Nu utiliza\u021bi un supliment alimentar ca \u00eenlocuitor pentru o diet\u0103 variat\u0103. A nu se l\u0103sa la \u00eendem\u00e2na copiilor. A nu se utiliza in asociere cu medicamente sau alti simulanti, in caz de hipertensiune arteriala\/scazuta, probleme cardiace, sarcina si alaptare, afectiuni tiroidiene, boli de rinichi, depresie, nervozitate si atunci cand utilizati inhibitori MAO, aveti grija la consumul excesiv de alcool. Nu dep\u0103\u0219i\u021bi doza maxim\u0103.<\/p>\n<p><strong>Ingrediente:<\/strong><\/p>\n<p>Cafeine (140mg), Vitamine C (75mg), Vitamine B12 (0,25mg), Vitamine B6 (10mg), Vitamine E (10mg), Kruidenmix op basis van Niacine (215mg), L-tryptofaan, Citrus Aurantium en L-tyrolsine<\/p>","protected":false},"excerpt":{"rendered":"<p>Party Me party pills kopen Party Me: Need to say more?!? Party Me is de gangmaker die je de energie geeft voor lange en uitbundige nachten. Geef je nachten extra energie en een gelukkige boost. Party me is de PartyPill voor een ongeremde nacht vol euforie met een lichte high. Gebruik: Neem 30 tot 45 [&hellip;]<\/p>\n","protected":false},"featured_media":13081,"comment_status":"closed","ping_status":"closed","template":"","meta":{"site-sidebar-layout":"default","site-content-layout":"default","ast-site-content-layout":"default","site-content-style":"default","site-sidebar-style":"default","ast-global-header-display":"","ast-banner-title-visibility":"","ast-main-header-display":"","ast-hfb-above-header-display":"","ast-hfb-below-header-display":"","ast-hfb-mobile-header-display":"","site-post-title":"","ast-breadcrumbs-content":"","ast-featured-img":"","footer-sml-layout":"","theme-transparent-header-meta":"default","adv-header-id-meta":"","stick-header-meta":"","header-above-stick-meta":"","header-main-stick-meta":"","header-below-stick-meta":"","astra-migrate-meta-layouts":"default","ast-page-background-enabled":"default","ast-page-background-meta":{"desktop":{"background-color":"","background-image":"","background-repeat":"repeat","background-position":"center center","background-size":"auto","background-attachment":"scroll","background-type":"","background-media":"","overlay-type":"","overlay-color":"","overlay-opacity":"","overlay-gradient":""},"tablet":{"background-color":"","background-image":"","background-repeat":"repeat","background-position":"center center","background-size":"auto","background-attachment":"scroll","background-type":"","background-media":"","overlay-type":"","overlay-color":"","overlay-opacity":"","overlay-gradient":""},"mobile":{"background-color":"","background-image":"","background-repeat":"repeat","background-position":"center center","background-size":"auto","background-attachment":"scroll","background-type":"","background-media":"","overlay-type":"","overlay-color":"","overlay-opacity":"","overlay-gradient":""}},"ast-content-background-meta":{"desktop":{"background-color":"var(--ast-global-color-5)","background-image":"","background-repeat":"repeat","background-position":"center center","background-size":"auto","background-attachment":"scroll","background-type":"","background-media":"","overlay-type":"","overlay-color":"","overlay-opacity":"","overlay-gradient":""},"tablet":{"background-color":"var(--ast-global-color-5)","background-image":"","background-repeat":"repeat","background-position":"center center","background-size":"auto","background-attachment":"scroll","background-type":"","background-media":"","overlay-type":"","overlay-color":"","overlay-opacity":"","overlay-gradient":""},"mobile":{"background-color":"var(--ast-global-color-5)","background-image":"","background-repeat":"repeat","background-position":"center center","background-size":"auto","background-attachment":"scroll","background-type":"","background-media":"","overlay-type":"","overlay-color":"","overlay-opacity":"","overlay-gradient":""}}},"product_brand":[],"product_cat":[20319,20309],"product_tag":[20320],"class_list":{"0":"post-13040","1":"product","2":"type-product","3":"status-publish","4":"has-post-thumbnail","6":"product_cat-smartdrugs","7":"product_cat-smartshop","8":"product_tag-party-supplementen","9":"desktop-align-center","10":"tablet-align-center","11":"mobile-align-center","13":"first","14":"outofstock","15":"shipping-taxable","16":"purchasable","17":"product-type-simple"},"yoast_head":"<!-- This site is optimized with the Yoast SEO plugin v27.3 - https:\/\/yoast.com\/product\/yoast-seo-wordpress\/ -->\n<title>Party Me - Party pills Kopen? - Op=Op- 3MMC kopen<\/title>\n<meta name=\"description\" content=\"Bij 3MMC kopen kun je gemakkelijk en snel Party Me - Party pills bestellen en morgen al onderzoeken! Voor 17:00 besteld is vandaag al verzonden. Wees er snel bij.\" \/>\n<meta name=\"robots\" content=\"index, follow, max-snippet:-1, max-image-preview:large, max-video-preview:-1\" \/>\n<link rel=\"canonical\" href=\"https:\/\/3-mmckopen.nl\/ro\/3mmc-kopen\/shop\/smartshop\/smartdrugs\/party-me-party-pills\/\" \/>\n<meta property=\"og:locale\" content=\"ro_RO\" \/>\n<meta property=\"og:type\" content=\"article\" \/>\n<meta property=\"og:title\" content=\"Party Me - Party pills Kopen? - Op=Op- 3MMC kopen\" \/>\n<meta property=\"og:description\" content=\"Bij 3MMC kopen kun je gemakkelijk en snel Party Me - Party pills bestellen en morgen al onderzoeken! Voor 17:00 besteld is vandaag al verzonden. Wees er snel bij.\" \/>\n<meta property=\"og:url\" content=\"https:\/\/3-mmckopen.nl\/ro\/3mmc-kopen\/shop\/smartshop\/smartdrugs\/party-me-party-pills\/\" \/>\n<meta property=\"og:site_name\" content=\"3MMC kopen\" \/>\n<meta property=\"article:modified_time\" content=\"2025-07-21T11:36:06+00:00\" \/>\n<meta property=\"og:image\" content=\"https:\/\/3-mmckopen.nl\/wp-content\/uploads\/2022\/01\/1480-600x600-1.jpg\" \/>\n\t<meta property=\"og:image:width\" content=\"600\" \/>\n\t<meta property=\"og:image:height\" content=\"600\" \/>\n\t<meta property=\"og:image:type\" content=\"image\/jpeg\" \/>\n<meta name=\"twitter:card\" content=\"summary_large_image\" \/>\n<meta name=\"twitter:label1\" content=\"Timp estimat pentru citire\" \/>\n\t<meta name=\"twitter:data1\" content=\"1 minut\" \/>\n<script type=\"application\/ld+json\" class=\"yoast-schema-graph\">{\"@context\":\"https:\\\/\\\/schema.org\",\"@graph\":[{\"@type\":\"WebPage\",\"@id\":\"https:\\\/\\\/3-mmckopen.nl\\\/de\\\/3mmc-kopen\\\/shop\\\/smartshop\\\/smartdrugs\\\/party-me-party-pills\\\/\",\"url\":\"https:\\\/\\\/3-mmckopen.nl\\\/de\\\/3mmc-kopen\\\/shop\\\/smartshop\\\/smartdrugs\\\/party-me-party-pills\\\/\",\"name\":\"Party Me - Party pills Kopen? - Op=Op- 3MMC kopen\",\"isPartOf\":{\"@id\":\"https:\\\/\\\/3-mmckopen.nl\\\/#website\"},\"primaryImageOfPage\":{\"@id\":\"https:\\\/\\\/3-mmckopen.nl\\\/de\\\/3mmc-kopen\\\/shop\\\/smartshop\\\/smartdrugs\\\/party-me-party-pills\\\/#primaryimage\"},\"image\":{\"@id\":\"https:\\\/\\\/3-mmckopen.nl\\\/de\\\/3mmc-kopen\\\/shop\\\/smartshop\\\/smartdrugs\\\/party-me-party-pills\\\/#primaryimage\"},\"thumbnailUrl\":\"https:\\\/\\\/3-mmckopen.nl\\\/wp-content\\\/uploads\\\/2022\\\/01\\\/1480-600x600-1.jpg\",\"datePublished\":\"2022-01-30T16:51:58+00:00\",\"dateModified\":\"2025-07-21T11:36:06+00:00\",\"description\":\"Bij 3MMC kopen kun je gemakkelijk en snel Party Me - Party pills bestellen en morgen al onderzoeken! Voor 17:00 besteld is vandaag al verzonden. Wees er snel bij.\",\"breadcrumb\":{\"@id\":\"https:\\\/\\\/3-mmckopen.nl\\\/de\\\/3mmc-kopen\\\/shop\\\/smartshop\\\/smartdrugs\\\/party-me-party-pills\\\/#breadcrumb\"},\"inLanguage\":\"ro-RO\",\"potentialAction\":[{\"@type\":\"ReadAction\",\"target\":[\"https:\\\/\\\/3-mmckopen.nl\\\/de\\\/3mmc-kopen\\\/shop\\\/smartshop\\\/smartdrugs\\\/party-me-party-pills\\\/\"]}]},{\"@type\":\"ImageObject\",\"inLanguage\":\"ro-RO\",\"@id\":\"https:\\\/\\\/3-mmckopen.nl\\\/de\\\/3mmc-kopen\\\/shop\\\/smartshop\\\/smartdrugs\\\/party-me-party-pills\\\/#primaryimage\",\"url\":\"https:\\\/\\\/3-mmckopen.nl\\\/wp-content\\\/uploads\\\/2022\\\/01\\\/1480-600x600-1.jpg\",\"contentUrl\":\"https:\\\/\\\/3-mmckopen.nl\\\/wp-content\\\/uploads\\\/2022\\\/01\\\/1480-600x600-1.jpg\",\"width\":600,\"height\":600},{\"@type\":\"BreadcrumbList\",\"@id\":\"https:\\\/\\\/3-mmckopen.nl\\\/de\\\/3mmc-kopen\\\/shop\\\/smartshop\\\/smartdrugs\\\/party-me-party-pills\\\/#breadcrumb\",\"itemListElement\":[{\"@type\":\"ListItem\",\"position\":1,\"name\":\"Home\",\"item\":\"https:\\\/\\\/3-mmckopen.nl\\\/\"},{\"@type\":\"ListItem\",\"position\":2,\"name\":\"Winkel\",\"item\":\"https:\\\/\\\/3-mmckopen.nl\\\/winkel\\\/\"},{\"@type\":\"ListItem\",\"position\":3,\"name\":\"Party Me &#8211; Party pills\"}]},{\"@type\":\"WebSite\",\"@id\":\"https:\\\/\\\/3-mmckopen.nl\\\/#website\",\"url\":\"https:\\\/\\\/3-mmckopen.nl\\\/\",\"name\":\"3MMC kopen\",\"description\":\"VOOR ALLE THUIS CHEMISI EN ONDERZOEKERS ONDER ONS\",\"publisher\":{\"@id\":\"https:\\\/\\\/3-mmckopen.nl\\\/#organization\"},\"potentialAction\":[{\"@type\":\"SearchAction\",\"target\":{\"@type\":\"EntryPoint\",\"urlTemplate\":\"https:\\\/\\\/3-mmckopen.nl\\\/?s={search_term_string}\"},\"query-input\":{\"@type\":\"PropertyValueSpecification\",\"valueRequired\":true,\"valueName\":\"search_term_string\"}}],\"inLanguage\":\"ro-RO\"},{\"@type\":\"Organization\",\"@id\":\"https:\\\/\\\/3-mmckopen.nl\\\/#organization\",\"name\":\"3mmc kopen\",\"url\":\"https:\\\/\\\/3-mmckopen.nl\\\/\",\"logo\":{\"@type\":\"ImageObject\",\"inLanguage\":\"ro-RO\",\"@id\":\"https:\\\/\\\/3-mmckopen.nl\\\/#\\\/schema\\\/logo\\\/image\\\/\",\"url\":\"https:\\\/\\\/3-mmckopen.nl\\\/wp-content\\\/uploads\\\/2024\\\/03\\\/3mmckopennl.webp\",\"contentUrl\":\"https:\\\/\\\/3-mmckopen.nl\\\/wp-content\\\/uploads\\\/2024\\\/03\\\/3mmckopennl.webp\",\"width\":300,\"height\":118,\"caption\":\"3mmc kopen\"},\"image\":{\"@id\":\"https:\\\/\\\/3-mmckopen.nl\\\/#\\\/schema\\\/logo\\\/image\\\/\"},\"sameAs\":[\"https:\\\/\\\/www.instagram.com\\\/dehuisprofessor\\\/\",\"https:\\\/\\\/nl.pinterest.com\\\/dehuisprofessor\\\/\",\"https:\\\/\\\/www.youtube.com\\\/channel\\\/UCsGzCVJiHsWLILEEHDzCNqA\"]}]}<\/script>\n<!-- \/ Yoast SEO plugin. -->","yoast_head_json":{"title":"Party Me - Party pills Kopen? - Op=Op- 3MMC kopen","description":"Bij 3MMC kopen kun je gemakkelijk en snel Party Me - Party pills bestellen en morgen al onderzoeken! Voor 17:00 besteld is vandaag al verzonden. Wees er snel bij.","robots":{"index":"index","follow":"follow","max-snippet":"max-snippet:-1","max-image-preview":"max-image-preview:large","max-video-preview":"max-video-preview:-1"},"canonical":"https:\/\/3-mmckopen.nl\/ro\/3mmc-kopen\/shop\/smartshop\/smartdrugs\/party-me-party-pills\/","og_locale":"ro_RO","og_type":"article","og_title":"Party Me - Party pills Kopen? - Op=Op- 3MMC kopen","og_description":"Bij 3MMC kopen kun je gemakkelijk en snel Party Me - Party pills bestellen en morgen al onderzoeken! Voor 17:00 besteld is vandaag al verzonden. Wees er snel bij.","og_url":"https:\/\/3-mmckopen.nl\/ro\/3mmc-kopen\/shop\/smartshop\/smartdrugs\/party-me-party-pills\/","og_site_name":"3MMC kopen","article_modified_time":"2025-07-21T11:36:06+00:00","og_image":[{"width":600,"height":600,"url":"https:\/\/3-mmckopen.nl\/wp-content\/uploads\/2022\/01\/1480-600x600-1.jpg","type":"image\/jpeg"}],"twitter_card":"summary_large_image","twitter_misc":{"Timp estimat pentru citire":"1 minut"},"schema":{"@context":"https:\/\/schema.org","@graph":[{"@type":"WebPage","@id":"https:\/\/3-mmckopen.nl\/de\/3mmc-kopen\/shop\/smartshop\/smartdrugs\/party-me-party-pills\/","url":"https:\/\/3-mmckopen.nl\/de\/3mmc-kopen\/shop\/smartshop\/smartdrugs\/party-me-party-pills\/","name":"Party Me - Party pills Kopen? - Op=Op- 3MMC kopen","isPartOf":{"@id":"https:\/\/3-mmckopen.nl\/#website"},"primaryImageOfPage":{"@id":"https:\/\/3-mmckopen.nl\/de\/3mmc-kopen\/shop\/smartshop\/smartdrugs\/party-me-party-pills\/#primaryimage"},"image":{"@id":"https:\/\/3-mmckopen.nl\/de\/3mmc-kopen\/shop\/smartshop\/smartdrugs\/party-me-party-pills\/#primaryimage"},"thumbnailUrl":"https:\/\/3-mmckopen.nl\/wp-content\/uploads\/2022\/01\/1480-600x600-1.jpg","datePublished":"2022-01-30T16:51:58+00:00","dateModified":"2025-07-21T11:36:06+00:00","description":"Bij 3MMC kopen kun je gemakkelijk en snel Party Me - Party pills bestellen en morgen al onderzoeken! Voor 17:00 besteld is vandaag al verzonden. Wees er snel bij.","breadcrumb":{"@id":"https:\/\/3-mmckopen.nl\/de\/3mmc-kopen\/shop\/smartshop\/smartdrugs\/party-me-party-pills\/#breadcrumb"},"inLanguage":"ro-RO","potentialAction":[{"@type":"ReadAction","target":["https:\/\/3-mmckopen.nl\/de\/3mmc-kopen\/shop\/smartshop\/smartdrugs\/party-me-party-pills\/"]}]},{"@type":"ImageObject","inLanguage":"ro-RO","@id":"https:\/\/3-mmckopen.nl\/de\/3mmc-kopen\/shop\/smartshop\/smartdrugs\/party-me-party-pills\/#primaryimage","url":"https:\/\/3-mmckopen.nl\/wp-content\/uploads\/2022\/01\/1480-600x600-1.jpg","contentUrl":"https:\/\/3-mmckopen.nl\/wp-content\/uploads\/2022\/01\/1480-600x600-1.jpg","width":600,"height":600},{"@type":"BreadcrumbList","@id":"https:\/\/3-mmckopen.nl\/de\/3mmc-kopen\/shop\/smartshop\/smartdrugs\/party-me-party-pills\/#breadcrumb","itemListElement":[{"@type":"ListItem","position":1,"name":"Home","item":"https:\/\/3-mmckopen.nl\/"},{"@type":"ListItem","position":2,"name":"Winkel","item":"https:\/\/3-mmckopen.nl\/winkel\/"},{"@type":"ListItem","position":3,"name":"Party Me &#8211; Party pills"}]},{"@type":"WebSite","@id":"https:\/\/3-mmckopen.nl\/#website","url":"https:\/\/3-mmckopen.nl\/","name":"cumpara 3MMC","description":"VOOR ALLE THUIS CHEMISI EN ONDERZOEKERS ONDER ONS","publisher":{"@id":"https:\/\/3-mmckopen.nl\/#organization"},"potentialAction":[{"@type":"SearchAction","target":{"@type":"EntryPoint","urlTemplate":"https:\/\/3-mmckopen.nl\/?s={search_term_string}"},"query-input":{"@type":"PropertyValueSpecification","valueRequired":true,"valueName":"search_term_string"}}],"inLanguage":"ro-RO"},{"@type":"Organization","@id":"https:\/\/3-mmckopen.nl\/#organization","name":"3mmc kopen","url":"https:\/\/3-mmckopen.nl\/","logo":{"@type":"ImageObject","inLanguage":"ro-RO","@id":"https:\/\/3-mmckopen.nl\/#\/schema\/logo\/image\/","url":"https:\/\/3-mmckopen.nl\/wp-content\/uploads\/2024\/03\/3mmckopennl.webp","contentUrl":"https:\/\/3-mmckopen.nl\/wp-content\/uploads\/2024\/03\/3mmckopennl.webp","width":300,"height":118,"caption":"3mmc kopen"},"image":{"@id":"https:\/\/3-mmckopen.nl\/#\/schema\/logo\/image\/"},"sameAs":["https:\/\/www.instagram.com\/dehuisprofessor\/","https:\/\/nl.pinterest.com\/dehuisprofessor\/","https:\/\/www.youtube.com\/channel\/UCsGzCVJiHsWLILEEHDzCNqA"]}]}},"_links":{"self":[{"href":"https:\/\/3-mmckopen.nl\/ro\/wp-json\/wp\/v2\/product\/13040","targetHints":{"allow":["GET"]}}],"collection":[{"href":"https:\/\/3-mmckopen.nl\/ro\/wp-json\/wp\/v2\/product"}],"about":[{"href":"https:\/\/3-mmckopen.nl\/ro\/wp-json\/wp\/v2\/types\/product"}],"replies":[{"embeddable":true,"href":"https:\/\/3-mmckopen.nl\/ro\/wp-json\/wp\/v2\/comments?post=13040"}],"version-history":[{"count":0,"href":"https:\/\/3-mmckopen.nl\/ro\/wp-json\/wp\/v2\/product\/13040\/revisions"}],"wp:featuredmedia":[{"embeddable":true,"href":"https:\/\/3-mmckopen.nl\/ro\/wp-json\/wp\/v2\/media\/13081"}],"wp:attachment":[{"href":"https:\/\/3-mmckopen.nl\/ro\/wp-json\/wp\/v2\/media?parent=13040"}],"wp:term":[{"taxonomy":"product_brand","embeddable":true,"href":"https:\/\/3-mmckopen.nl\/ro\/wp-json\/wp\/v2\/product_brand?post=13040"},{"taxonomy":"product_cat","embeddable":true,"href":"https:\/\/3-mmckopen.nl\/ro\/wp-json\/wp\/v2\/product_cat?post=13040"},{"taxonomy":"product_tag","embeddable":true,"href":"https:\/\/3-mmckopen.nl\/ro\/wp-json\/wp\/v2\/product_tag?post=13040"}],"curies":[{"name":"wp","href":"https:\/\/api.w.org\/{rel}","templated":true}]}}