{"id":13053,"date":"2022-01-30T17:52:15","date_gmt":"2022-01-30T16:52:15","guid":{"rendered":"https:\/\/3-mmckopen.nl\/?post_type=product&#038;p=13053"},"modified":"2025-07-21T13:36:07","modified_gmt":"2025-07-21T11:36:07","slug":"2seduce-female-tighten-gel","status":"publish","type":"product","link":"https:\/\/3-mmckopen.nl\/ro\/3mmc-kopen\/shop\/sexshop\/erotische-cremes-gels\/2seduce-female-tighten-gel\/","title":{"rendered":"2Seduce Female Tighten Gel"},"content":{"rendered":"<h1 class=\"product_title entry-title\"><strong>Cump\u0103ra\u021bi 2Seduce Female Tighten Gel<\/strong><\/h1>\n<p>2Seduce Female Gel Tightening este un gel unic cu ingrediente de \u00eengrijire care \u00eengrije\u0219te pielea sensibil\u0103 a vaginului \u0219i, \u00een acela\u0219i timp, ajut\u0103 la str\u00e2ngerea acesteia. Pentru o pl\u0103cere senzual\u0103 suplimentar\u0103. Folosind regulat 2Seduce Female Gel Tightening, pielea din vagin \u0219i din jurul vaginului este bine hidratat\u0103 \u0219i hr\u0103nit\u0103, f\u0103c\u00e2nd-o mai ferm\u0103 \u00een mod natural. \u00cen timp, pielea vaginului se va sim\u021bi mai str\u00e2ns\u0103, f\u0103c\u00e2nd actul sexual mai intens.<\/p>\n<p><strong>Utilizare:<\/strong><\/p>\n<p>Aplica\u021bi zilnic cantitatea dorit\u0103 pe \u0219i \u00een jurul vaginului. Produsul are un miros neutru placut, se intinde usor datorita texturii sale usoare si se absoarbe rapid. Compozi\u021bia echilibrat\u0103 con\u021bine diverse extracte de flori \u0219i plante, inclusiv Alantoin\u0103 cu Calendula \u0219i Aloe Vera, Extract de Frunze de Hamamelis Virginiana \u0219i Extract de Floare de Chamomilla Recutita. Datorit\u0103 efectului nutritiv \u0219i reparator al ingredientelor, pielea devine mai moale \u0219i mai str\u00e2ns\u0103.<\/p>\n<p><strong>Ingrediente:<\/strong><\/p>\n<p>Aqua<\/p>\n<p>Glicerin\u0103<\/p>\n<p>Fenoxietanol<\/p>\n<p>Acrilati\/C10-30 alchil acrilat polimer \u00eencruci\u0219at<\/p>\n<p>Extract de frunze de Aloe Barbadensis, alcool<\/p>\n<p>Etilhexilglicerin\u0103<\/p>\n<p>Acid lactic<\/p>\n<p>Aminometil propanol<\/p>\n<p>Ulei de Mentha Piperita<\/p>\n<p>Extract de frunze de Hamamelis Virginiana<\/p>\n<p>Extract de floare de Chamomilla Recutita<\/p>\n<p>Alantoina<\/p>\n<p>Extract de Calendula Officinalis<\/p>\n<p>Limonene<\/p>\n<p>Linalool<\/p>\n<h1><\/h1>","protected":false},"excerpt":{"rendered":"<p>2Seduce Female Tighten Gel kopen 2Seduce Female Gel Tightening is een unieke gel met verzorgende ingredi\u00ebnten, die de gevoelige huid van de vagina verzorgt en tegelijk helpt om deze verstrakken. Voor extra sensueel genot. Door regelmatig 2Seduce Female Gel Tightening gebruiken, wordt de huid van en rondom de vagina goed gehydrateerd en gevoed, waardoor deze [&hellip;]<\/p>\n","protected":false},"featured_media":13111,"comment_status":"closed","ping_status":"closed","template":"","meta":{"site-sidebar-layout":"default","site-content-layout":"default","ast-site-content-layout":"default","site-content-style":"default","site-sidebar-style":"default","ast-global-header-display":"","ast-banner-title-visibility":"","ast-main-header-display":"","ast-hfb-above-header-display":"","ast-hfb-below-header-display":"","ast-hfb-mobile-header-display":"","site-post-title":"","ast-breadcrumbs-content":"","ast-featured-img":"","footer-sml-layout":"","theme-transparent-header-meta":"default","adv-header-id-meta":"","stick-header-meta":"","header-above-stick-meta":"","header-main-stick-meta":"","header-below-stick-meta":"","astra-migrate-meta-layouts":"default","ast-page-background-enabled":"default","ast-page-background-meta":{"desktop":{"background-color":"","background-image":"","background-repeat":"repeat","background-position":"center center","background-size":"auto","background-attachment":"scroll","background-type":"","background-media":"","overlay-type":"","overlay-color":"","overlay-opacity":"","overlay-gradient":""},"tablet":{"background-color":"","background-image":"","background-repeat":"repeat","background-position":"center center","background-size":"auto","background-attachment":"scroll","background-type":"","background-media":"","overlay-type":"","overlay-color":"","overlay-opacity":"","overlay-gradient":""},"mobile":{"background-color":"","background-image":"","background-repeat":"repeat","background-position":"center center","background-size":"auto","background-attachment":"scroll","background-type":"","background-media":"","overlay-type":"","overlay-color":"","overlay-opacity":"","overlay-gradient":""}},"ast-content-background-meta":{"desktop":{"background-color":"var(--ast-global-color-5)","background-image":"","background-repeat":"repeat","background-position":"center center","background-size":"auto","background-attachment":"scroll","background-type":"","background-media":"","overlay-type":"","overlay-color":"","overlay-opacity":"","overlay-gradient":""},"tablet":{"background-color":"var(--ast-global-color-5)","background-image":"","background-repeat":"repeat","background-position":"center center","background-size":"auto","background-attachment":"scroll","background-type":"","background-media":"","overlay-type":"","overlay-color":"","overlay-opacity":"","overlay-gradient":""},"mobile":{"background-color":"var(--ast-global-color-5)","background-image":"","background-repeat":"repeat","background-position":"center center","background-size":"auto","background-attachment":"scroll","background-type":"","background-media":"","overlay-type":"","overlay-color":"","overlay-opacity":"","overlay-gradient":""}}},"product_brand":[],"product_cat":[20392,20310],"product_tag":[20311],"class_list":{"0":"post-13053","1":"product","2":"type-product","3":"status-publish","4":"has-post-thumbnail","6":"product_cat-erotische-cremes-gels","7":"product_cat-sexshop","8":"product_tag-erotiek","9":"desktop-align-center","10":"tablet-align-center","11":"mobile-align-center","13":"first","14":"instock","15":"shipping-taxable","16":"purchasable","17":"product-type-simple"},"yoast_head":"<!-- This site is optimized with the Yoast SEO plugin v27.4 - https:\/\/yoast.com\/product\/yoast-seo-wordpress\/ -->\n<title>2Seduce Female Tighten Gel Kopen? - Op=Op- 3MMC kopen<\/title>\n<meta name=\"description\" content=\"Bij 3MMC kopen kun je gemakkelijk en snel 2Seduce Female Tighten Gel bestellen en morgen al onderzoeken! Voor 17:00 besteld is vandaag al verzonden. Wees er snel bij.\" \/>\n<meta name=\"robots\" content=\"index, follow, max-snippet:-1, max-image-preview:large, max-video-preview:-1\" \/>\n<link rel=\"canonical\" href=\"https:\/\/3-mmckopen.nl\/ro\/3mmc-kopen\/shop\/sexshop\/erotische-cremes-gels\/2seduce-female-tighten-gel\/\" \/>\n<meta property=\"og:locale\" content=\"ro_RO\" \/>\n<meta property=\"og:type\" content=\"article\" \/>\n<meta property=\"og:title\" content=\"2Seduce Female Tighten Gel Kopen? - Op=Op- 3MMC kopen\" \/>\n<meta property=\"og:description\" content=\"Bij 3MMC kopen kun je gemakkelijk en snel 2Seduce Female Tighten Gel bestellen en morgen al onderzoeken! Voor 17:00 besteld is vandaag al verzonden. Wees er snel bij.\" \/>\n<meta property=\"og:url\" content=\"https:\/\/3-mmckopen.nl\/ro\/3mmc-kopen\/shop\/sexshop\/erotische-cremes-gels\/2seduce-female-tighten-gel\/\" \/>\n<meta property=\"og:site_name\" content=\"3MMC kopen\" \/>\n<meta property=\"article:modified_time\" content=\"2025-07-21T11:36:07+00:00\" \/>\n<meta property=\"og:image\" content=\"https:\/\/3-mmckopen.nl\/wp-content\/uploads\/2022\/01\/40074-600x600-1.jpg\" \/>\n\t<meta property=\"og:image:width\" content=\"600\" \/>\n\t<meta property=\"og:image:height\" content=\"600\" \/>\n\t<meta property=\"og:image:type\" content=\"image\/jpeg\" \/>\n<meta name=\"twitter:card\" content=\"summary_large_image\" \/>\n<meta name=\"twitter:label1\" content=\"Timp estimat pentru citire\" \/>\n\t<meta name=\"twitter:data1\" content=\"1 minut\" \/>\n<script type=\"application\/ld+json\" class=\"yoast-schema-graph\">{\"@context\":\"https:\\\/\\\/schema.org\",\"@graph\":[{\"@type\":\"WebPage\",\"@id\":\"https:\\\/\\\/3-mmckopen.nl\\\/3mmc-kopen\\\/shop\\\/sexshop\\\/erotische-cremes-gels\\\/2seduce-female-tighten-gel\\\/\",\"url\":\"https:\\\/\\\/3-mmckopen.nl\\\/3mmc-kopen\\\/shop\\\/sexshop\\\/erotische-cremes-gels\\\/2seduce-female-tighten-gel\\\/\",\"name\":\"2Seduce Female Tighten Gel Kopen? - Op=Op- 3MMC kopen\",\"isPartOf\":{\"@id\":\"https:\\\/\\\/3-mmckopen.nl\\\/#website\"},\"primaryImageOfPage\":{\"@id\":\"https:\\\/\\\/3-mmckopen.nl\\\/3mmc-kopen\\\/shop\\\/sexshop\\\/erotische-cremes-gels\\\/2seduce-female-tighten-gel\\\/#primaryimage\"},\"image\":{\"@id\":\"https:\\\/\\\/3-mmckopen.nl\\\/3mmc-kopen\\\/shop\\\/sexshop\\\/erotische-cremes-gels\\\/2seduce-female-tighten-gel\\\/#primaryimage\"},\"thumbnailUrl\":\"https:\\\/\\\/3-mmckopen.nl\\\/wp-content\\\/uploads\\\/2022\\\/01\\\/40074-600x600-1.jpg\",\"datePublished\":\"2022-01-30T16:52:15+00:00\",\"dateModified\":\"2025-07-21T11:36:07+00:00\",\"description\":\"Bij 3MMC kopen kun je gemakkelijk en snel 2Seduce Female Tighten Gel bestellen en morgen al onderzoeken! Voor 17:00 besteld is vandaag al verzonden. Wees er snel bij.\",\"breadcrumb\":{\"@id\":\"https:\\\/\\\/3-mmckopen.nl\\\/3mmc-kopen\\\/shop\\\/sexshop\\\/erotische-cremes-gels\\\/2seduce-female-tighten-gel\\\/#breadcrumb\"},\"inLanguage\":\"ro-RO\",\"potentialAction\":[{\"@type\":\"ReadAction\",\"target\":[\"https:\\\/\\\/3-mmckopen.nl\\\/3mmc-kopen\\\/shop\\\/sexshop\\\/erotische-cremes-gels\\\/2seduce-female-tighten-gel\\\/\"]}]},{\"@type\":\"ImageObject\",\"inLanguage\":\"ro-RO\",\"@id\":\"https:\\\/\\\/3-mmckopen.nl\\\/3mmc-kopen\\\/shop\\\/sexshop\\\/erotische-cremes-gels\\\/2seduce-female-tighten-gel\\\/#primaryimage\",\"url\":\"https:\\\/\\\/3-mmckopen.nl\\\/wp-content\\\/uploads\\\/2022\\\/01\\\/40074-600x600-1.jpg\",\"contentUrl\":\"https:\\\/\\\/3-mmckopen.nl\\\/wp-content\\\/uploads\\\/2022\\\/01\\\/40074-600x600-1.jpg\",\"width\":600,\"height\":600},{\"@type\":\"BreadcrumbList\",\"@id\":\"https:\\\/\\\/3-mmckopen.nl\\\/3mmc-kopen\\\/shop\\\/sexshop\\\/erotische-cremes-gels\\\/2seduce-female-tighten-gel\\\/#breadcrumb\",\"itemListElement\":[{\"@type\":\"ListItem\",\"position\":1,\"name\":\"Home\",\"item\":\"https:\\\/\\\/3-mmckopen.nl\\\/\"},{\"@type\":\"ListItem\",\"position\":2,\"name\":\"Winkel\",\"item\":\"https:\\\/\\\/3-mmckopen.nl\\\/winkel\\\/\"},{\"@type\":\"ListItem\",\"position\":3,\"name\":\"2Seduce Female Tighten Gel\"}]},{\"@type\":\"WebSite\",\"@id\":\"https:\\\/\\\/3-mmckopen.nl\\\/#website\",\"url\":\"https:\\\/\\\/3-mmckopen.nl\\\/\",\"name\":\"3MMC kopen\",\"description\":\"VOOR ALLE THUIS CHEMISI EN ONDERZOEKERS ONDER ONS\",\"publisher\":{\"@id\":\"https:\\\/\\\/3-mmckopen.nl\\\/#organization\"},\"potentialAction\":[{\"@type\":\"SearchAction\",\"target\":{\"@type\":\"EntryPoint\",\"urlTemplate\":\"https:\\\/\\\/3-mmckopen.nl\\\/?s={search_term_string}\"},\"query-input\":{\"@type\":\"PropertyValueSpecification\",\"valueRequired\":true,\"valueName\":\"search_term_string\"}}],\"inLanguage\":\"ro-RO\"},{\"@type\":\"Organization\",\"@id\":\"https:\\\/\\\/3-mmckopen.nl\\\/#organization\",\"name\":\"3mmc kopen\",\"url\":\"https:\\\/\\\/3-mmckopen.nl\\\/\",\"logo\":{\"@type\":\"ImageObject\",\"inLanguage\":\"ro-RO\",\"@id\":\"https:\\\/\\\/3-mmckopen.nl\\\/#\\\/schema\\\/logo\\\/image\\\/\",\"url\":\"https:\\\/\\\/3-mmckopen.nl\\\/wp-content\\\/uploads\\\/2024\\\/03\\\/3mmckopennl.webp\",\"contentUrl\":\"https:\\\/\\\/3-mmckopen.nl\\\/wp-content\\\/uploads\\\/2024\\\/03\\\/3mmckopennl.webp\",\"width\":300,\"height\":118,\"caption\":\"3mmc kopen\"},\"image\":{\"@id\":\"https:\\\/\\\/3-mmckopen.nl\\\/#\\\/schema\\\/logo\\\/image\\\/\"},\"sameAs\":[\"https:\\\/\\\/www.instagram.com\\\/dehuisprofessor\\\/\",\"https:\\\/\\\/nl.pinterest.com\\\/dehuisprofessor\\\/\",\"https:\\\/\\\/www.youtube.com\\\/channel\\\/UCsGzCVJiHsWLILEEHDzCNqA\"]}]}<\/script>\n<!-- \/ Yoast SEO plugin. -->","yoast_head_json":{"title":"2Seduce Female Tighten Gel Kopen? - Op=Op- 3MMC kopen","description":"Bij 3MMC kopen kun je gemakkelijk en snel 2Seduce Female Tighten Gel bestellen en morgen al onderzoeken! Voor 17:00 besteld is vandaag al verzonden. Wees er snel bij.","robots":{"index":"index","follow":"follow","max-snippet":"max-snippet:-1","max-image-preview":"max-image-preview:large","max-video-preview":"max-video-preview:-1"},"canonical":"https:\/\/3-mmckopen.nl\/ro\/3mmc-kopen\/shop\/sexshop\/erotische-cremes-gels\/2seduce-female-tighten-gel\/","og_locale":"ro_RO","og_type":"article","og_title":"2Seduce Female Tighten Gel Kopen? - Op=Op- 3MMC kopen","og_description":"Bij 3MMC kopen kun je gemakkelijk en snel 2Seduce Female Tighten Gel bestellen en morgen al onderzoeken! Voor 17:00 besteld is vandaag al verzonden. Wees er snel bij.","og_url":"https:\/\/3-mmckopen.nl\/ro\/3mmc-kopen\/shop\/sexshop\/erotische-cremes-gels\/2seduce-female-tighten-gel\/","og_site_name":"3MMC kopen","article_modified_time":"2025-07-21T11:36:07+00:00","og_image":[{"width":600,"height":600,"url":"https:\/\/3-mmckopen.nl\/wp-content\/uploads\/2022\/01\/40074-600x600-1.jpg","type":"image\/jpeg"}],"twitter_card":"summary_large_image","twitter_misc":{"Timp estimat pentru citire":"1 minut"},"schema":{"@context":"https:\/\/schema.org","@graph":[{"@type":"WebPage","@id":"https:\/\/3-mmckopen.nl\/3mmc-kopen\/shop\/sexshop\/erotische-cremes-gels\/2seduce-female-tighten-gel\/","url":"https:\/\/3-mmckopen.nl\/3mmc-kopen\/shop\/sexshop\/erotische-cremes-gels\/2seduce-female-tighten-gel\/","name":"2Seduce Female Tighten Gel Kopen? - Op=Op- 3MMC kopen","isPartOf":{"@id":"https:\/\/3-mmckopen.nl\/#website"},"primaryImageOfPage":{"@id":"https:\/\/3-mmckopen.nl\/3mmc-kopen\/shop\/sexshop\/erotische-cremes-gels\/2seduce-female-tighten-gel\/#primaryimage"},"image":{"@id":"https:\/\/3-mmckopen.nl\/3mmc-kopen\/shop\/sexshop\/erotische-cremes-gels\/2seduce-female-tighten-gel\/#primaryimage"},"thumbnailUrl":"https:\/\/3-mmckopen.nl\/wp-content\/uploads\/2022\/01\/40074-600x600-1.jpg","datePublished":"2022-01-30T16:52:15+00:00","dateModified":"2025-07-21T11:36:07+00:00","description":"Bij 3MMC kopen kun je gemakkelijk en snel 2Seduce Female Tighten Gel bestellen en morgen al onderzoeken! Voor 17:00 besteld is vandaag al verzonden. Wees er snel bij.","breadcrumb":{"@id":"https:\/\/3-mmckopen.nl\/3mmc-kopen\/shop\/sexshop\/erotische-cremes-gels\/2seduce-female-tighten-gel\/#breadcrumb"},"inLanguage":"ro-RO","potentialAction":[{"@type":"ReadAction","target":["https:\/\/3-mmckopen.nl\/3mmc-kopen\/shop\/sexshop\/erotische-cremes-gels\/2seduce-female-tighten-gel\/"]}]},{"@type":"ImageObject","inLanguage":"ro-RO","@id":"https:\/\/3-mmckopen.nl\/3mmc-kopen\/shop\/sexshop\/erotische-cremes-gels\/2seduce-female-tighten-gel\/#primaryimage","url":"https:\/\/3-mmckopen.nl\/wp-content\/uploads\/2022\/01\/40074-600x600-1.jpg","contentUrl":"https:\/\/3-mmckopen.nl\/wp-content\/uploads\/2022\/01\/40074-600x600-1.jpg","width":600,"height":600},{"@type":"BreadcrumbList","@id":"https:\/\/3-mmckopen.nl\/3mmc-kopen\/shop\/sexshop\/erotische-cremes-gels\/2seduce-female-tighten-gel\/#breadcrumb","itemListElement":[{"@type":"ListItem","position":1,"name":"Home","item":"https:\/\/3-mmckopen.nl\/"},{"@type":"ListItem","position":2,"name":"Winkel","item":"https:\/\/3-mmckopen.nl\/winkel\/"},{"@type":"ListItem","position":3,"name":"2Seduce Female Tighten Gel"}]},{"@type":"WebSite","@id":"https:\/\/3-mmckopen.nl\/#website","url":"https:\/\/3-mmckopen.nl\/","name":"cumpara 3MMC","description":"VOOR ALLE THUIS CHEMISI EN ONDERZOEKERS ONDER ONS","publisher":{"@id":"https:\/\/3-mmckopen.nl\/#organization"},"potentialAction":[{"@type":"SearchAction","target":{"@type":"EntryPoint","urlTemplate":"https:\/\/3-mmckopen.nl\/?s={search_term_string}"},"query-input":{"@type":"PropertyValueSpecification","valueRequired":true,"valueName":"search_term_string"}}],"inLanguage":"ro-RO"},{"@type":"Organization","@id":"https:\/\/3-mmckopen.nl\/#organization","name":"3mmc kopen","url":"https:\/\/3-mmckopen.nl\/","logo":{"@type":"ImageObject","inLanguage":"ro-RO","@id":"https:\/\/3-mmckopen.nl\/#\/schema\/logo\/image\/","url":"https:\/\/3-mmckopen.nl\/wp-content\/uploads\/2024\/03\/3mmckopennl.webp","contentUrl":"https:\/\/3-mmckopen.nl\/wp-content\/uploads\/2024\/03\/3mmckopennl.webp","width":300,"height":118,"caption":"3mmc kopen"},"image":{"@id":"https:\/\/3-mmckopen.nl\/#\/schema\/logo\/image\/"},"sameAs":["https:\/\/www.instagram.com\/dehuisprofessor\/","https:\/\/nl.pinterest.com\/dehuisprofessor\/","https:\/\/www.youtube.com\/channel\/UCsGzCVJiHsWLILEEHDzCNqA"]}]}},"_links":{"self":[{"href":"https:\/\/3-mmckopen.nl\/ro\/wp-json\/wp\/v2\/product\/13053","targetHints":{"allow":["GET"]}}],"collection":[{"href":"https:\/\/3-mmckopen.nl\/ro\/wp-json\/wp\/v2\/product"}],"about":[{"href":"https:\/\/3-mmckopen.nl\/ro\/wp-json\/wp\/v2\/types\/product"}],"replies":[{"embeddable":true,"href":"https:\/\/3-mmckopen.nl\/ro\/wp-json\/wp\/v2\/comments?post=13053"}],"version-history":[{"count":0,"href":"https:\/\/3-mmckopen.nl\/ro\/wp-json\/wp\/v2\/product\/13053\/revisions"}],"wp:featuredmedia":[{"embeddable":true,"href":"https:\/\/3-mmckopen.nl\/ro\/wp-json\/wp\/v2\/media\/13111"}],"wp:attachment":[{"href":"https:\/\/3-mmckopen.nl\/ro\/wp-json\/wp\/v2\/media?parent=13053"}],"wp:term":[{"taxonomy":"product_brand","embeddable":true,"href":"https:\/\/3-mmckopen.nl\/ro\/wp-json\/wp\/v2\/product_brand?post=13053"},{"taxonomy":"product_cat","embeddable":true,"href":"https:\/\/3-mmckopen.nl\/ro\/wp-json\/wp\/v2\/product_cat?post=13053"},{"taxonomy":"product_tag","embeddable":true,"href":"https:\/\/3-mmckopen.nl\/ro\/wp-json\/wp\/v2\/product_tag?post=13053"}],"curies":[{"name":"wp","href":"https:\/\/api.w.org\/{rel}","templated":true}]}}