{"id":14136,"date":"2022-03-18T22:30:46","date_gmt":"2022-03-18T21:30:46","guid":{"rendered":"https:\/\/3-mmckopen.nl\/?post_type=product&#038;p=14136"},"modified":"2024-01-03T10:37:17","modified_gmt":"2024-01-03T09:37:17","slug":"volcano-hybrid-vaporizer","status":"publish","type":"product","link":"https:\/\/3-mmckopen.nl\/ro\/3mmc-kopen\/shop\/headshop\/vaporizers\/volcano-hybrid-vaporizer\/","title":{"rendered":"Vaporizator hibrid Volcano"},"content":{"rendered":"<h1>Cump\u0103ra\u021bi vaporizator hibrid Storz &amp; Bickel Volcano<\/h1>\n<p><strong>General:<\/strong><br \/>\nEvaporatorul VOLCANO de la STORZ &amp; BICKEL reprezint\u0103 calitate \u0219i func\u021bionalitate remarcabile, precum \u0219i inova\u021bie \u0219i design de prim\u0103 clas\u0103. De la introducerea liniei de produse VOLCANO, STORZ &amp; BICKEL a dezvoltat \u0219i modernizat continuu cel mai important vaporizator de mas\u0103 din lume. Acum STORZ &amp; BICKEL prezint\u0103 cu m\u00e2ndrie cea mai recent\u0103 edi\u021bie: VOLCANO HYBRID! Noul VOLCANO HYBRID nu se caracterizeaz\u0103 doar prin gestionarea optimizat\u0103 a fluxului de aer \u0219i timpi mai rapidi de \u00eenc\u0103lzire. Dar \u0219i datorit\u0103 unui sistem modern de dubl\u0103 inhalare \u0219i control al aplica\u021biei cu conexiune Bluetooth.<\/p>\n<p><strong>UN DISPOZIT, DOU\u0102 SISTEME.<\/strong><br \/>\nNoul VOLCANO HYBRID pune cap\u0103t tuturor discu\u021biilor despre vaporizatorul perfect. Indiferent dac\u0103 prefera\u021bi balonul sau tubul, VOLCANO HYBRID impresioneaz\u0103 prin designul s\u0103u de prim\u0103 clas\u0103, func\u021biile impresionante \u0219i calitatea unic\u0103 pe care o a\u0219tepta\u021bi de la STORZ &amp; BICKEL.<\/p>\n<p>Atingere de clas\u0103.<br \/>\nUn vaporizator de desktop bun ar trebui s\u0103 fie, de asemenea, u\u0219or de utilizat. De aceea, VOLCANO HYBRID are \u0219i un afi\u0219aj sofisticat cu taste tactile integrate. Seta\u021bi temperatura, activa\u021bi pompa de aer - experien\u021ba dvs. personal\u0103 cu vaporizatorul este la doar o atingere distan\u021b\u0103.<\/p>\n<p><strong>CALDURA ESTE<\/strong>\u00a0<strong>LA.<\/strong><br \/>\nAducerea la temperatur\u0103 a VOLCANULUI nu a fost niciodat\u0103 at\u00e2t de rapid\u0103. Echipat cu un schimb\u0103tor de c\u0103ldur\u0103 \u00eembun\u0103t\u0103\u021bit, VOLCANO HYBRID este gata de utilizare \u00een 40 de secunde.<\/p>\n<p><strong>DENUMIT HIBRID DIN UN MOTIV.<\/strong><br \/>\nRespira\u021bi diferen\u021ba \u2013 \u00eentr-un mod cu totul nou: cu unitatea sa de furtun mobil\u0103 liber, VOLCANO HYBRID ofer\u0103 o a doua metod\u0103 de aplicare. Inhala\u021bi vaporii r\u0103ci\u021bi direct din surs\u0103, practic f\u0103r\u0103 rezisten\u021b\u0103 la curent.<\/p>\n<p><strong>APLICA\u021aIA BLUETOOTH.<\/strong><br \/>\nNoul Vulcan este integrat cu aplica\u021bia Storz &amp; Bickel care extinde posibilit\u0103\u021bile vaporizatorului. Acesta este disponibil pentru Android \u0219i iOS. Acest lucru ofer\u0103 tuturor controlul asupra procesului de \u00eenc\u0103lzire \u0219i mai mult:<br \/>\n\u2022 Reglarea set\u0103rilor<br \/>\n\u2022 Actualiz\u0103ri de firmware<br \/>\n\u2022 Personaliza\u021bi oprirea automat\u0103<br \/>\n\u2022 Activa\u021bi\/dezactiva\u021bi vibra\u021bia<br \/>\n\u2022 Seta\u021bi luminozitatea LED-urilor<br \/>\n\u2022 Crea\u021bi fluxuri de lucru<br \/>\n\u2022 Salva\u021bi numerele de serie<\/p>\n<p><strong>Pachetul include:<\/strong><br \/>\n\u2013 1x generator de aer cald Volcano Hybrid<br \/>\n\u2013 1x cablu de alimentare<br \/>\n\u2013 3x balon Easy Valve cu mu\u0219tiuc<br \/>\n\u2013 1x balon Easy Valve cu adaptor<br \/>\n\u2013 1x sistem de tuburi<br \/>\n\u2013 1x camer\u0103 de umplere<br \/>\n\u2013 1x inel pentru capac<br \/>\n\u2013 1x Tifon set normal (aprox. \u00d8 30 mm)<br \/>\n\u2013 1x tampon de picurare (aprox. \u00d8 28 x 4 mm)<br \/>\n\u2013 1x perie de cur\u0103\u021bare<br \/>\n\u2013 1x set de filtru de aer<br \/>\n\u2013 1x r\u00e2\u0219ni\u021b\u0103 (aprox. \u00d8 55 mm)<br \/>\n- 1x Manual<\/p>","protected":false},"excerpt":{"rendered":"<p>Termen de livrare 2-5 zile lucratoare<\/p>","protected":false},"featured_media":14189,"comment_status":"closed","ping_status":"closed","template":"","meta":{"site-sidebar-layout":"default","site-content-layout":"default","ast-site-content-layout":"default","site-content-style":"default","site-sidebar-style":"default","ast-global-header-display":"","ast-banner-title-visibility":"","ast-main-header-display":"","ast-hfb-above-header-display":"","ast-hfb-below-header-display":"","ast-hfb-mobile-header-display":"","site-post-title":"","ast-breadcrumbs-content":"","ast-featured-img":"","footer-sml-layout":"","theme-transparent-header-meta":"default","adv-header-id-meta":"","stick-header-meta":"","header-above-stick-meta":"","header-main-stick-meta":"","header-below-stick-meta":"","astra-migrate-meta-layouts":"default","ast-page-background-enabled":"default","ast-page-background-meta":{"desktop":{"background-color":"","background-image":"","background-repeat":"repeat","background-position":"center center","background-size":"auto","background-attachment":"scroll","background-type":"","background-media":"","overlay-type":"","overlay-color":"","overlay-opacity":"","overlay-gradient":""},"tablet":{"background-color":"","background-image":"","background-repeat":"repeat","background-position":"center center","background-size":"auto","background-attachment":"scroll","background-type":"","background-media":"","overlay-type":"","overlay-color":"","overlay-opacity":"","overlay-gradient":""},"mobile":{"background-color":"","background-image":"","background-repeat":"repeat","background-position":"center center","background-size":"auto","background-attachment":"scroll","background-type":"","background-media":"","overlay-type":"","overlay-color":"","overlay-opacity":"","overlay-gradient":""}},"ast-content-background-meta":{"desktop":{"background-color":"var(--ast-global-color-5)","background-image":"","background-repeat":"repeat","background-position":"center center","background-size":"auto","background-attachment":"scroll","background-type":"","background-media":"","overlay-type":"","overlay-color":"","overlay-opacity":"","overlay-gradient":""},"tablet":{"background-color":"var(--ast-global-color-5)","background-image":"","background-repeat":"repeat","background-position":"center center","background-size":"auto","background-attachment":"scroll","background-type":"","background-media":"","overlay-type":"","overlay-color":"","overlay-opacity":"","overlay-gradient":""},"mobile":{"background-color":"var(--ast-global-color-5)","background-image":"","background-repeat":"repeat","background-position":"center center","background-size":"auto","background-attachment":"scroll","background-type":"","background-media":"","overlay-type":"","overlay-color":"","overlay-opacity":"","overlay-gradient":""}}},"product_brand":[],"product_cat":[20328,20373],"product_tag":[20371,20374,20375],"class_list":{"0":"post-14136","1":"product","2":"type-product","3":"status-publish","4":"has-post-thumbnail","6":"product_cat-headshop","7":"product_cat-vaporizers","8":"product_tag-smokeshop","9":"product_tag-vapeshop","10":"product_tag-vaporizer","11":"desktop-align-center","12":"tablet-align-center","13":"mobile-align-center","15":"first","16":"outofstock","17":"sale","18":"shipping-taxable","19":"purchasable","20":"product-type-simple"},"yoast_head":"<!-- This site is optimized with the Yoast SEO plugin v27.4 - https:\/\/yoast.com\/product\/yoast-seo-wordpress\/ -->\n<title>Volcano Hybrid Vaporizer Kopen? - Op=Op- 3MMC kopen<\/title>\n<meta name=\"description\" content=\"Bij 3MMC kopen kun je gemakkelijk en snel Volcano Hybrid Vaporizer bestellen en morgen al onderzoeken! Voor 17:00 besteld is vandaag al verzonden. Wees er snel bij.\" \/>\n<meta name=\"robots\" content=\"index, follow, max-snippet:-1, max-image-preview:large, max-video-preview:-1\" \/>\n<link rel=\"canonical\" href=\"https:\/\/3-mmckopen.nl\/ro\/3mmc-kopen\/shop\/headshop\/vaporizers\/volcano-hybrid-vaporizer\/\" \/>\n<meta property=\"og:locale\" content=\"ro_RO\" \/>\n<meta property=\"og:type\" content=\"article\" \/>\n<meta property=\"og:title\" content=\"Volcano Hybrid Vaporizer Kopen? - Op=Op- 3MMC kopen\" \/>\n<meta property=\"og:description\" content=\"Bij 3MMC kopen kun je gemakkelijk en snel Volcano Hybrid Vaporizer bestellen en morgen al onderzoeken! Voor 17:00 besteld is vandaag al verzonden. Wees er snel bij.\" \/>\n<meta property=\"og:url\" content=\"https:\/\/3-mmckopen.nl\/ro\/3mmc-kopen\/shop\/headshop\/vaporizers\/volcano-hybrid-vaporizer\/\" \/>\n<meta property=\"og:site_name\" content=\"3MMC kopen\" \/>\n<meta property=\"article:modified_time\" content=\"2024-01-03T09:37:17+00:00\" \/>\n<meta property=\"og:image\" content=\"https:\/\/3-mmckopen.nl\/wp-content\/uploads\/2022\/03\/VOLCANO-HYBRID-6-600x600-1.png\" \/>\n\t<meta property=\"og:image:width\" content=\"600\" \/>\n\t<meta property=\"og:image:height\" content=\"600\" \/>\n\t<meta property=\"og:image:type\" content=\"image\/png\" \/>\n<meta name=\"twitter:card\" content=\"summary_large_image\" \/>\n<meta name=\"twitter:label1\" content=\"Timp estimat pentru citire\" \/>\n\t<meta name=\"twitter:data1\" content=\"2 minute\" \/>\n<script type=\"application\/ld+json\" class=\"yoast-schema-graph\">{\"@context\":\"https:\\\/\\\/schema.org\",\"@graph\":[{\"@type\":\"WebPage\",\"@id\":\"https:\\\/\\\/3-mmckopen.nl\\\/pl\\\/3mmc-kopen\\\/shop\\\/headshop\\\/vaporizers\\\/volcano-hybrid-vaporizer\\\/\",\"url\":\"https:\\\/\\\/3-mmckopen.nl\\\/pl\\\/3mmc-kopen\\\/shop\\\/headshop\\\/vaporizers\\\/volcano-hybrid-vaporizer\\\/\",\"name\":\"Volcano Hybrid Vaporizer Kopen? - Op=Op- 3MMC kopen\",\"isPartOf\":{\"@id\":\"https:\\\/\\\/3-mmckopen.nl\\\/#website\"},\"primaryImageOfPage\":{\"@id\":\"https:\\\/\\\/3-mmckopen.nl\\\/pl\\\/3mmc-kopen\\\/shop\\\/headshop\\\/vaporizers\\\/volcano-hybrid-vaporizer\\\/#primaryimage\"},\"image\":{\"@id\":\"https:\\\/\\\/3-mmckopen.nl\\\/pl\\\/3mmc-kopen\\\/shop\\\/headshop\\\/vaporizers\\\/volcano-hybrid-vaporizer\\\/#primaryimage\"},\"thumbnailUrl\":\"https:\\\/\\\/3-mmckopen.nl\\\/wp-content\\\/uploads\\\/2022\\\/03\\\/VOLCANO-HYBRID-6-600x600-1.png\",\"datePublished\":\"2022-03-18T21:30:46+00:00\",\"dateModified\":\"2024-01-03T09:37:17+00:00\",\"description\":\"Bij 3MMC kopen kun je gemakkelijk en snel Volcano Hybrid Vaporizer bestellen en morgen al onderzoeken! Voor 17:00 besteld is vandaag al verzonden. Wees er snel bij.\",\"breadcrumb\":{\"@id\":\"https:\\\/\\\/3-mmckopen.nl\\\/pl\\\/3mmc-kopen\\\/shop\\\/headshop\\\/vaporizers\\\/volcano-hybrid-vaporizer\\\/#breadcrumb\"},\"inLanguage\":\"ro-RO\",\"potentialAction\":[{\"@type\":\"ReadAction\",\"target\":[\"https:\\\/\\\/3-mmckopen.nl\\\/pl\\\/3mmc-kopen\\\/shop\\\/headshop\\\/vaporizers\\\/volcano-hybrid-vaporizer\\\/\"]}]},{\"@type\":\"ImageObject\",\"inLanguage\":\"ro-RO\",\"@id\":\"https:\\\/\\\/3-mmckopen.nl\\\/pl\\\/3mmc-kopen\\\/shop\\\/headshop\\\/vaporizers\\\/volcano-hybrid-vaporizer\\\/#primaryimage\",\"url\":\"https:\\\/\\\/3-mmckopen.nl\\\/wp-content\\\/uploads\\\/2022\\\/03\\\/VOLCANO-HYBRID-6-600x600-1.png\",\"contentUrl\":\"https:\\\/\\\/3-mmckopen.nl\\\/wp-content\\\/uploads\\\/2022\\\/03\\\/VOLCANO-HYBRID-6-600x600-1.png\",\"width\":600,\"height\":600},{\"@type\":\"BreadcrumbList\",\"@id\":\"https:\\\/\\\/3-mmckopen.nl\\\/pl\\\/3mmc-kopen\\\/shop\\\/headshop\\\/vaporizers\\\/volcano-hybrid-vaporizer\\\/#breadcrumb\",\"itemListElement\":[{\"@type\":\"ListItem\",\"position\":1,\"name\":\"Home\",\"item\":\"https:\\\/\\\/3-mmckopen.nl\\\/\"},{\"@type\":\"ListItem\",\"position\":2,\"name\":\"Winkel\",\"item\":\"https:\\\/\\\/3-mmckopen.nl\\\/winkel\\\/\"},{\"@type\":\"ListItem\",\"position\":3,\"name\":\"Volcano Hybrid Vaporizer\"}]},{\"@type\":\"WebSite\",\"@id\":\"https:\\\/\\\/3-mmckopen.nl\\\/#website\",\"url\":\"https:\\\/\\\/3-mmckopen.nl\\\/\",\"name\":\"3MMC kopen\",\"description\":\"VOOR ALLE THUIS CHEMISI EN ONDERZOEKERS ONDER ONS\",\"publisher\":{\"@id\":\"https:\\\/\\\/3-mmckopen.nl\\\/#organization\"},\"potentialAction\":[{\"@type\":\"SearchAction\",\"target\":{\"@type\":\"EntryPoint\",\"urlTemplate\":\"https:\\\/\\\/3-mmckopen.nl\\\/?s={search_term_string}\"},\"query-input\":{\"@type\":\"PropertyValueSpecification\",\"valueRequired\":true,\"valueName\":\"search_term_string\"}}],\"inLanguage\":\"ro-RO\"},{\"@type\":\"Organization\",\"@id\":\"https:\\\/\\\/3-mmckopen.nl\\\/#organization\",\"name\":\"3mmc kopen\",\"url\":\"https:\\\/\\\/3-mmckopen.nl\\\/\",\"logo\":{\"@type\":\"ImageObject\",\"inLanguage\":\"ro-RO\",\"@id\":\"https:\\\/\\\/3-mmckopen.nl\\\/#\\\/schema\\\/logo\\\/image\\\/\",\"url\":\"https:\\\/\\\/3-mmckopen.nl\\\/wp-content\\\/uploads\\\/2024\\\/03\\\/3mmckopennl.webp\",\"contentUrl\":\"https:\\\/\\\/3-mmckopen.nl\\\/wp-content\\\/uploads\\\/2024\\\/03\\\/3mmckopennl.webp\",\"width\":300,\"height\":118,\"caption\":\"3mmc kopen\"},\"image\":{\"@id\":\"https:\\\/\\\/3-mmckopen.nl\\\/#\\\/schema\\\/logo\\\/image\\\/\"},\"sameAs\":[\"https:\\\/\\\/www.instagram.com\\\/dehuisprofessor\\\/\",\"https:\\\/\\\/nl.pinterest.com\\\/dehuisprofessor\\\/\",\"https:\\\/\\\/www.youtube.com\\\/channel\\\/UCsGzCVJiHsWLILEEHDzCNqA\"]}]}<\/script>\n<!-- \/ Yoast SEO plugin. -->","yoast_head_json":{"title":"Volcano Hybrid Vaporizer Kopen? - Op=Op- 3MMC kopen","description":"Bij 3MMC kopen kun je gemakkelijk en snel Volcano Hybrid Vaporizer bestellen en morgen al onderzoeken! Voor 17:00 besteld is vandaag al verzonden. Wees er snel bij.","robots":{"index":"index","follow":"follow","max-snippet":"max-snippet:-1","max-image-preview":"max-image-preview:large","max-video-preview":"max-video-preview:-1"},"canonical":"https:\/\/3-mmckopen.nl\/ro\/3mmc-kopen\/shop\/headshop\/vaporizers\/volcano-hybrid-vaporizer\/","og_locale":"ro_RO","og_type":"article","og_title":"Volcano Hybrid Vaporizer Kopen? - Op=Op- 3MMC kopen","og_description":"Bij 3MMC kopen kun je gemakkelijk en snel Volcano Hybrid Vaporizer bestellen en morgen al onderzoeken! Voor 17:00 besteld is vandaag al verzonden. Wees er snel bij.","og_url":"https:\/\/3-mmckopen.nl\/ro\/3mmc-kopen\/shop\/headshop\/vaporizers\/volcano-hybrid-vaporizer\/","og_site_name":"3MMC kopen","article_modified_time":"2024-01-03T09:37:17+00:00","og_image":[{"width":600,"height":600,"url":"https:\/\/3-mmckopen.nl\/wp-content\/uploads\/2022\/03\/VOLCANO-HYBRID-6-600x600-1.png","type":"image\/png"}],"twitter_card":"summary_large_image","twitter_misc":{"Timp estimat pentru citire":"2 minute"},"schema":{"@context":"https:\/\/schema.org","@graph":[{"@type":"WebPage","@id":"https:\/\/3-mmckopen.nl\/pl\/3mmc-kopen\/shop\/headshop\/vaporizers\/volcano-hybrid-vaporizer\/","url":"https:\/\/3-mmckopen.nl\/pl\/3mmc-kopen\/shop\/headshop\/vaporizers\/volcano-hybrid-vaporizer\/","name":"Volcano Hybrid Vaporizer Kopen? - Op=Op- 3MMC kopen","isPartOf":{"@id":"https:\/\/3-mmckopen.nl\/#website"},"primaryImageOfPage":{"@id":"https:\/\/3-mmckopen.nl\/pl\/3mmc-kopen\/shop\/headshop\/vaporizers\/volcano-hybrid-vaporizer\/#primaryimage"},"image":{"@id":"https:\/\/3-mmckopen.nl\/pl\/3mmc-kopen\/shop\/headshop\/vaporizers\/volcano-hybrid-vaporizer\/#primaryimage"},"thumbnailUrl":"https:\/\/3-mmckopen.nl\/wp-content\/uploads\/2022\/03\/VOLCANO-HYBRID-6-600x600-1.png","datePublished":"2022-03-18T21:30:46+00:00","dateModified":"2024-01-03T09:37:17+00:00","description":"Bij 3MMC kopen kun je gemakkelijk en snel Volcano Hybrid Vaporizer bestellen en morgen al onderzoeken! Voor 17:00 besteld is vandaag al verzonden. Wees er snel bij.","breadcrumb":{"@id":"https:\/\/3-mmckopen.nl\/pl\/3mmc-kopen\/shop\/headshop\/vaporizers\/volcano-hybrid-vaporizer\/#breadcrumb"},"inLanguage":"ro-RO","potentialAction":[{"@type":"ReadAction","target":["https:\/\/3-mmckopen.nl\/pl\/3mmc-kopen\/shop\/headshop\/vaporizers\/volcano-hybrid-vaporizer\/"]}]},{"@type":"ImageObject","inLanguage":"ro-RO","@id":"https:\/\/3-mmckopen.nl\/pl\/3mmc-kopen\/shop\/headshop\/vaporizers\/volcano-hybrid-vaporizer\/#primaryimage","url":"https:\/\/3-mmckopen.nl\/wp-content\/uploads\/2022\/03\/VOLCANO-HYBRID-6-600x600-1.png","contentUrl":"https:\/\/3-mmckopen.nl\/wp-content\/uploads\/2022\/03\/VOLCANO-HYBRID-6-600x600-1.png","width":600,"height":600},{"@type":"BreadcrumbList","@id":"https:\/\/3-mmckopen.nl\/pl\/3mmc-kopen\/shop\/headshop\/vaporizers\/volcano-hybrid-vaporizer\/#breadcrumb","itemListElement":[{"@type":"ListItem","position":1,"name":"Home","item":"https:\/\/3-mmckopen.nl\/"},{"@type":"ListItem","position":2,"name":"Winkel","item":"https:\/\/3-mmckopen.nl\/winkel\/"},{"@type":"ListItem","position":3,"name":"Volcano Hybrid Vaporizer"}]},{"@type":"WebSite","@id":"https:\/\/3-mmckopen.nl\/#website","url":"https:\/\/3-mmckopen.nl\/","name":"cumpara 3MMC","description":"VOOR ALLE THUIS CHEMISI EN ONDERZOEKERS ONDER ONS","publisher":{"@id":"https:\/\/3-mmckopen.nl\/#organization"},"potentialAction":[{"@type":"SearchAction","target":{"@type":"EntryPoint","urlTemplate":"https:\/\/3-mmckopen.nl\/?s={search_term_string}"},"query-input":{"@type":"PropertyValueSpecification","valueRequired":true,"valueName":"search_term_string"}}],"inLanguage":"ro-RO"},{"@type":"Organization","@id":"https:\/\/3-mmckopen.nl\/#organization","name":"3mmc kopen","url":"https:\/\/3-mmckopen.nl\/","logo":{"@type":"ImageObject","inLanguage":"ro-RO","@id":"https:\/\/3-mmckopen.nl\/#\/schema\/logo\/image\/","url":"https:\/\/3-mmckopen.nl\/wp-content\/uploads\/2024\/03\/3mmckopennl.webp","contentUrl":"https:\/\/3-mmckopen.nl\/wp-content\/uploads\/2024\/03\/3mmckopennl.webp","width":300,"height":118,"caption":"3mmc kopen"},"image":{"@id":"https:\/\/3-mmckopen.nl\/#\/schema\/logo\/image\/"},"sameAs":["https:\/\/www.instagram.com\/dehuisprofessor\/","https:\/\/nl.pinterest.com\/dehuisprofessor\/","https:\/\/www.youtube.com\/channel\/UCsGzCVJiHsWLILEEHDzCNqA"]}]}},"_links":{"self":[{"href":"https:\/\/3-mmckopen.nl\/ro\/wp-json\/wp\/v2\/product\/14136","targetHints":{"allow":["GET"]}}],"collection":[{"href":"https:\/\/3-mmckopen.nl\/ro\/wp-json\/wp\/v2\/product"}],"about":[{"href":"https:\/\/3-mmckopen.nl\/ro\/wp-json\/wp\/v2\/types\/product"}],"replies":[{"embeddable":true,"href":"https:\/\/3-mmckopen.nl\/ro\/wp-json\/wp\/v2\/comments?post=14136"}],"version-history":[{"count":0,"href":"https:\/\/3-mmckopen.nl\/ro\/wp-json\/wp\/v2\/product\/14136\/revisions"}],"wp:featuredmedia":[{"embeddable":true,"href":"https:\/\/3-mmckopen.nl\/ro\/wp-json\/wp\/v2\/media\/14189"}],"wp:attachment":[{"href":"https:\/\/3-mmckopen.nl\/ro\/wp-json\/wp\/v2\/media?parent=14136"}],"wp:term":[{"taxonomy":"product_brand","embeddable":true,"href":"https:\/\/3-mmckopen.nl\/ro\/wp-json\/wp\/v2\/product_brand?post=14136"},{"taxonomy":"product_cat","embeddable":true,"href":"https:\/\/3-mmckopen.nl\/ro\/wp-json\/wp\/v2\/product_cat?post=14136"},{"taxonomy":"product_tag","embeddable":true,"href":"https:\/\/3-mmckopen.nl\/ro\/wp-json\/wp\/v2\/product_tag?post=14136"}],"curies":[{"name":"wp","href":"https:\/\/api.w.org\/{rel}","templated":true}]}}